


{"id":542,"date":"2015-06-06T13:01:30","date_gmt":"2015-06-06T11:01:30","guid":{"rendered":"http:\/\/multiblog.educacion.navarra.es\/jamorena\/?page_id=542"},"modified":"2020-03-06T18:38:23","modified_gmt":"2020-03-06T17:38:23","slug":"geometria","status":"publish","type":"page","link":"https:\/\/multiblog.educacion.navarra.es\/jamorena\/geometria\/","title":{"rendered":"Geometr\u00eda"},"content":{"rendered":"<p style=\"text-align: center\"><em>Este v\u00eddeo es el primero de una serie sobre <span style=\"color: #000000\"><strong>GEOMETR\u00cdA<\/strong><\/span>;<br \/><\/em><em>si quieres verlos todos, pincha&nbsp;<span style=\"color: #0000ff\"><a style=\"color: #0000ff\" href=\"https:\/\/www.youtube.com\/playlist?list=PLHbcBBQihvsknIpxFOb4Yw4CZC8jVbika\"><strong>AQU\u00cd<\/strong><\/a><\/span>:<\/em><\/p>\n\n\n<figure class=\"wp-block-embed-youtube wp-block-embed is-type-video is-provider-youtube wp-embed-aspect-16-9 wp-has-aspect-ratio\"><div class=\"wp-block-embed__wrapper\">\n<iframe loading=\"lazy\" title=\"Geometri\u0301a. Vector de posici\u00f3n de un punto\" width=\"750\" height=\"422\" src=\"https:\/\/www.youtube.com\/embed\/VBQjbv5ISWI?feature=oembed\" frameborder=\"0\" allow=\"accelerometer; autoplay; encrypted-media; gyroscope; picture-in-picture\" allowfullscreen><\/iframe>\n<\/div><\/figure>\n","protected":false},"excerpt":{"rendered":"<p>Este v\u00eddeo es el primero de una serie sobre GEOMETR\u00cdA;si quieres verlos todos, pincha&nbsp;AQU\u00cd:<\/p>\n","protected":false},"author":225,"featured_media":0,"parent":0,"menu_order":7,"comment_status":"open","ping_status":"open","template":"template-onecolumn.php","meta":[],"_links":{"self":[{"href":"https:\/\/multiblog.educacion.navarra.es\/jamorena\/wp-json\/wp\/v2\/pages\/542"}],"collection":[{"href":"https:\/\/multiblog.educacion.navarra.es\/jamorena\/wp-json\/wp\/v2\/pages"}],"about":[{"href":"https:\/\/multiblog.educacion.navarra.es\/jamorena\/wp-json\/wp\/v2\/types\/page"}],"author":[{"embeddable":true,"href":"https:\/\/multiblog.educacion.navarra.es\/jamorena\/wp-json\/wp\/v2\/users\/225"}],"replies":[{"embeddable":true,"href":"https:\/\/multiblog.educacion.navarra.es\/jamorena\/wp-json\/wp\/v2\/comments?post=542"}],"version-history":[{"count":0,"href":"https:\/\/multiblog.educacion.navarra.es\/jamorena\/wp-json\/wp\/v2\/pages\/542\/revisions"}],"wp:attachment":[{"href":"https:\/\/multiblog.educacion.navarra.es\/jamorena\/wp-json\/wp\/v2\/media?parent=542"}],"curies":[{"name":"wp","href":"https:\/\/api.w.org\/{rel}","templated":true}]}}