


{"id":505,"date":"2015-03-14T19:17:10","date_gmt":"2015-03-14T18:17:10","guid":{"rendered":"http:\/\/multiblog.educacion.navarra.es\/jamorena\/?page_id=505"},"modified":"2018-04-18T20:35:30","modified_gmt":"2018-04-18T18:35:30","slug":"sistemas-y-matrices","status":"publish","type":"page","link":"https:\/\/multiblog.educacion.navarra.es\/jamorena\/sistemas-y-matrices\/","title":{"rendered":"Sistemas y matrices"},"content":{"rendered":"<p>Se ha distribuido el contenido de esta parte del programa de Matem\u00e1ticas II en 15 lecciones, que es el tiempo que puede dedic\u00e1rsele, aproximadamente.<\/p>\n<p>LAS CINCO PRIMERAS LECCIONES LAS PUEDES VER EN V\u00cdDEO SI PINCHAS\u00a0<a href=\"https:\/\/youtu.be\/Aq08k38qz8c?list=PLHbcBBQihvsnE6mZmT8iuYx2lnP32skWs\">AQU\u00cd<\/a>.<\/p>\n<p>EL RESTO LO PUEDES VER SI PINCHAS\u00a0<a href=\"https:\/\/youtu.be\/mmjADAqR444?list=PLHbcBBQihvsnNh3r5MXJOwxlIcojpLXGj\">AQU\u00cd<\/a>.<\/p>\n<ul>\n<li>LECCI\u00d3N 1:\u00a0<a title=\"Sistemas de ecuaciones lineales\" href=\"http:\/\/multiblog.educacion.navarra.es\/jamorena\/files\/2016\/01\/Sistemas-de-ecuaciones-lineales.pdf\" target=\"_blank\" rel=\"noopener\">Sistemas de ecuaciones lineales<\/a><\/li>\n<li>LECCI\u00d3N 2:\u00a0<a title=\"Sistemas equivalentes\" href=\"http:\/\/multiblog.educacion.navarra.es\/jamorena\/files\/2016\/01\/Sistemas-equivalentes.pdf\" target=\"_blank\" rel=\"noopener\">Sistemas equivalentes<\/a><\/li>\n<li>LECCI\u00d3N 3:\u00a0<a title=\"El m\u00e9todo de Gauss\" href=\"http:\/\/multiblog.educacion.navarra.es\/jamorena\/files\/2016\/01\/El-m\u00e9todo-de-Gauss.pdf\" target=\"_blank\" rel=\"noopener\">El m\u00e9todo de Gauss<\/a><\/li>\n<li>LECCI\u00d3N 4:\u00a0<a title=\"Sistemas con par\u00e1metro\" href=\"http:\/\/multiblog.educacion.navarra.es\/jamorena\/files\/2016\/01\/Sistemas-con-par\u00e1metro.pdf\" target=\"_blank\" rel=\"noopener\">Sistemas con par\u00e1metro<\/a><\/li>\n<li>LECCI\u00d3N 5:\u00a0<a title=\"Eliminaci\u00f3n lineal de par\u00e1metros\" href=\"http:\/\/multiblog.educacion.navarra.es\/jamorena\/files\/2016\/01\/Eliminaci\u00f3n-lineal-de-par\u00e1metros.pdf\" target=\"_blank\" rel=\"noopener\">Eliminaci\u00f3n lineal de par\u00e1metros<\/a><\/li>\n<li>LECCI\u00d3N 6:\u00a0<a title=\"Matrices\" href=\"http:\/\/multiblog.educacion.navarra.es\/jamorena\/files\/2016\/01\/Matrices.pdf\" target=\"_blank\" rel=\"noopener\">Matrices<\/a><\/li>\n<li>LECCI\u00d3N 7:\u00a0<a title=\"Operaciones con matrices 1\" href=\"http:\/\/multiblog.educacion.navarra.es\/jamorena\/files\/2016\/01\/Operaciones-con-matrices-1.pdf\" target=\"_blank\" rel=\"noopener\">Operaciones con matrices 1<\/a><\/li>\n<li>LECCI\u00d3N 8: <a title=\"Operaciones con matrices 2\" href=\"http:\/\/multiblog.educacion.navarra.es\/jamorena\/files\/2016\/01\/Operaciones-con-matrices-2.pdf\" target=\"_blank\" rel=\"noopener\">Operaciones con matrices 2<\/a><\/li>\n<li>LECCI\u00d3N 9: <a title=\"Operaciones con matrices 3\" href=\"http:\/\/multiblog.educacion.navarra.es\/jamorena\/files\/2016\/01\/Operaciones-con-matrices-3.pdf\" target=\"_blank\" rel=\"noopener\">Operaciones con matrices 3<\/a><\/li>\n<li>LECCI\u00d3N 10:\u00a0<a title=\"Rango de una matriz\" href=\"http:\/\/multiblog.educacion.navarra.es\/jamorena\/files\/2016\/01\/Rango-de-una-matriz.pdf\" target=\"_blank\" rel=\"noopener\">Rango de una matriz<\/a><\/li>\n<li>LECCI\u00d3N 11:\u00a0<a title=\"Teorema de Rouch\u00e9-Fr\u00f6benius\" href=\"http:\/\/multiblog.educacion.navarra.es\/jamorena\/files\/2016\/01\/Teorema-de-Rouch\u00e9-Fr\u00f6benius.pdf\" target=\"_blank\" rel=\"noopener\">Teorema de Rouch\u00e9-Fr\u00f6benius<\/a><\/li>\n<li>LECCI\u00d3N 12:\u00a0<a title=\"El m\u00e9todo de Gauss-Jordan\" href=\"http:\/\/multiblog.educacion.navarra.es\/jamorena\/files\/2016\/02\/El-m\u00e9todo-de-Gauss-Jordan.pdf\" target=\"_blank\" rel=\"noopener\">El m\u00e9todo de Gauss-Jordan<\/a><\/li>\n<li>LECCI\u00d3N 13:\u00a0<a title=\"Trasposici\u00f3n de matrices\" href=\"http:\/\/multiblog.educacion.navarra.es\/jamorena\/files\/2016\/01\/Trasposici\u00f3n-de-matrices.pdf\" target=\"_blank\" rel=\"noopener\">Trasposici\u00f3n de matrices<\/a><\/li>\n<li>LECCI\u00d3N 14: <a title=\"La matriz inversa\" href=\"http:\/\/multiblog.educacion.navarra.es\/jamorena\/files\/2016\/01\/La-matriz-inversa.pdf\" target=\"_blank\" rel=\"noopener\">La matriz inversa<\/a><\/li>\n<li>LECCI\u00d3N 15: <a title=\"C\u00e1lculo de la matriz inversa\" href=\"http:\/\/multiblog.educacion.navarra.es\/jamorena\/files\/2016\/01\/C\u00e1lculo-de-la-matriz-inversa.pdf\" target=\"_blank\" rel=\"noopener\">C\u00e1lculo de la matriz inversa<\/a><\/li>\n<\/ul>\n","protected":false},"excerpt":{"rendered":"<p>Se ha distribuido el contenido de esta parte del programa de Matem\u00e1ticas II en 15 lecciones, que es el tiempo que puede dedic\u00e1rsele, aproximadamente. LAS CINCO PRIMERAS LECCIONES LAS PUEDES VER EN V\u00cdDEO SI PINCHAS\u00a0AQU\u00cd. EL RESTO LO PUEDES VER SI PINCHAS\u00a0AQU\u00cd. LECCI\u00d3N 1:\u00a0Sistemas de ecuaciones lineales LECCI\u00d3N 2:\u00a0Sistemas equivalentes LECCI\u00d3N 3:\u00a0El m\u00e9todo de Gauss &hellip; <\/p>\n<p><a class=\"more-link btn\" href=\"https:\/\/multiblog.educacion.navarra.es\/jamorena\/sistemas-y-matrices\/\">Continue reading<\/a><\/p>\n","protected":false},"author":225,"featured_media":0,"parent":0,"menu_order":5,"comment_status":"open","ping_status":"open","template":"template-onecolumn.php","meta":[],"_links":{"self":[{"href":"https:\/\/multiblog.educacion.navarra.es\/jamorena\/wp-json\/wp\/v2\/pages\/505"}],"collection":[{"href":"https:\/\/multiblog.educacion.navarra.es\/jamorena\/wp-json\/wp\/v2\/pages"}],"about":[{"href":"https:\/\/multiblog.educacion.navarra.es\/jamorena\/wp-json\/wp\/v2\/types\/page"}],"author":[{"embeddable":true,"href":"https:\/\/multiblog.educacion.navarra.es\/jamorena\/wp-json\/wp\/v2\/users\/225"}],"replies":[{"embeddable":true,"href":"https:\/\/multiblog.educacion.navarra.es\/jamorena\/wp-json\/wp\/v2\/comments?post=505"}],"version-history":[{"count":0,"href":"https:\/\/multiblog.educacion.navarra.es\/jamorena\/wp-json\/wp\/v2\/pages\/505\/revisions"}],"wp:attachment":[{"href":"https:\/\/multiblog.educacion.navarra.es\/jamorena\/wp-json\/wp\/v2\/media?parent=505"}],"curies":[{"name":"wp","href":"https:\/\/api.w.org\/{rel}","templated":true}]}}