


{"id":236,"date":"2014-02-13T19:59:16","date_gmt":"2014-02-13T18:59:16","guid":{"rendered":"http:\/\/multiblog.educacion.navarra.es\/jamorena\/?page_id=236"},"modified":"2016-10-23T17:38:40","modified_gmt":"2016-10-23T15:38:40","slug":"examenes","status":"publish","type":"page","link":"https:\/\/multiblog.educacion.navarra.es\/jamorena\/examenes\/","title":{"rendered":"Ex\u00e1menes"},"content":{"rendered":"<p>Aqu\u00ed tienes algunos \u00a0<strong>ex\u00e1menes resueltos<\/strong> (salvo la teor\u00eda) de Matem\u00e1ticas II.<\/p>\n<p>El sistema que se ha seguido es el siguiente: <strong>6<\/strong> ex\u00e1menes ordinarios, uno por cada parte en que se ha dividido la materia, <strong>3<\/strong> globales, que se refieren a lo visto desde el comienzo de curso (excepto la teor\u00eda) y <strong>1<\/strong> examen final (el de septiembre y ahora junio) que puede contener algo de teor\u00eda.<\/p>\n<p>El tiempo que requiere cada examen es de una hora, aunque siempre se programaron de manera que los alumnos que lo deseasen pudieran utilizar el recreo. Excepciones: el \u00faltimo ejercicio de Derivadas (estudio de una funci\u00f3n y su representaci\u00f3n gr\u00e1fica) que se hac\u00eda aparte; el tercer global que se hac\u00eda en dos d\u00edas distintos o en dos clases del mismo d\u00eda y el examen final, que ten\u00eda asignada hora y media de duraci\u00f3n.<\/p>\n<hr size=\"5\" width=\"400\" \/>\n<p style=\"text-align: center\">Pulsa en el examen que desees<\/p>\n<hr size=\"5\" width=\"400\" \/>\n<table border=\"4\" align=\"center\">\n<tbody>\n<tr align=\"center\">\n<td colspan=\"2\" rowspan=\"2\"><span style=\"color: #0000ff\"><strong>EX\u00c1MENES<br \/>\n<span style=\"font-size: xx-small\">R<\/span><span style=\"font-size: small\">E<\/span><span style=\"font-size: medium\">S<\/span><span style=\"font-size: large\">U<\/span><span style=\"font-size: x-large\">E<\/span><span style=\"font-size: large\">L<\/span><span style=\"font-size: medium\">T<\/span><span style=\"font-size: small\">O<\/span><span style=\"font-size: xx-small\">S<\/span><\/strong><\/span><\/td>\n<td colspan=\"8\" bgcolor=\"#dcdcdc\"><span style=\"color: #993366\"><strong>CURSOS<\/strong><\/span><\/td>\n<\/tr>\n<tr align=\"center\">\n<td bgcolor=\"#dcdcdc\"><span style=\"color: #993366\"><strong>2000-2001<\/strong><\/span><\/td>\n<td bgcolor=\"#dcdcdc\"><span style=\"color: #993366\"><strong>2001-2002<\/strong><\/span><\/td>\n<td bgcolor=\"#dcdcdc\"><span style=\"color: #993366\"><strong>2002-2003<\/strong><\/span><\/td>\n<td bgcolor=\"#dcdcdc\"><span style=\"color: #993366\"><strong>2004-2005<\/strong><\/span><\/td>\n<td bgcolor=\"#dcdcdc\"><span style=\"color: #993366\"><strong>2007-2008<\/strong><\/span><\/td>\n<td bgcolor=\"#dcdcdc\"><span style=\"color: #993366\"><strong>2008-2009<\/strong><\/span><\/td>\n<td bgcolor=\"#dcdcdc\"><span style=\"color: #993366\"><strong>2009-2010<\/strong><\/span><\/td>\n<td bgcolor=\"#dcdcdc\"><span style=\"color: #993366\"><strong>2010-2011<\/strong><\/span><\/td>\n<\/tr>\n<tr>\n<td rowspan=\"10\" bgcolor=\"#dcdcdc\"><strong><span style=\"color: #993366\">Ex\u00e1menes<\/span><\/strong><\/td>\n<td bgcolor=\"#dcdcdc\"><strong><span style=\"color: #993366\">L\u00edmites<\/span><\/strong><\/td>\n<td align=\"center\"><strong><a title=\"L-1\" href=\"http:\/\/multiblog.educacion.navarra.es\/jamorena\/files\/2014\/02\/L_2000-2001_.pdf\" target=\"_blank\">L-1<\/a><\/strong><\/td>\n<td align=\"center\"><strong><a title=\"L-2\" href=\"http:\/\/multiblog.educacion.navarra.es\/jamorena\/files\/2014\/02\/L_2001-2002_.pdf\" target=\"_blank\">L-2<\/a><\/strong><\/td>\n<td align=\"center\"><strong><a title=\"L-3\" href=\"http:\/\/multiblog.educacion.navarra.es\/jamorena\/files\/2014\/02\/L_2002-2003_.pdf\" target=\"_blank\">L-3<\/a><\/strong><\/td>\n<td align=\"center\"><strong><a title=\"L-4\" href=\"http:\/\/multiblog.educacion.navarra.es\/jamorena\/files\/2014\/02\/L_2004-2005_.pdf\" target=\"_blank\">L-4<\/a><\/strong><\/td>\n<td align=\"center\"><strong><a title=\"L-5\" href=\"http:\/\/multiblog.educacion.navarra.es\/jamorena\/files\/2014\/02\/L_2007-2008_.pdf\" target=\"_blank\">L-5<\/a><\/strong><\/td>\n<td align=\"center\"><strong><a title=\"L-6\" href=\"http:\/\/multiblog.educacion.navarra.es\/jamorena\/files\/2014\/02\/L_2008-2009_.pdf\" target=\"_blank\">L-6<\/a><\/strong><\/td>\n<td align=\"center\"><strong><a title=\"L-7\" href=\"http:\/\/multiblog.educacion.navarra.es\/jamorena\/files\/2014\/02\/L_2009-2010_.pdf\" target=\"_blank\">L-7<\/a><\/strong><\/td>\n<td align=\"center\"><strong><a title=\"L-8\" href=\"http:\/\/multiblog.educacion.navarra.es\/jamorena\/files\/2014\/02\/L_2010-2011_.pdf\" target=\"_blank\">L-8<\/a><\/strong><\/td>\n<\/tr>\n<tr>\n<td bgcolor=\"#dcdcdc\"><strong><span style=\"color: #993366\">Derivadas<\/span><\/strong><\/td>\n<td align=\"center\"><strong><a title=\"D-1\" href=\"http:\/\/multiblog.educacion.navarra.es\/jamorena\/files\/2014\/02\/D_2000-2001_.pdf\" target=\"_blank\">D-1<\/a><\/strong><\/td>\n<td align=\"center\"><strong><a title=\"D-2\" href=\"http:\/\/multiblog.educacion.navarra.es\/jamorena\/files\/2014\/02\/D_2001-2002_.pdf\" target=\"_blank\">D-2<\/a><\/strong><\/td>\n<td align=\"center\"><strong><a title=\"D-3\" href=\"http:\/\/multiblog.educacion.navarra.es\/jamorena\/files\/2014\/02\/D_2002-2003_.pdf\" target=\"_blank\">D-3<\/a><\/strong><\/td>\n<td align=\"center\"><strong><a title=\"D-4\" href=\"http:\/\/multiblog.educacion.navarra.es\/jamorena\/files\/2014\/02\/D_2004-2005_.pdf\" target=\"_blank\">D-4<\/a><\/strong><\/td>\n<td align=\"center\"><strong><a title=\"D-5\" href=\"http:\/\/multiblog.educacion.navarra.es\/jamorena\/files\/2014\/02\/D_2007-2008_.pdf\" target=\"_blank\">D-5<\/a><\/strong><\/td>\n<td align=\"center\"><strong><a title=\"D-6\" href=\"http:\/\/multiblog.educacion.navarra.es\/jamorena\/files\/2014\/02\/D_2008-2009_.pdf\" target=\"_blank\">D-6<\/a><\/strong><\/td>\n<td align=\"center\"><strong><a title=\"D-7\" href=\"http:\/\/multiblog.educacion.navarra.es\/jamorena\/files\/2014\/02\/D_2009-2010_.pdf\" target=\"_blank\">D-7<\/a><\/strong><\/td>\n<td align=\"center\"><strong><a title=\"D-8\" href=\"http:\/\/multiblog.educacion.navarra.es\/jamorena\/files\/2014\/02\/D_2010-2011_.pdf\" target=\"_blank\">D-8<\/a><\/strong><\/td>\n<\/tr>\n<tr>\n<td bgcolor=\"#dcdcdc\"><strong><span style=\"color: #993366\">Primer Global<\/span><\/strong><\/td>\n<td align=\"center\"><strong><a title=\"PG-1\" href=\"http:\/\/multiblog.educacion.navarra.es\/jamorena\/files\/2014\/02\/G1_2000-2001_.pdf\" target=\"_blank\">PG-1<\/a><br \/>\n<\/strong><\/td>\n<td align=\"center\"><strong><a title=\"PG-2\" href=\"http:\/\/multiblog.educacion.navarra.es\/jamorena\/files\/2014\/02\/G1_2001-2002_.pdf\" target=\"_blank\">PG-2<\/a><br \/>\n<\/strong><\/td>\n<td align=\"center\"><strong><a title=\"PG-3\" href=\"http:\/\/multiblog.educacion.navarra.es\/jamorena\/files\/2014\/02\/G1_2002-2003_.pdf\" target=\"_blank\">PG-3<\/a><\/strong><\/td>\n<td align=\"center\"><strong><a title=\"PG-4\" href=\"http:\/\/multiblog.educacion.navarra.es\/jamorena\/files\/2014\/02\/G1_2004-2005_.pdf\" target=\"_blank\">PG-4<\/a><\/strong><\/td>\n<td align=\"center\"><strong><a title=\"PG-5\" href=\"http:\/\/multiblog.educacion.navarra.es\/jamorena\/files\/2014\/02\/G1_2007-2008_.pdf\" target=\"_blank\">PG-5<\/a><br \/>\n<\/strong><\/td>\n<td align=\"center\"><strong><a title=\"PG-6\" href=\"http:\/\/multiblog.educacion.navarra.es\/jamorena\/files\/2014\/02\/G1_2008-2009_.pdf\" target=\"_blank\">PG-6<\/a><\/strong><\/td>\n<td align=\"center\"><strong><a title=\"PG-7\" href=\"http:\/\/multiblog.educacion.navarra.es\/jamorena\/files\/2014\/02\/G1_2009-2010_.pdf\" target=\"_blank\">PG-7<\/a><\/strong><\/td>\n<td align=\"center\"><strong><a title=\"PG-8\" href=\"http:\/\/multiblog.educacion.navarra.es\/jamorena\/files\/2014\/02\/G1_2010-2011_.pdf\" target=\"_blank\">PG-8<\/a><\/strong><\/td>\n<\/tr>\n<tr>\n<td bgcolor=\"#dcdcdc\"><strong><span style=\"color: #993366\">Integrales<\/span><\/strong><\/td>\n<td align=\"center\"><strong><a title=\"I-1\" href=\"http:\/\/multiblog.educacion.navarra.es\/jamorena\/files\/2014\/02\/I_2000-2001_.pdf\" target=\"_blank\">I-1<\/a><\/strong><\/td>\n<td align=\"center\"><strong><a title=\"I-2\" href=\"http:\/\/multiblog.educacion.navarra.es\/jamorena\/files\/2014\/02\/I_2001-2002_.pdf\" target=\"_blank\">I-2<\/a><\/strong><\/td>\n<td align=\"center\"><strong><a title=\"I-3\" href=\"http:\/\/multiblog.educacion.navarra.es\/jamorena\/files\/2014\/02\/I_2002-2003_.pdf\" target=\"_blank\">I-3<\/a><\/strong><\/td>\n<td align=\"center\"><strong><a title=\"I-4\" href=\"http:\/\/multiblog.educacion.navarra.es\/jamorena\/files\/2014\/02\/I_2004-2005_.pdf\" target=\"_blank\">I-4<\/a><\/strong><\/td>\n<td align=\"center\"><strong><a title=\"I-5\" href=\"http:\/\/multiblog.educacion.navarra.es\/jamorena\/files\/2014\/02\/I_2007-2008_.pdf\" target=\"_blank\">I-5<\/a><\/strong><\/td>\n<td align=\"center\"><strong><a title=\"I-6\" href=\"http:\/\/multiblog.educacion.navarra.es\/jamorena\/files\/2014\/02\/I_2008-2009_.pdf\" target=\"_blank\">I-6<\/a><\/strong><\/td>\n<td align=\"center\"><strong><a title=\"I-7\" href=\"http:\/\/multiblog.educacion.navarra.es\/jamorena\/files\/2014\/02\/I_2009-2010_.pdf\" target=\"_blank\">I-7<\/a><\/strong><\/td>\n<td align=\"center\"><strong><a title=\"I-8\" href=\"http:\/\/multiblog.educacion.navarra.es\/jamorena\/files\/2014\/02\/I_2010-2011_.pdf\" target=\"_blank\">I-8<\/a><\/strong><\/td>\n<\/tr>\n<tr>\n<td bgcolor=\"#dcdcdc\"><span style=\"color: #993366\"><strong>Sistemas y matrices<\/strong><\/span><\/td>\n<td align=\"center\"><strong><a title=\"SM-1\" href=\"http:\/\/multiblog.educacion.navarra.es\/jamorena\/files\/2014\/02\/SM_2000-2001_.pdf\" target=\"_blank\">SM-1<\/a><\/strong><\/td>\n<td align=\"center\"><a href=\"http:\/\/multiblog.educacion.navarra.es\/jamorena\/files\/2016\/10\/SM_2001-2002_.pdf\" target=\"_blank\"><strong>SM-2<\/strong><\/a><\/td>\n<td align=\"center\"><a title=\"Sistemas y matrices 2002-2003\" href=\"http:\/\/multiblog.educacion.navarra.es\/jamorena\/files\/2016\/10\/SM_2002-2003_.pdf\" target=\"_blank\"><strong>SM-3<\/strong><\/a><\/td>\n<td align=\"center\"><strong><a title=\"SM-4\" href=\"http:\/\/multiblog.educacion.navarra.es\/jamorena\/files\/2014\/02\/SM_2004-2005_.pdf\" target=\"_blank\">SM-4<\/a><\/strong><\/td>\n<td align=\"center\"><strong><a title=\"SM-5\" href=\"http:\/\/multiblog.educacion.navarra.es\/jamorena\/files\/2014\/02\/SM_2007-2008_.pdf\" target=\"_blank\">SM-5<\/a><\/strong><\/td>\n<td align=\"center\"><strong><a title=\"SM-6\" href=\"http:\/\/multiblog.educacion.navarra.es\/jamorena\/files\/2014\/02\/SM_2008-2009_.pdf\" target=\"_blank\">SM-6<\/a><\/strong><\/td>\n<td align=\"center\"><strong><a title=\"SM-7\" href=\"http:\/\/multiblog.educacion.navarra.es\/jamorena\/files\/2014\/02\/SM_2009-2010_.pdf\" target=\"_blank\">SM-7<\/a><\/strong><\/td>\n<td align=\"center\"><strong><a title=\"SM-8\" href=\"http:\/\/multiblog.educacion.navarra.es\/jamorena\/files\/2014\/02\/SM_2010-2011_.pdf\" target=\"_blank\">SM-8<\/a><\/strong><\/td>\n<\/tr>\n<tr>\n<td bgcolor=\"#dcdcdc\"><span style=\"color: #993366\"><strong>Segundo Global<\/strong><\/span><\/td>\n<td align=\"center\"><strong><a title=\"SG-1\" href=\"http:\/\/multiblog.educacion.navarra.es\/jamorena\/files\/2014\/02\/G2-_2000-2001_.pdf\" target=\"_blank\">SG-1<\/a><\/strong><\/td>\n<td align=\"center\"><strong><a title=\"SG-2\" href=\"http:\/\/multiblog.educacion.navarra.es\/jamorena\/files\/2014\/02\/G2-_2001-2002_.pdf\" target=\"_blank\">SG-2<\/a><\/strong><\/td>\n<td align=\"center\"><strong><a title=\"SG-3\" href=\"http:\/\/multiblog.educacion.navarra.es\/jamorena\/files\/2014\/02\/G2-_2002-2003_.pdf\" target=\"_blank\">SG-3<\/a><\/strong><\/td>\n<td align=\"center\"><strong><a title=\"SG-4\" href=\"http:\/\/multiblog.educacion.navarra.es\/jamorena\/files\/2014\/02\/G2-_2004-2005_.pdf\" target=\"_blank\">SG-4<\/a><\/strong><\/td>\n<td align=\"center\"><strong><a title=\"SG-5\" href=\"http:\/\/multiblog.educacion.navarra.es\/jamorena\/files\/2014\/02\/G2-_2007-2008_.pdf\" target=\"_blank\">SG-5<\/a><\/strong><\/td>\n<td align=\"center\"><strong><a title=\"SG-6\" href=\"http:\/\/multiblog.educacion.navarra.es\/jamorena\/files\/2014\/02\/G2-_2008-2009_.pdf\" target=\"_blank\">SG-6<\/a><\/strong><\/td>\n<td align=\"center\"><strong><a title=\"SG-7\" href=\"http:\/\/multiblog.educacion.navarra.es\/jamorena\/files\/2014\/02\/G2-_2009-2010_.pdf\" target=\"_blank\">SG-7<\/a><\/strong><\/td>\n<td align=\"center\"><strong><a title=\"SG-8\" href=\"http:\/\/multiblog.educacion.navarra.es\/jamorena\/files\/2014\/02\/G2-_2010-2011_.pdf\" target=\"_blank\">SG-8<\/a><\/strong><\/td>\n<\/tr>\n<tr>\n<td bgcolor=\"#dcdcdc\"><span style=\"color: #993366\"><strong>Determinantes y vectores<\/strong><\/span><\/td>\n<td align=\"center\"><strong><a title=\"DV-1\" href=\"http:\/\/multiblog.educacion.navarra.es\/jamorena\/files\/2014\/02\/DV_2000-2001_.pdf\" target=\"_blank\">DV-1<\/a><\/strong><\/td>\n<td align=\"center\"><strong><a title=\"DV-2\" href=\"http:\/\/multiblog.educacion.navarra.es\/jamorena\/files\/2014\/02\/DV_2001-2002_.pdf\" target=\"_blank\">DV-2<\/a><\/strong><\/td>\n<td align=\"center\"><strong><a title=\"DV-3\" href=\"http:\/\/multiblog.educacion.navarra.es\/jamorena\/files\/2014\/02\/DV_2002-2003_.pdf\" target=\"_blank\">DV-3<\/a><\/strong><\/td>\n<td align=\"center\"><strong><a title=\"DV-4\" href=\"http:\/\/multiblog.educacion.navarra.es\/jamorena\/files\/2014\/02\/DV_2004-2005_.pdf\" target=\"_blank\">DV-4<\/a><\/strong><\/td>\n<td align=\"center\"><strong><a title=\"DV-5\" href=\"http:\/\/multiblog.educacion.navarra.es\/jamorena\/files\/2014\/02\/DV_2007-2008_.pdf\" target=\"_blank\">DV-5<\/a><\/strong><\/td>\n<td align=\"center\"><strong><a title=\"DV-6\" href=\"http:\/\/multiblog.educacion.navarra.es\/jamorena\/files\/2014\/02\/DV_2008-2009_.pdf\" target=\"_blank\">DV-6<\/a><\/strong><\/td>\n<td align=\"center\"><strong><a title=\"DV-7\" href=\"http:\/\/multiblog.educacion.navarra.es\/jamorena\/files\/2014\/02\/DV_2009-2010_.pdf\" target=\"_blank\">DV-7<\/a><\/strong><\/td>\n<td align=\"center\"><strong><a title=\"DV-8\" href=\"http:\/\/multiblog.educacion.navarra.es\/jamorena\/files\/2014\/02\/DV_2010-2011_.pdf\" target=\"_blank\">DV-8<\/a><\/strong><\/td>\n<\/tr>\n<tr>\n<td bgcolor=\"#dcdcdc\"><span style=\"color: #993366\"><strong>Geometr\u00eda<\/strong><\/span><\/td>\n<td align=\"center\"><strong><a title=\"G-1\" href=\"http:\/\/multiblog.educacion.navarra.es\/jamorena\/files\/2014\/02\/G_2000-2001_.pdf\" target=\"_blank\">G-1<\/a><\/strong><\/td>\n<td align=\"center\"><strong><a title=\"G-2\" href=\"http:\/\/multiblog.educacion.navarra.es\/jamorena\/files\/2014\/02\/G_2001-2002_.pdf\" target=\"_blank\">G-2<\/a><\/strong><\/td>\n<td align=\"center\"><strong><a title=\"G-3\" href=\"http:\/\/multiblog.educacion.navarra.es\/jamorena\/files\/2014\/02\/G_2002-2003_.pdf\" target=\"_blank\">G-3<\/a><\/strong><\/td>\n<td align=\"center\"><strong><a title=\"G-4\" href=\"http:\/\/multiblog.educacion.navarra.es\/jamorena\/files\/2014\/02\/G_2004-2005_.pdf\" target=\"_blank\">G-4<\/a><\/strong><\/td>\n<td align=\"center\"><strong><a title=\"G-5\" href=\"http:\/\/multiblog.educacion.navarra.es\/jamorena\/files\/2014\/02\/G_2007-2008_.pdf\" target=\"_blank\">G-5<\/a><\/strong><\/td>\n<td align=\"center\"><strong><a title=\"G-6\" href=\"http:\/\/multiblog.educacion.navarra.es\/jamorena\/files\/2014\/02\/G_2008-2009_.pdf\" target=\"_blank\">G-6<\/a><\/strong><\/td>\n<td align=\"center\"><strong><a title=\"G-7\" href=\"http:\/\/multiblog.educacion.navarra.es\/jamorena\/files\/2014\/02\/G_2009-2010_.pdf\" target=\"_blank\">G-7<\/a><\/strong><\/td>\n<td align=\"center\"><strong><a title=\"G-8\" href=\"http:\/\/multiblog.educacion.navarra.es\/jamorena\/files\/2014\/02\/G_2010-2011_.pdf\" target=\"_blank\">G-8<\/a><\/strong><\/td>\n<\/tr>\n<tr>\n<td bgcolor=\"#dcdcdc\"><span style=\"color: #993366\"><strong>Tercer Global<\/strong><\/span><\/td>\n<td align=\"center\"><strong><a title=\"TG-1\" href=\"http:\/\/multiblog.educacion.navarra.es\/jamorena\/files\/2014\/02\/G3_2000-2001_.pdf\" target=\"_blank\">TG-1<\/a><\/strong><\/td>\n<td align=\"center\"><strong><a title=\"TG-2\" href=\"http:\/\/multiblog.educacion.navarra.es\/jamorena\/files\/2014\/02\/G3_2001-2002_.pdf\" target=\"_blank\">TG-2<\/a><\/strong><\/td>\n<td align=\"center\"><strong><a title=\"TG-3\" href=\"http:\/\/multiblog.educacion.navarra.es\/jamorena\/files\/2014\/02\/G3_2002-2003_.pdf\" target=\"_blank\">TG-3<\/a><\/strong><\/td>\n<td align=\"center\"><strong><a title=\"TG-4\" href=\"http:\/\/multiblog.educacion.navarra.es\/jamorena\/files\/2014\/02\/G3_2004-2005_.pdf\" target=\"_blank\">TG-4<\/a><\/strong><\/td>\n<td align=\"center\"><strong><a title=\"TG-5\" href=\"http:\/\/multiblog.educacion.navarra.es\/jamorena\/files\/2014\/02\/G3_2007-2008_.pdf\" target=\"_blank\">TG-5<\/a><\/strong><\/td>\n<td align=\"center\"><strong><a title=\"TG-6\" href=\"http:\/\/multiblog.educacion.navarra.es\/jamorena\/files\/2014\/02\/G3_2008-2009_.pdf\" target=\"_blank\">TG-6<\/a><\/strong><\/td>\n<td align=\"center\"><strong><a title=\"TG-7\" href=\"http:\/\/multiblog.educacion.navarra.es\/jamorena\/files\/2014\/02\/G3_2009-2010_.pdf\" target=\"_blank\">TG-7<\/a><\/strong><\/td>\n<td align=\"center\"><strong><a title=\"TG-8\" href=\"http:\/\/multiblog.educacion.navarra.es\/jamorena\/files\/2014\/02\/G3_2010-2011_.pdf\" target=\"_blank\">TG-8<\/a><\/strong><\/td>\n<\/tr>\n<tr>\n<td bgcolor=\"#dcdcdc\"><span style=\"color: #993366\"><strong>Examen Final<\/strong><\/span><\/td>\n<td align=\"center\"><strong><a title=\"EF-1\" href=\"http:\/\/multiblog.educacion.navarra.es\/jamorena\/files\/2014\/02\/EE_2000-2001_.pdf\" target=\"_blank\">EF-1<\/a><\/strong><\/td>\n<td align=\"center\"><strong><a title=\"EF-2\" href=\"http:\/\/multiblog.educacion.navarra.es\/jamorena\/files\/2014\/02\/EE_2001-2002_.pdf\" target=\"_blank\">EF-2<\/a><\/strong><\/td>\n<td align=\"center\"><strong><a title=\"EF-3\" href=\"http:\/\/multiblog.educacion.navarra.es\/jamorena\/files\/2014\/02\/EE_2002-2003_.pdf\" target=\"_blank\">EF-3<\/a><\/strong><\/td>\n<td align=\"center\"><strong><a title=\"EF-4\" href=\"http:\/\/multiblog.educacion.navarra.es\/jamorena\/files\/2014\/02\/EE_2004-2005_.pdf\" target=\"_blank\">EF-4<\/a><\/strong><\/td>\n<td align=\"center\"><strong><a title=\"EF-5\" href=\"http:\/\/multiblog.educacion.navarra.es\/jamorena\/files\/2014\/02\/EE_2007-2008_.pdf\" target=\"_blank\">EF-5<\/a><\/strong><\/td>\n<td align=\"center\"><strong><a title=\"EF-6\" href=\"http:\/\/multiblog.educacion.navarra.es\/jamorena\/files\/2014\/02\/EE_2008-2009_.pdf\" target=\"_blank\">EF-6<\/a><\/strong><\/td>\n<td align=\"center\"><strong><a title=\"EF-7\" href=\"http:\/\/multiblog.educacion.navarra.es\/jamorena\/files\/2014\/02\/EE_2009-2010_.pdf\" target=\"_blank\">EF-7<\/a><\/strong><\/td>\n<td align=\"center\"><strong><a title=\"EF-8\" href=\"http:\/\/multiblog.educacion.navarra.es\/jamorena\/files\/2014\/02\/EE_2010-2011_.pdf\" target=\"_blank\">EF-8<\/a><\/strong><\/td>\n<\/tr>\n<\/tbody>\n<\/table>\n<h5><\/h5>\n","protected":false},"excerpt":{"rendered":"<p>Aqu\u00ed tienes algunos \u00a0ex\u00e1menes resueltos (salvo la teor\u00eda) de Matem\u00e1ticas II. El sistema que se ha seguido es el siguiente: 6 ex\u00e1menes ordinarios, uno por cada parte en que se ha dividido la materia, 3 globales, que se refieren a lo visto desde el comienzo de curso (excepto la teor\u00eda) y 1 examen final (el &hellip; <\/p>\n<p><a class=\"more-link btn\" href=\"https:\/\/multiblog.educacion.navarra.es\/jamorena\/examenes\/\">Continue reading<\/a><\/p>\n","protected":false},"author":225,"featured_media":0,"parent":0,"menu_order":9,"comment_status":"open","ping_status":"open","template":"template-onecolumn.php","meta":[],"_links":{"self":[{"href":"https:\/\/multiblog.educacion.navarra.es\/jamorena\/wp-json\/wp\/v2\/pages\/236"}],"collection":[{"href":"https:\/\/multiblog.educacion.navarra.es\/jamorena\/wp-json\/wp\/v2\/pages"}],"about":[{"href":"https:\/\/multiblog.educacion.navarra.es\/jamorena\/wp-json\/wp\/v2\/types\/page"}],"author":[{"embeddable":true,"href":"https:\/\/multiblog.educacion.navarra.es\/jamorena\/wp-json\/wp\/v2\/users\/225"}],"replies":[{"embeddable":true,"href":"https:\/\/multiblog.educacion.navarra.es\/jamorena\/wp-json\/wp\/v2\/comments?post=236"}],"version-history":[{"count":0,"href":"https:\/\/multiblog.educacion.navarra.es\/jamorena\/wp-json\/wp\/v2\/pages\/236\/revisions"}],"wp:attachment":[{"href":"https:\/\/multiblog.educacion.navarra.es\/jamorena\/wp-json\/wp\/v2\/media?parent=236"}],"curies":[{"name":"wp","href":"https:\/\/api.w.org\/{rel}","templated":true}]}}