


{"id":22,"date":"2011-05-31T10:27:58","date_gmt":"2011-05-31T08:27:58","guid":{"rendered":"http:\/\/multiblog.educacion.navarra.es\/jamorena\/?page_id=22"},"modified":"2020-03-06T18:42:50","modified_gmt":"2020-03-06T17:42:50","slug":"inicio-2","status":"publish","type":"page","link":"https:\/\/multiblog.educacion.navarra.es\/jamorena\/","title":{"rendered":"Presentaci\u00f3n"},"content":{"rendered":"<p style=\"text-align: justify\">Pese al t\u00edtulo, esto no es un blog. Como indica el subt\u00edtulo, es una simple p\u00e1gina de matem\u00e1ticas en la que se ir\u00e1n colgando algunas cuestiones relacionadas con la asignatura <em>Matem\u00e1ticas II<\/em> de segundo de Bachillerato. Por ahora, solo dispones de lo siguiente:<\/p>\n<ul>\n<li>L\u00edmites<\/li>\n<li>Derivadas<\/li>\n<li>Integrales (con algunos v\u00eddeos)<\/li>\n<li>Sistemas y matrices (con v\u00eddeos)<\/li>\n<li>Determinantes y vectores (s\u00f3lo v\u00eddeos)<\/li>\n<li>Geometr\u00eda (s\u00f3lo v\u00eddeos)<\/li>\n<li>Res\u00famenes<\/li>\n<li>Ex\u00e1menes<\/li>\n<li>Selectividad<\/li>\n<\/ul>\n","protected":false},"excerpt":{"rendered":"<p>Pese al t\u00edtulo, esto no es un blog. Como indica el subt\u00edtulo, es una simple p\u00e1gina de matem\u00e1ticas en la que se ir\u00e1n colgando algunas cuestiones relacionadas con la asignatura Matem\u00e1ticas II de segundo de Bachillerato. Por ahora, solo dispones de lo siguiente: L\u00edmites Derivadas Integrales (con algunos v\u00eddeos) Sistemas y matrices (con v\u00eddeos) Determinantes &hellip; <\/p>\n<p><a class=\"more-link btn\" href=\"https:\/\/multiblog.educacion.navarra.es\/jamorena\/\">Continue reading<\/a><\/p>\n","protected":false},"author":225,"featured_media":0,"parent":0,"menu_order":1,"comment_status":"closed","ping_status":"closed","template":"template-twocolumnsright.php","meta":[],"_links":{"self":[{"href":"https:\/\/multiblog.educacion.navarra.es\/jamorena\/wp-json\/wp\/v2\/pages\/22"}],"collection":[{"href":"https:\/\/multiblog.educacion.navarra.es\/jamorena\/wp-json\/wp\/v2\/pages"}],"about":[{"href":"https:\/\/multiblog.educacion.navarra.es\/jamorena\/wp-json\/wp\/v2\/types\/page"}],"author":[{"embeddable":true,"href":"https:\/\/multiblog.educacion.navarra.es\/jamorena\/wp-json\/wp\/v2\/users\/225"}],"replies":[{"embeddable":true,"href":"https:\/\/multiblog.educacion.navarra.es\/jamorena\/wp-json\/wp\/v2\/comments?post=22"}],"version-history":[{"count":0,"href":"https:\/\/multiblog.educacion.navarra.es\/jamorena\/wp-json\/wp\/v2\/pages\/22\/revisions"}],"wp:attachment":[{"href":"https:\/\/multiblog.educacion.navarra.es\/jamorena\/wp-json\/wp\/v2\/media?parent=22"}],"curies":[{"name":"wp","href":"https:\/\/api.w.org\/{rel}","templated":true}]}}