


{"id":185,"date":"2013-03-21T19:39:11","date_gmt":"2013-03-21T18:39:11","guid":{"rendered":"http:\/\/multiblog.educacion.navarra.es\/jamorena\/?page_id=185"},"modified":"2019-07-26T10:27:15","modified_gmt":"2019-07-26T08:27:15","slug":"integrales","status":"publish","type":"page","link":"https:\/\/multiblog.educacion.navarra.es\/jamorena\/integrales\/","title":{"rendered":"Integrales"},"content":{"rendered":"<p>Se ha distribuido el contenido de esta parte del programa de Matem\u00e1ticas II en 13 lecciones. El\u00a0tiempo que puede dedic\u00e1rsele es el de 16 clases, aproximadamente.<\/p>\n<ul>\n<li>LECCI\u00d3N 1: <a title=\"El problema del \u00e1rea\" href=\"http:\/\/multiblog.educacion.navarra.es\/jamorena\/files\/2015\/03\/El-problema-del-\u00e1rea.pdf\" target=\"_blank\" rel=\"noopener noreferrer\">El problema del \u00e1rea<\/a><\/li>\n<li>LECCI\u00d3N 2: <a title=\"La integral definida 1\" href=\"http:\/\/multiblog.educacion.navarra.es\/jamorena\/files\/2015\/03\/La-integral-definida-1.pdf\" target=\"_blank\" rel=\"noopener noreferrer\">La integral definida 1<\/a><\/li>\n<li>LECCI\u00d3N 3: <a title=\"La integral definida 2\" href=\"http:\/\/multiblog.educacion.navarra.es\/jamorena\/files\/2015\/03\/La-integral-definida-2.pdf\" target=\"_blank\" rel=\"noopener noreferrer\">La integral definida 2<\/a><\/li>\n<li>LECCI\u00d3N 4: <a title=\"Teorema fundamental del c\u00e1lculo integral\" href=\"http:\/\/multiblog.educacion.navarra.es\/jamorena\/files\/2015\/03\/Teorema-fundamental-del-c\u00e1lculo-integral.pdf\" target=\"_blank\" rel=\"noopener noreferrer\">Teorema fundamental del c\u00e1lculo integral<\/a><\/li>\n<li>LECCI\u00d3N 5: <a title=\"La regla de Barrow\" href=\"http:\/\/multiblog.educacion.navarra.es\/jamorena\/files\/2015\/03\/La-regla-de-Barrow.pdf\" target=\"_blank\" rel=\"noopener noreferrer\">La regla de Barrow<\/a><\/li>\n<li>LECCI\u00d3N 6: <a title=\"La integral indefinida\" href=\"http:\/\/multiblog.educacion.navarra.es\/jamorena\/files\/2015\/03\/La-integral-indefinida.pdf\" target=\"_blank\" rel=\"noopener noreferrer\">La integral indefinida<\/a><\/li>\n<li>LECCI\u00d3N 7: <a title=\"Integrales inmediatas y casi inmediatas\" href=\"http:\/\/multiblog.educacion.navarra.es\/jamorena\/files\/2015\/03\/Integrales-inmediatas-y-casi-inmediatas.pdf\" target=\"_blank\" rel=\"noopener noreferrer\">Integrales inmediatas y casi inmediatas<\/a><\/li>\n<li>LECCI\u00d3N 8: <a title=\"Integraci\u00f3n por descomposici\u00f3n\" href=\"http:\/\/multiblog.educacion.navarra.es\/jamorena\/files\/2015\/03\/Integraci\u00f3n-por-descomposici\u00f3n.pdf\" target=\"_blank\" rel=\"noopener noreferrer\">Integraci\u00f3n por descomposici\u00f3n<\/a><\/li>\n<li>LECCI\u00d3N 9: <a title=\"Integraci\u00f3n por sustituci\u00f3n\" href=\"http:\/\/multiblog.educacion.navarra.es\/jamorena\/files\/2015\/03\/Integraci\u00f3n-por-sustituci\u00f3n.pdf\" target=\"_blank\" rel=\"noopener noreferrer\">Integraci\u00f3n por sustituci\u00f3n<\/a><\/li>\n<li>LECCI\u00d3N 10: <a title=\"Integraci\u00f3n por partes (m\u00e9todo tabular)\" href=\"http:\/\/multiblog.educacion.navarra.es\/jamorena\/files\/2015\/03\/Integraci\u00f3n-por-partes-m\u00e9todo-tabular.pdf\" target=\"_blank\" rel=\"noopener noreferrer\">Integraci\u00f3n por partes (m\u00e9todo tabular)<\/a><\/li>\n<\/ul>\n<p style=\"text-align: center\"><em>Este v\u00eddeo es el primero de una serie que trata del m\u00e9todo de integraci\u00f3n por partes;<br \/>\n<\/em><em>si quieres verlos todos, pincha\u00a0<a href=\"https:\/\/youtu.be\/3J6Mi6GQDhI?list=PLHbcBBQihvslJv25KH1KQEPKY3La1PydS\">aqu\u00ed<\/a>:<\/em><\/p>\n<div style=\"margin: 0px auto;text-align: center\">\n<div class=\"embed-container\"><iframe loading=\"lazy\" width=\"853\" height=\"480\" src=\"https:\/\/www.youtube.com\/embed\/3J6Mi6GQDhI?feature=oembed\" frameborder=\"0\" allow=\"accelerometer; autoplay; encrypted-media; gyroscope; picture-in-picture\" allowfullscreen><\/iframe><\/div>\n<\/div>\n<ul>\n<li>LECCI\u00d3N 11: <a title=\"Integraci\u00f3n de funciones racionales\" href=\"http:\/\/multiblog.educacion.navarra.es\/jamorena\/files\/2015\/03\/Integraci\u00f3n-de-funciones-racionales.pdf\" target=\"_blank\" rel=\"noopener noreferrer\">Integraci\u00f3n de funciones racionales<\/a><\/li>\n<li>LECCI\u00d3N 12: <a title=\"C\u00e1lculo de integrales definidas\" href=\"http:\/\/multiblog.educacion.navarra.es\/jamorena\/files\/2015\/03\/C\u00e1lculo-de-integrales-definidas.pdf\" target=\"_blank\" rel=\"noopener noreferrer\">C\u00e1lculo de integrales definidas<\/a><\/li>\n<li>LECCI\u00d3N 13: <a title=\"C\u00e1lculo de \u00e1reas\" href=\"http:\/\/multiblog.educacion.navarra.es\/jamorena\/files\/2015\/03\/C\u00e1lculo-de-\u00e1reas.pdf\" target=\"_blank\" rel=\"noopener noreferrer\">C\u00e1lculo de \u00e1reas<\/a><\/li>\n<\/ul>\n","protected":false},"excerpt":{"rendered":"<p>Se ha distribuido el contenido de esta parte del programa de Matem\u00e1ticas II en 13 lecciones. El\u00a0tiempo que puede dedic\u00e1rsele es el de 16 clases, aproximadamente. LECCI\u00d3N 1: El problema del \u00e1rea LECCI\u00d3N 2: La integral definida 1 LECCI\u00d3N 3: La integral definida 2 LECCI\u00d3N 4: Teorema fundamental del c\u00e1lculo integral LECCI\u00d3N 5: La regla &hellip; <\/p>\n<p><a class=\"more-link btn\" href=\"https:\/\/multiblog.educacion.navarra.es\/jamorena\/integrales\/\">Continue reading<\/a><\/p>\n","protected":false},"author":225,"featured_media":0,"parent":0,"menu_order":4,"comment_status":"open","ping_status":"open","template":"template-onecolumn.php","meta":[],"_links":{"self":[{"href":"https:\/\/multiblog.educacion.navarra.es\/jamorena\/wp-json\/wp\/v2\/pages\/185"}],"collection":[{"href":"https:\/\/multiblog.educacion.navarra.es\/jamorena\/wp-json\/wp\/v2\/pages"}],"about":[{"href":"https:\/\/multiblog.educacion.navarra.es\/jamorena\/wp-json\/wp\/v2\/types\/page"}],"author":[{"embeddable":true,"href":"https:\/\/multiblog.educacion.navarra.es\/jamorena\/wp-json\/wp\/v2\/users\/225"}],"replies":[{"embeddable":true,"href":"https:\/\/multiblog.educacion.navarra.es\/jamorena\/wp-json\/wp\/v2\/comments?post=185"}],"version-history":[{"count":0,"href":"https:\/\/multiblog.educacion.navarra.es\/jamorena\/wp-json\/wp\/v2\/pages\/185\/revisions"}],"wp:attachment":[{"href":"https:\/\/multiblog.educacion.navarra.es\/jamorena\/wp-json\/wp\/v2\/media?parent=185"}],"curies":[{"name":"wp","href":"https:\/\/api.w.org\/{rel}","templated":true}]}}