


{"id":143,"date":"2012-03-22T19:13:18","date_gmt":"2012-03-22T18:13:18","guid":{"rendered":"http:\/\/multiblog.educacion.navarra.es\/jamorena\/?page_id=143"},"modified":"2023-07-10T19:08:46","modified_gmt":"2023-07-10T17:08:46","slug":"limites","status":"publish","type":"page","link":"https:\/\/multiblog.educacion.navarra.es\/jamorena\/limites\/","title":{"rendered":"L\u00edmites"},"content":{"rendered":"<p>Se ha distribuido el contenido de esta parte del programa de Matem\u00e1ticas II en 15 lecciones, m\u00e1s o menos el n\u00famero de clases que puede dedic\u00e1rsele si se quiere ver el programa completo. De todas las formas que existen de presentar el concepto de l\u00edmite de una funci\u00f3n se ha elegido aqu\u00ed la que se basa en sucesiones.<\/p>\n<ul>\n<li>LECCI\u00d3N 1: <a title=\"L\u00edmite de una sucesi\u00f3n\" href=\"https:\/\/multiblog.educacion.navarra.es\/jamorena\/files\/2012\/04\/L\u00edmite-de-una-sucesi\u00f3n.pdf\" target=\"_blank\" rel=\"noopener\">L\u00edmite de una sucesi\u00f3n<\/a><\/li>\n<li>LECCI\u00d3N 2: <a href=\"http:\/\/multiblog.educacion.navarra.es\/jamorena\/files\/2012\/04\/L\u00edmite-de-una-funci\u00f3n-en-el-infinito.pdf\" target=\"_blank\" rel=\"noopener noreferrer\">L\u00edmite de una funci\u00f3n en el infinito<\/a><\/li>\n<li>LECCI\u00d3N 3: <a href=\"http:\/\/multiblog.educacion.navarra.es\/jamorena\/files\/2012\/04\/L\u00edmites-laterales1.pdf\" target=\"_blank\" rel=\"noopener noreferrer\">L\u00edmites laterales<\/a><\/li>\n<li>LECCI\u00d3N 4: <a title=\"L\u00edmite de una funci\u00f3n en un punto\" href=\"http:\/\/multiblog.educacion.navarra.es\/jamorena\/files\/2012\/04\/L\u00edmite-de-una-funci\u00f3n-en-un-punto.pdf\" target=\"_blank\" rel=\"noopener noreferrer\">L\u00edmite de una funci\u00f3n en un punto<\/a><\/li>\n<li>LECCI\u00d3N 5: <a href=\"http:\/\/multiblog.educacion.navarra.es\/jamorena\/files\/2012\/04\/Operaciones-con-l\u00edmites.pdf\" target=\"_blank\" rel=\"noopener noreferrer\">Operaciones con l\u00edmites<\/a><\/li>\n<li>LECCI\u00d3N 6: <a href=\"http:\/\/multiblog.educacion.navarra.es\/jamorena\/files\/2012\/04\/C\u00e1lculo-de-l\u00edmites-en-el-infinito.pdf\" target=\"_blank\" rel=\"noopener noreferrer\">C\u00e1lculo de l\u00edmites en el infinito<\/a><\/li>\n<li>LECCI\u00d3N 7: <a href=\"http:\/\/multiblog.educacion.navarra.es\/jamorena\/files\/2012\/04\/C\u00e1lculo-de-l\u00edmites-en-un-punto.pdf\" target=\"_blank\" rel=\"noopener noreferrer\">C\u00e1lculo de l\u00edmites en un punto<\/a><\/li>\n<li>LECCI\u00d3N 8: <a href=\"http:\/\/multiblog.educacion.navarra.es\/jamorena\/files\/2012\/04\/L\u00edmite-de-la-composici\u00f3n-de-funciones.pdf\" target=\"_blank\" rel=\"noopener noreferrer\">L\u00edmite de la composici\u00f3n de funciones<\/a><\/li>\n<li>LECCI\u00d3N 9: <a href=\"http:\/\/multiblog.educacion.navarra.es\/jamorena\/files\/2012\/05\/Infinit\u00e9simos.pdf\" target=\"_blank\" rel=\"noopener noreferrer\">Infinit\u00e9simos<\/a><\/li>\n<li>LECCI\u00d3N 10:\u00a0<a title=\"Infinit\u00e9simos equivalentes\" href=\"http:\/\/multiblog.educacion.navarra.es\/jamorena\/files\/2013\/05\/Infinit\u00e9simos-equivalentes.pdf\" target=\"_blank\" rel=\"noopener noreferrer\">Infinit\u00e9simos equivalentes<\/a><\/li>\n<li>LECCI\u00d3N 11: <a href=\"http:\/\/multiblog.educacion.navarra.es\/jamorena\/files\/2012\/05\/As\u00edntotas1.pdf\" target=\"_blank\" rel=\"noopener noreferrer\">As\u00edntotas<\/a><\/li>\n<li>LECCI\u00d3N 12: <a href=\"http:\/\/multiblog.educacion.navarra.es\/jamorena\/files\/2012\/05\/Estudio-de-una-funci\u00f3n-en-el-infinito.pdf\" target=\"_blank\" rel=\"noopener noreferrer\">Estudio de una funci\u00f3n en el infinito<\/a><\/li>\n<li>LECCI\u00d3N 13: <a href=\"http:\/\/multiblog.educacion.navarra.es\/jamorena\/files\/2012\/05\/Continuidad-lateral.pdf\" target=\"_blank\" rel=\"noopener noreferrer\">Continuidad lateral<\/a><\/li>\n<li>LECCI\u00d3N 14: <a href=\"http:\/\/multiblog.educacion.navarra.es\/jamorena\/files\/2012\/05\/Continuidad.pdf\" target=\"_blank\" rel=\"noopener noreferrer\">Continuidad<\/a><\/li>\n<li>LECCI\u00d3N 15: <a href=\"http:\/\/multiblog.educacion.navarra.es\/jamorena\/files\/2012\/05\/Bolzano.-Darboux.-Weierstrass.pdf\" target=\"_blank\" rel=\"noopener noreferrer\">Bolzano. Darboux. Weierstrass<\/a><\/li>\n<\/ul>\n","protected":false},"excerpt":{"rendered":"<p>Se ha distribuido el contenido de esta parte del programa de Matem\u00e1ticas II en 15 lecciones, m\u00e1s o menos el n\u00famero de clases que puede dedic\u00e1rsele si se quiere ver el programa completo. De todas las formas que existen de presentar el concepto de l\u00edmite de una funci\u00f3n se ha elegido aqu\u00ed la que se &hellip; <\/p>\n<p><a class=\"more-link btn\" href=\"https:\/\/multiblog.educacion.navarra.es\/jamorena\/limites\/\">Continue reading<\/a><\/p>\n","protected":false},"author":225,"featured_media":0,"parent":0,"menu_order":2,"comment_status":"open","ping_status":"open","template":"template-onecolumn.php","meta":[],"_links":{"self":[{"href":"https:\/\/multiblog.educacion.navarra.es\/jamorena\/wp-json\/wp\/v2\/pages\/143"}],"collection":[{"href":"https:\/\/multiblog.educacion.navarra.es\/jamorena\/wp-json\/wp\/v2\/pages"}],"about":[{"href":"https:\/\/multiblog.educacion.navarra.es\/jamorena\/wp-json\/wp\/v2\/types\/page"}],"author":[{"embeddable":true,"href":"https:\/\/multiblog.educacion.navarra.es\/jamorena\/wp-json\/wp\/v2\/users\/225"}],"replies":[{"embeddable":true,"href":"https:\/\/multiblog.educacion.navarra.es\/jamorena\/wp-json\/wp\/v2\/comments?post=143"}],"version-history":[{"count":0,"href":"https:\/\/multiblog.educacion.navarra.es\/jamorena\/wp-json\/wp\/v2\/pages\/143\/revisions"}],"wp:attachment":[{"href":"https:\/\/multiblog.educacion.navarra.es\/jamorena\/wp-json\/wp\/v2\/media?parent=143"}],"curies":[{"name":"wp","href":"https:\/\/api.w.org\/{rel}","templated":true}]}}