


{"id":141,"date":"2012-03-22T18:53:45","date_gmt":"2012-03-22T17:53:45","guid":{"rendered":"http:\/\/multiblog.educacion.navarra.es\/jamorena\/?page_id=141"},"modified":"2024-05-14T17:03:39","modified_gmt":"2024-05-14T15:03:39","slug":"selectividad","status":"publish","type":"page","link":"https:\/\/multiblog.educacion.navarra.es\/jamorena\/selectividad\/","title":{"rendered":"Selectividad"},"content":{"rendered":"<p>Aqu\u00ed tienes los ex\u00e1menes <strong>resueltos<\/strong> de <strong>Matem\u00e1ticas II<\/strong> que han ido apareciendo en las \u00faltimas convocatorias de selectividad en Navarra.<\/p>\n<ul>\n<li><a title=\"Examen extraordinario de 2023\" href=\"https:\/\/multiblog.educacion.navarra.es\/jamorena\/files\/2024\/05\/Examen-extraordinario-de-2023.pdf\" target=\"_blank\" rel=\"noopener\">Examen extraordinario de 2023<\/a><\/li>\n<li><a title=\"Examen ordinario de 2023\" href=\"https:\/\/multiblog.educacion.navarra.es\/jamorena\/files\/2023\/09\/Examen-ordinario-de-2023.pdf\" target=\"_blank\" rel=\"noopener\">Examen ordinario de 2023<\/a><\/li>\n<li><a title=\"Examen extraordinario de 2022\" href=\"https:\/\/multiblog.educacion.navarra.es\/jamorena\/files\/2022\/10\/Examen-extraordinario-de-2022.pdf\" target=\"_blank\" rel=\"noopener\">Exanen extraordinario de 2022<\/a><\/li>\n<li><a title=\"Examen ordinario de 2022\" href=\"https:\/\/multiblog.educacion.navarra.es\/jamorena\/files\/2022\/10\/Examen-ordinario-de-2022.pdf\" target=\"_blank\" rel=\"noopener\">Examen ordinario de 2022<\/a><\/li>\n<li><a title=\"Examen extraordinario de 2021\" href=\"https:\/\/multiblog.educacion.navarra.es\/jamorena\/files\/2022\/06\/Examen-extraordinario-de-2021.pdf\" target=\"_blank\" rel=\"noopener\">Examen extraordinario de 2021<\/a><\/li>\n<li><a title=\"Examen ordinario de 2021\" href=\"https:\/\/multiblog.educacion.navarra.es\/jamorena\/files\/2021\/09\/Examen-ordinario-de-2021.pdf\" target=\"_blank\" rel=\"noopener\">Examen ordinario de 2021<\/a><\/li>\n<li><a title=\"Examen extraordinario de 2020\" href=\"https:\/\/multiblog.educacion.navarra.es\/jamorena\/files\/2021\/06\/Examen-extraordinario-de-2020.pdf\" target=\"_blank\" rel=\"noopener\">Examen extraordinario de 2020<\/a><\/li>\n<li><a title=\"Examen ordinario de 2020\" href=\"https:\/\/multiblog.educacion.navarra.es\/jamorena\/files\/2020\/09\/Examen-ordinario-de-2020.pdf\" target=\"_blank\" rel=\"noopener noreferrer\">Examen ordinario de 2020<\/a><\/li>\n<li><a title=\"\" href=\"http:\/\/multiblog.educacion.navarra.es\/jamorena\/files\/2019\/09\/Examen-extraordinario-de-2019.pdf\" target=\"_blank\" rel=\"noopener noreferrer\">Examen extraordinario de 2019<\/a><\/li>\n<li><a title=\"\" href=\"http:\/\/multiblog.educacion.navarra.es\/jamorena\/files\/2019\/09\/Examen-ordinario-de-2019.pdf\" target=\"_blank\" rel=\"noopener noreferrer\">Examen ordinario de 2019<\/a><\/li>\n<li><a title=\"Examen extraordinario de 2018\" href=\"http:\/\/multiblog.educacion.navarra.es\/jamorena\/files\/2018\/09\/Examen-extraordinario-de-2018.pdf\" target=\"_blank\" rel=\"noopener noreferrer\">Examen extraordinario de 2018<\/a><\/li>\n<li><a title=\"Examen de junio de 2018\" href=\"http:\/\/multiblog.educacion.navarra.es\/jamorena\/files\/2018\/09\/Examen-de-junio-de-2018.pdf\" target=\"_blank\" rel=\"noopener noreferrer\">Examen de junio de 2018<\/a><\/li>\n<li><a title=\"Examen extraordinario de 2017\" href=\"https:\/\/multiblog.educacion.navarra.es\/jamorena\/files\/2020\/09\/Examen-extraordinario-de-2017.pdf\" target=\"_blank\" rel=\"noopener noreferrer\">Examen extraordinario de 1017<\/a><\/li>\n<li><a title=\"Examen de junio de 2017\" href=\"http:\/\/multiblog.educacion.navarra.es\/jamorena\/files\/2017\/09\/Examen-de-junio-de-2017.pdf\" target=\"_blank\" rel=\"noopener noreferrer\">Examen de junio de 2017<\/a><\/li>\n<li><a title=\"Examen extraordinario de 2016\" href=\"http:\/\/multiblog.educacion.navarra.es\/jamorena\/files\/2016\/10\/Examen-extraordinario-de-2016.pdf\" target=\"_blank\" rel=\"noopener noreferrer\">Examen extraordinario de 2016<\/a><\/li>\n<li><a title=\"Examen de junio de 2016\" href=\"http:\/\/multiblog.educacion.navarra.es\/jamorena\/files\/2017\/05\/Examen-de-junio-de-2016.pdf\" target=\"_blank\" rel=\"noopener noreferrer\">Examen de junio de 2016<\/a><\/li>\n<li><a title=\"Examen extraordinario de 2015\" href=\"http:\/\/multiblog.educacion.navarra.es\/jamorena\/files\/2015\/11\/Examen-extraordinario-de-2015.pdf\" target=\"_blank\" rel=\"noopener noreferrer\">Examen extraordinario de 2015<\/a><\/li>\n<li><a title=\"Examen de junio de 2015\" href=\"http:\/\/multiblog.educacion.navarra.es\/jamorena\/files\/2015\/11\/Examen-de-junio-de-2015.pdf\" target=\"_blank\" rel=\"noopener noreferrer\">Examen de junio de 2015<\/a><\/li>\n<li><a title=\"Extraordinario de 2014\" href=\"http:\/\/multiblog.educacion.navarra.es\/jamorena\/files\/2014\/10\/Examen-extraordinario-de-2014.pdf\" target=\"_blank\" rel=\"noopener noreferrer\">Examen extraordinario de 2014<\/a><\/li>\n<li><a title=\"Selectividad junio 2014\" href=\"http:\/\/multiblog.educacion.navarra.es\/jamorena\/files\/2015\/07\/Examen-de-junio-de-2014.pdf\" target=\"_blank\" rel=\"noopener noreferrer\">Examen de junio de 2014<\/a><\/li>\n<li><a title=\"Extraordinario de 2013\" href=\"http:\/\/multiblog.educacion.navarra.es\/jamorena\/files\/2014\/10\/Examen-extraordinario-de-2013.pdf\" target=\"_blank\" rel=\"noopener noreferrer\">Examen extraordinario de 2013<\/a><\/li>\n<li><a title=\"Examen de junio de 2013\" href=\"http:\/\/multiblog.educacion.navarra.es\/jamorena\/files\/2014\/03\/Examen-de-junio-de-2013.pdf\" target=\"_blank\" rel=\"noopener noreferrer\">Examen de junio de 2013<\/a><\/li>\n<li><a title=\"Examen extraordinario de 2012\" href=\"http:\/\/multiblog.educacion.navarra.es\/jamorena\/files\/2014\/02\/Examen-extraordinario-de-2012.pdf\" target=\"_blank\" rel=\"noopener noreferrer\">Examen extraordinario de 2012<\/a><\/li>\n<li><a title=\"Examen de junio de 2012\" href=\"http:\/\/multiblog.educacion.navarra.es\/jamorena\/files\/2014\/02\/Examen-de-junio-de-20121.pdf\" target=\"_blank\" rel=\"noopener noreferrer\">Examen de junio de 2012<\/a><\/li>\n<li><a title=\"Examen extraordinario de 2011\" href=\"http:\/\/multiblog.educacion.navarra.es\/jamorena\/files\/2014\/02\/Examen-extraordinario-de-20111.pdf\" target=\"_blank\" rel=\"noopener noreferrer\">Examen extraordinario de 2011<\/a><\/li>\n<li><a title=\"Examen de junio de 2011\" href=\"http:\/\/multiblog.educacion.navarra.es\/jamorena\/files\/2014\/02\/Examen-de-junio-de-20111.pdf\" target=\"_blank\" rel=\"noopener noreferrer\">Examen de junio de 2011<\/a><\/li>\n<li><a title=\"Examen extraordinario de 2010\" href=\"http:\/\/multiblog.educacion.navarra.es\/jamorena\/files\/2014\/02\/Examen-extraordinario-de-20101.pdf\" target=\"_blank\" rel=\"noopener noreferrer\">Examen extraordinario de 2010<\/a><\/li>\n<li><a title=\"Examen de junio de 2010\" href=\"http:\/\/multiblog.educacion.navarra.es\/jamorena\/files\/2014\/02\/Examen-de-junio-de-20101.pdf\" target=\"_blank\" rel=\"noopener noreferrer\">Examen de junio de 2010<\/a><\/li>\n<\/ul>\n<p>Los siguientes ex\u00e1menes tienen una estructura distinta, ya que la elecci\u00f3n de opciones que entonces reg\u00eda era diferente a la actual:<\/p>\n<ul>\n<li><a title=\"Examen de septiembre de 2009\" href=\"http:\/\/multiblog.educacion.navarra.es\/jamorena\/files\/2014\/02\/Examen-de-septiembre-de-20091.pdf\" target=\"_blank\" rel=\"noopener noreferrer\">Examen de septiembre de 2009<\/a><\/li>\n<li><a title=\"Examen de junio de 2009\" href=\"http:\/\/multiblog.educacion.navarra.es\/jamorena\/files\/2014\/02\/Examen-de-junio-de-20091.pdf\" target=\"_blank\" rel=\"noopener noreferrer\">Examen de junio de 2009<\/a><\/li>\n<li><a title=\"Examen de septiembre de 2008\" href=\"http:\/\/multiblog.educacion.navarra.es\/jamorena\/files\/2014\/02\/Examen-de-septiembre-de-20081.pdf\" target=\"_blank\" rel=\"noopener noreferrer\">Examen de septiembre de 2008<\/a><\/li>\n<li><a title=\"Examen de junio de 2008\" href=\"http:\/\/multiblog.educacion.navarra.es\/jamorena\/files\/2014\/02\/Examen-de-junio-de-20081.pdf\" target=\"_blank\" rel=\"noopener noreferrer\">Examen de junio de 2008<\/a><\/li>\n<li><a title=\"Examen de septiembre de 2007\" href=\"http:\/\/multiblog.educacion.navarra.es\/jamorena\/files\/2014\/02\/Examen-de-septiembre-de-20071.pdf\" target=\"_blank\" rel=\"noopener noreferrer\">Examen de septiembre de 2007<\/a><\/li>\n<li><a title=\"Examen de junio de 2007\" href=\"http:\/\/multiblog.educacion.navarra.es\/jamorena\/files\/2014\/02\/Examen-de-junio-de-20071.pdf\" target=\"_blank\" rel=\"noopener noreferrer\">Examen de junio de 2007<\/a><\/li>\n<\/ul>\n<p>Si quieres ver una p\u00e1gina web con la resoluci\u00f3n de los ex\u00e1menes de Selectividad de <strong>Matem\u00e1ticas II<\/strong> y de <strong>Matem\u00e1ticas aplicadas a las ciencias sociales II<\/strong> de algunas comunidades aut\u00f3nomas (incluida Navarra),\u00a0pincha\u00a0<a href=\"http:\/\/www.iesayala.com\/selectividadmatematicas\/\" target=\"_blank\" rel=\"noopener noreferrer\">aqu\u00ed<\/a>.<\/p>\n","protected":false},"excerpt":{"rendered":"<p>Aqu\u00ed tienes los ex\u00e1menes resueltos de Matem\u00e1ticas II que han ido apareciendo en las \u00faltimas convocatorias de selectividad en Navarra. Examen extraordinario de 2023 Examen ordinario de 2023 Exanen extraordinario de 2022 Examen ordinario de 2022 Examen extraordinario de 2021 Examen ordinario de 2021 Examen extraordinario de 2020 Examen ordinario de 2020 Examen extraordinario de &hellip; <\/p>\n<p><a class=\"more-link btn\" href=\"https:\/\/multiblog.educacion.navarra.es\/jamorena\/selectividad\/\">Continue reading<\/a><\/p>\n","protected":false},"author":225,"featured_media":0,"parent":0,"menu_order":10,"comment_status":"open","ping_status":"open","template":"template-onecolumn.php","meta":[],"_links":{"self":[{"href":"https:\/\/multiblog.educacion.navarra.es\/jamorena\/wp-json\/wp\/v2\/pages\/141"}],"collection":[{"href":"https:\/\/multiblog.educacion.navarra.es\/jamorena\/wp-json\/wp\/v2\/pages"}],"about":[{"href":"https:\/\/multiblog.educacion.navarra.es\/jamorena\/wp-json\/wp\/v2\/types\/page"}],"author":[{"embeddable":true,"href":"https:\/\/multiblog.educacion.navarra.es\/jamorena\/wp-json\/wp\/v2\/users\/225"}],"replies":[{"embeddable":true,"href":"https:\/\/multiblog.educacion.navarra.es\/jamorena\/wp-json\/wp\/v2\/comments?post=141"}],"version-history":[{"count":0,"href":"https:\/\/multiblog.educacion.navarra.es\/jamorena\/wp-json\/wp\/v2\/pages\/141\/revisions"}],"wp:attachment":[{"href":"https:\/\/multiblog.educacion.navarra.es\/jamorena\/wp-json\/wp\/v2\/media?parent=141"}],"curies":[{"name":"wp","href":"https:\/\/api.w.org\/{rel}","templated":true}]}}