


{"id":109,"date":"2011-10-11T16:28:40","date_gmt":"2011-10-11T14:28:40","guid":{"rendered":"http:\/\/multiblog.educacion.navarra.es\/jamorena\/?page_id=109"},"modified":"2015-02-14T18:14:03","modified_gmt":"2015-02-14T17:14:03","slug":"resumenes","status":"publish","type":"page","link":"https:\/\/multiblog.educacion.navarra.es\/jamorena\/resumenes\/","title":{"rendered":"Res\u00famenes"},"content":{"rendered":"<p>Aqu\u00ed tienes algunos res\u00famenes de la asignatura de Matem\u00e1ticas II de segundo de Bachillerato:<\/p>\n<ol>\n<li>INTRODUCCI\u00d3N:\n<ul>\n<li><a title=\"Definiciones. Propiedades. F\u00f3rmulas\" href=\"http:\/\/multiblog.educacion.navarra.es\/jamorena\/files\/2014\/02\/Definiciones.-Propiedades.-F\u00f3rmulas1.pdf\" target=\"_blank\">Definiciones. Propiedades. F\u00f3rmulas<\/a><\/li>\n<li><a title=\"Pautas para el c\u00e1lculo de dominios\" href=\"http:\/\/multiblog.educacion.navarra.es\/jamorena\/files\/2014\/02\/Pautas-para-el-c\u00e1lculo-de-dominios.pdf\" target=\"_blank\">Pautas para el c\u00e1lculo de dominios<\/a><\/li>\n<li><a title=\"Ejemplos\" href=\"http:\/\/multiblog.educacion.navarra.es\/jamorena\/files\/2014\/02\/Ejemplos.pdf\" target=\"_blank\">Ejemplos<\/a><\/li>\n<\/ul>\n<\/li>\n<li>L\u00cdMITES:\n<ul>\n<li><a title=\"Ejercicio 2.1\" href=\"http:\/\/multiblog.educacion.navarra.es\/jamorena\/files\/2014\/02\/Ejercicio-2.1.pdf\" target=\"_blank\">Ejercicio 2.1<\/a><\/li>\n<li><a title=\"Ejercicio 2.2\" href=\"http:\/\/multiblog.educacion.navarra.es\/jamorena\/files\/2014\/02\/Ejercicio-2.2.pdf\" target=\"_blank\">Ejercicio 2.2<\/a><\/li>\n<li><a title=\"Ejercicio 2.3\" href=\"http:\/\/multiblog.educacion.navarra.es\/jamorena\/files\/2014\/02\/Ejercicio-2.3.pdf\" target=\"_blank\">Ejercicio 2.3<\/a><\/li>\n<li><a title=\"Tabla de l\u00edmites\" href=\"http:\/\/multiblog.educacion.navarra.es\/jamorena\/files\/2014\/02\/Tabla-de-l\u00edmites1.pdf\" target=\"_blank\">Tabla de l\u00edmites<\/a><\/li>\n<li><a title=\"Pautas para el c\u00e1lculo de l\u00edmites\" href=\"http:\/\/multiblog.educacion.navarra.es\/jamorena\/files\/2014\/02\/Pautas-para-el-c\u00e1lculo-de-l\u00edmites1.pdf\" target=\"_blank\">Pautas para el c\u00e1lculo de l\u00edmites<\/a><\/li>\n<\/ul>\n<\/li>\n<li>AS\u00cdNTOTAS Y RAMAS:\n<ul>\n<li><a title=\"Pautas para el c\u00e1lculo de as\u00edntotas y ramas\" href=\"http:\/\/multiblog.educacion.navarra.es\/jamorena\/files\/2014\/02\/Pautas-para-el-c\u00e1lculo-de-as\u00edntotas-y-ramas.pdf\" target=\"_blank\">Pautas para el c\u00e1lculo de as\u00edntotas y ramas<\/a><\/li>\n<\/ul>\n<\/li>\n<li>CONTINUIDAD:\n<ul>\n<li><a title=\"Pautas para el estudio de la continuidad\" href=\"http:\/\/multiblog.educacion.navarra.es\/jamorena\/files\/2014\/02\/Pautas-para-el-estudio-de-la-continuidad.pdf\" target=\"_blank\">Pautas para el estudio de la continuidad<\/a><\/li>\n<li><a title=\"Ejercicio 4.1\" href=\"http:\/\/multiblog.educacion.navarra.es\/jamorena\/files\/2014\/02\/Ejercicio-4.1.pdf\" target=\"_blank\">Ejercicio 4.1<\/a><\/li>\n<li><a title=\"Ejercicio 4.2\" href=\"http:\/\/multiblog.educacion.navarra.es\/jamorena\/files\/2014\/02\/Ejercicio-4.2.pdf\" target=\"_blank\">Ejercicio 4.2<\/a><\/li>\n<\/ul>\n<\/li>\n<li>DERIVADAS:\n<ul>\n<li><a title=\"Tabla de derivadas\" href=\"http:\/\/multiblog.educacion.navarra.es\/jamorena\/files\/2014\/02\/Tabla-de-derivadas1.pdf\" target=\"_blank\">Tabla de derivadas<\/a><\/li>\n<li><a title=\"Pautas para el c\u00e1lculo de derivadas\" href=\"http:\/\/multiblog.educacion.navarra.es\/jamorena\/files\/2014\/02\/Pautas-para-el-c\u00e1lculo-de-derivadas.pdf\" target=\"_blank\">Pautas para el c\u00e1lculo de derivadas<\/a><\/li>\n<\/ul>\n<\/li>\n<li>ESTUDIO DE UNA FUNCI\u00d3N EN UN PUNTO:\n<ul>\n<li><a title=\"Ejercicio 6.1\" href=\"http:\/\/multiblog.educacion.navarra.es\/jamorena\/files\/2014\/02\/Ejercicio-6.1.pdf\" target=\"_blank\">Ejercicio 6.1<\/a><\/li>\n<li><a title=\"Ejercicio 6.2\" href=\"http:\/\/multiblog.educacion.navarra.es\/jamorena\/files\/2014\/02\/Ejercicio-6.2.pdf\" target=\"_blank\">Ejercicio 6.2<\/a><\/li>\n<li><a title=\"Criterios para el estudio de una funci\u00f3n en un punto\" href=\"http:\/\/multiblog.educacion.navarra.es\/jamorena\/files\/2014\/02\/Criterios-para-el-estudio-de-una-funci\u00f3n-en-un-punto.pdf\" target=\"_blank\">Criterios para el estudio de una funci\u00f3n en un punto<\/a><\/li>\n<\/ul>\n<\/li>\n<li>INTEGRALES\n<ul>\n<li><a title=\"Tabla de integrales\" href=\"http:\/\/multiblog.educacion.navarra.es\/jamorena\/files\/2015\/02\/Tabla-de-integrales.pdf\" target=\"_blank\">Tabla de integrales<\/a><\/li>\n<li><a title=\"Pautas para el c\u00e1lculo de integrales\" href=\"http:\/\/multiblog.educacion.navarra.es\/jamorena\/files\/2014\/02\/Pautas-para-el-c\u00e1lculo-de-integrales1.pdf\" target=\"_blank\">Pautas para el c\u00e1lculo de integrales<\/a><\/li>\n<li><a title=\"Ejemplos de integrales\" href=\"http:\/\/multiblog.educacion.navarra.es\/jamorena\/files\/2014\/02\/Ejemplos-de-integrales1.pdf\" target=\"_blank\">Ejemplos de integrales<\/a><\/li>\n<\/ul>\n<\/li>\n<\/ol>\n","protected":false},"excerpt":{"rendered":"<p>Aqu\u00ed tienes algunos res\u00famenes de la asignatura de Matem\u00e1ticas II de segundo de Bachillerato: INTRODUCCI\u00d3N: Definiciones. Propiedades. F\u00f3rmulas Pautas para el c\u00e1lculo de dominios Ejemplos L\u00cdMITES: Ejercicio 2.1 Ejercicio 2.2 Ejercicio 2.3 Tabla de l\u00edmites Pautas para el c\u00e1lculo de l\u00edmites AS\u00cdNTOTAS Y RAMAS: Pautas para el c\u00e1lculo de as\u00edntotas y ramas CONTINUIDAD: Pautas para &hellip; <\/p>\n<p><a class=\"more-link btn\" href=\"https:\/\/multiblog.educacion.navarra.es\/jamorena\/resumenes\/\">Continue reading<\/a><\/p>\n","protected":false},"author":225,"featured_media":0,"parent":0,"menu_order":8,"comment_status":"open","ping_status":"open","template":"template-onecolumn.php","meta":[],"_links":{"self":[{"href":"https:\/\/multiblog.educacion.navarra.es\/jamorena\/wp-json\/wp\/v2\/pages\/109"}],"collection":[{"href":"https:\/\/multiblog.educacion.navarra.es\/jamorena\/wp-json\/wp\/v2\/pages"}],"about":[{"href":"https:\/\/multiblog.educacion.navarra.es\/jamorena\/wp-json\/wp\/v2\/types\/page"}],"author":[{"embeddable":true,"href":"https:\/\/multiblog.educacion.navarra.es\/jamorena\/wp-json\/wp\/v2\/users\/225"}],"replies":[{"embeddable":true,"href":"https:\/\/multiblog.educacion.navarra.es\/jamorena\/wp-json\/wp\/v2\/comments?post=109"}],"version-history":[{"count":0,"href":"https:\/\/multiblog.educacion.navarra.es\/jamorena\/wp-json\/wp\/v2\/pages\/109\/revisions"}],"wp:attachment":[{"href":"https:\/\/multiblog.educacion.navarra.es\/jamorena\/wp-json\/wp\/v2\/media?parent=109"}],"curies":[{"name":"wp","href":"https:\/\/api.w.org\/{rel}","templated":true}]}}