


{"id":965,"date":"2017-10-02T12:59:06","date_gmt":"2017-10-02T11:59:06","guid":{"rendered":"http:\/\/multiblog.educacion.navarra.es\/jalcald1\/?page_id=965"},"modified":"2019-03-08T12:25:19","modified_gmt":"2019-03-08T11:25:19","slug":"examenes-y-trabajos","status":"publish","type":"page","link":"https:\/\/multiblog.educacion.navarra.es\/jalcald1\/examenes-y-trabajos\/","title":{"rendered":"Ex\u00e1menes y trabajos"},"content":{"rendered":"\n<p> [padlet key=&#8217;hf49qg80zxe5&#8242; width=&#8217;100%&#8217; height=&#8217;480&#8242;] <\/p>\n\n\n<h2>&nbsp;<\/h2>\n<h2>&nbsp;<\/h2>\n<h2>Competencia en comprensi\u00f3n lectora en lengua castellana:<\/h2>\n<ul>\n<li><strong><a title=\"\" href=\"https:\/\/www.educacion.navarra.es\/documents\/27590\/933346\/EP6_Competencia_Ling_Comprension_Lectora_Castellano_16_17.pdf\/604fcd87-f884-3218-00d4-873444a35e66\" target=\"_blank\" rel=\"noopener noreferrer\"><span style=\"color: #333333;font-style: normal\">2016-17<\/span><\/a> &nbsp; &nbsp; &nbsp; &nbsp;&nbsp; &nbsp;<a title=\"\" href=\"https:\/\/www.educacion.navarra.es\/documents\/27590\/933346\/EP6_Competencia_Ling_Comprension_Lectora_Castellano_16_17_CC.pdf\/3f0b6d85-6e13-a007-18b6-56f7559557d4\" target=\"_blank\" rel=\"noopener noreferrer\">correcci\u00f3n<\/a><\/strong><\/li>\n<li><strong><a title=\"\" href=\"https:\/\/www.educacion.navarra.es\/documents\/27590\/877899\/1606100+Competencia+Lingu%C3%ADstica+-+EP6.pdf\/d3525e22-da39-4feb-a74d-f3cc68fe60cf\" target=\"_blank\" rel=\"noopener noreferrer\">2015-16<\/a>&nbsp; &nbsp; &nbsp; &nbsp; &nbsp;<a title=\"\" href=\"https:\/\/www.educacion.navarra.es\/documents\/27590\/877333\/1606100CC+Competencia+Lingu%C3%ADstica+-+EP6+CC.pdf\/80dae070-eeef-42fd-95bc-404d04f19307\" target=\"_blank\" rel=\"noopener noreferrer\"> &nbsp;correcci\u00f3n<\/a><\/strong><\/li>\n<\/ul>\n<h2>Competencia matem\u00e1tica:<\/h2>\n<ul>\n<li><strong><a title=\"\" href=\"https:\/\/www.educacion.navarra.es\/documents\/27590\/933346\/EP6_Competencia_Matematica_CAST_16_17.pdf\/e5df7ee0-aecc-45f0-f439-0b849abd3269\" target=\"_blank\" rel=\"noopener noreferrer\"><span style=\"color: #333333;font-style: normal\">2016-17<\/span><\/a> &nbsp; &nbsp; &nbsp; &nbsp; &nbsp; <a title=\"\" href=\"https:\/\/www.educacion.navarra.es\/documents\/27590\/933346\/EP6_Competencia_Matematica_CAST_16_17_CC.pdf\/17909f7b-0d35-be5e-a55c-8e82499cef99\" target=\"_blank\" rel=\"noopener noreferrer\">correcci\u00f3n<\/a><\/strong><\/li>\n<li><strong><a title=\"\" href=\"https:\/\/www.educacion.navarra.es\/documents\/27590\/877899\/1606200+Competencia+matem%C3%A1tica+-+EP6-+Castellano.pdf\/df515a91-8c83-4667-a792-92790273b5df\" target=\"_blank\" rel=\"noopener noreferrer\">2015-16&nbsp;<\/a> &nbsp; &nbsp; &nbsp; &nbsp; &nbsp;<a title=\"\" href=\"https:\/\/www.educacion.navarra.es\/documents\/27590\/877333\/1606200CC+Competencia+matem%C3%A1tica+-+EP6-+Castellano+CC.pdf\/83115661-d9dd-4582-b336-b7e22d1db090\" target=\"_blank\" rel=\"noopener noreferrer\">correcci\u00f3n<\/a><\/strong><\/li>\n<\/ul>\n<h2>Competencia cient\u00edfica:<\/h2>\n<ul>\n<li><strong><a title=\"\" href=\"https:\/\/www.educacion.navarra.es\/documents\/27590\/933346\/EP6_Competencia_Cientifica_CAST_16_17.pdf\/a1a87b68-bb3e-4630-e9df-50b2d64f9bc8\" target=\"_blank\" rel=\"noopener noreferrer\"><span style=\"color: #333333;font-style: normal\">2016-17<\/span><\/a> &nbsp; &nbsp; &nbsp;&nbsp;&nbsp; &nbsp;<a title=\"\" href=\"https:\/\/www.educacion.navarra.es\/documents\/27590\/933346\/EP6_Competencia_Cientifica_CAST_16_17_CC.pdf\/a33b9008-f493-1b58-4853-25cc69aa0ca5\" target=\"_blank\" rel=\"noopener noreferrer\">correcci\u00f3n<\/a><\/strong><\/li>\n<li><strong><a title=\"\" href=\"https:\/\/www.educacion.navarra.es\/documents\/27590\/877333\/1606300CC+Competencia+cient%C3%ADfica+-+6+EP+Cast+CC.pdf\/a8ef12ef-cacb-4937-a0c9-3e3fee2ec6d1\" target=\"_blank\" rel=\"noopener noreferrer\">2015-16&nbsp;<\/a> &nbsp; &nbsp; &nbsp; &nbsp;<a title=\"\" href=\"https:\/\/www.educacion.navarra.es\/documents\/27590\/877333\/1606300CC+Competencia+cient%C3%ADfica+-+6+EP+Cast+CC.pdf\/a8ef12ef-cacb-4937-a0c9-3e3fee2ec6d1\" target=\"_blank\" rel=\"noopener noreferrer\"> correcci\u00f3n<\/a><\/strong><\/li>\n<\/ul>\n<h2>Competencia ling\u00fc\u00edstica en ingl\u00e9s:<\/h2>\n<ul>\n<li><strong><span style=\"color: #333333;font-style: normal\"><a title=\"\" href=\"https:\/\/www.educacion.navarra.es\/documents\/27590\/933346\/EP6_Competencia_Ingles_16_17.pdf\/31dfbaf4-cf2a-b1dc-c3a7-8b0477bae9c9\" target=\"_blank\" rel=\"noopener noreferrer\">2016-17<\/a><\/span>&nbsp; &nbsp; &nbsp; &nbsp; &nbsp; &nbsp;&nbsp;<a title=\"\" href=\"https:\/\/www.educacion.navarra.es\/documents\/27590\/933346\/EP6_Competencia_Ingles_16_17_CC.pdf\/9b04f6f3-ad61-8ead-6768-10ee824f1c45\" target=\"_blank\" rel=\"noopener noreferrer\">correcci\u00f3n<\/a><\/strong><\/li>\n<li><strong><a title=\"\" href=\"https:\/\/www.educacion.navarra.es\/documents\/27590\/877899\/1606404+Competence+in+English+-+6th+year+of+PE.pdf\/6da1236e-6d33-4ed3-9f7c-ad6a4caab9b8\" target=\"_blank\" rel=\"noopener noreferrer\">2015-16&nbsp;<\/a> &nbsp; &nbsp; &nbsp; &nbsp; &nbsp; <a title=\"\" href=\"https:\/\/www.educacion.navarra.es\/documents\/27590\/877899\/1606404+Competence+in+English+-+6th+year+of+PE.pdf\/6da1236e-6d33-4ed3-9f7c-ad6a4caab9b8\" target=\"_blank\" rel=\"noopener noreferrer\">correcci\u00f3n<\/a><\/strong><\/li>\n<\/ul>\n<p><\/p>\n<p><\/p>","protected":false},"excerpt":{"rendered":"<p>[padlet key=&#8217;hf49qg80zxe5&#8242; width=&#8217;100%&#8217; height=&#8217;480&#8242;] &nbsp; &nbsp; Competencia en comprensi\u00f3n lectora en lengua castellana: 2016-17 &nbsp; &nbsp; &nbsp; &nbsp;&nbsp; &nbsp;correcci\u00f3n 2015-16&nbsp; &nbsp; &nbsp; &nbsp; &nbsp; &nbsp;correcci\u00f3n Competencia matem\u00e1tica: 2016-17 &nbsp; &nbsp; <a class=\"more-link\" href=\"https:\/\/multiblog.educacion.navarra.es\/jalcald1\/examenes-y-trabajos\/\">Continuar leyendo &rarr;<\/a><\/p>\n","protected":false},"author":236,"featured_media":0,"parent":0,"menu_order":0,"comment_status":"closed","ping_status":"closed","template":"","meta":[],"_links":{"self":[{"href":"https:\/\/multiblog.educacion.navarra.es\/jalcald1\/wp-json\/wp\/v2\/pages\/965"}],"collection":[{"href":"https:\/\/multiblog.educacion.navarra.es\/jalcald1\/wp-json\/wp\/v2\/pages"}],"about":[{"href":"https:\/\/multiblog.educacion.navarra.es\/jalcald1\/wp-json\/wp\/v2\/types\/page"}],"author":[{"embeddable":true,"href":"https:\/\/multiblog.educacion.navarra.es\/jalcald1\/wp-json\/wp\/v2\/users\/236"}],"replies":[{"embeddable":true,"href":"https:\/\/multiblog.educacion.navarra.es\/jalcald1\/wp-json\/wp\/v2\/comments?post=965"}],"version-history":[{"count":0,"href":"https:\/\/multiblog.educacion.navarra.es\/jalcald1\/wp-json\/wp\/v2\/pages\/965\/revisions"}],"wp:attachment":[{"href":"https:\/\/multiblog.educacion.navarra.es\/jalcald1\/wp-json\/wp\/v2\/media?parent=965"}],"curies":[{"name":"wp","href":"https:\/\/api.w.org\/{rel}","templated":true}]}}