


{"id":85,"date":"2012-02-03T20:05:11","date_gmt":"2012-02-03T19:05:11","guid":{"rendered":"http:\/\/multiblog.educacion.navarra.es\/jalcald1\/?page_id=85"},"modified":"2014-04-11T17:50:20","modified_gmt":"2014-04-11T16:50:20","slug":"juegos","status":"publish","type":"page","link":"https:\/\/multiblog.educacion.navarra.es\/jalcald1\/juegos\/","title":{"rendered":"Juegos"},"content":{"rendered":"<h2><span style=\"text-decoration: underline\"><strong>Interlocked<\/strong><\/span><\/h2>\n<p>Hay un l\u00edo montado que no veas. Desencaja las extra\u00f1as piezas de uno de nuestros juegos de inteligencia m\u00e1s dif\u00edciles.<\/p>\n<p><a href=\"http:\/\/www.pequejuegos.com\/juego-interlocked.html\" target=\"_blank\"><img loading=\"lazy\" class=\"aligncenter size-full wp-image-298\" alt=\"\" src=\"http:\/\/multiblog.educacion.navarra.es\/jalcald1\/files\/2012\/02\/interlocked.jpg\" width=\"215\" height=\"143\" \/><\/a><\/p>\n<h2><span style=\"text-decoration: underline\">Agua para el Perro<\/span><\/h2>\n<p>Tu perrito est\u00e1 sediento. Une los tubos para hacer que el agua del surtidor llegue hasta su boca en uno de nuestros juegos de inteligencia para ni\u00f1os m\u00e1s chulos.<\/p>\n<p><a href=\"http:\/\/www.pequejuegos.com\/juego-agua-para-el-perro.html\" target=\"_blank\"><img loading=\"lazy\" class=\"aligncenter size-full wp-image-299\" alt=\"\" src=\"http:\/\/multiblog.educacion.navarra.es\/jalcald1\/files\/2012\/02\/tubodeagua.jpg\" width=\"215\" height=\"143\" \/><\/a><\/p>\n<h2><span style=\"text-decoration: underline\">F\u00edsica con Robots<\/span><\/h2>\n<p>Ayuda a los robots a llegar a su portal en este juego de f\u00edsica donde la gravedad a veces se vuelve del rev\u00e9s.<\/p>\n<p><a href=\"http:\/\/www.pequejuegos.com\/juego-fisica-con-robots.html\" target=\"_blank\"><img loading=\"lazy\" class=\"aligncenter size-full wp-image-300\" alt=\"\" src=\"http:\/\/multiblog.educacion.navarra.es\/jalcald1\/files\/2012\/02\/fisica-robot.jpg\" width=\"215\" height=\"143\" \/><\/a><\/p>\n<h2><span style=\"text-decoration: underline\"><strong>Isoball<\/strong><\/span><\/h2>\n<p>Juego de laberintos geometricos donde controlas una esfera aventurera en su rodante andar tratando de hallar la salida de cada nivel, para ello situa las figuras que se sugieren. (Para jugar haz click en la imagen)<\/p>\n<p><a href=\"http:\/\/www.juegator.com\/juegos\/Iso+Ball\" target=\"_blank\"><img loading=\"lazy\" class=\"aligncenter size-full wp-image-88\" alt=\"\" src=\"http:\/\/multiblog.educacion.navarra.es\/jalcald1\/files\/2012\/02\/isoball.jpg\" width=\"171\" height=\"294\" \/><\/a><\/p>\n<h2><span style=\"text-decoration: underline\"><strong>Caracol Bob<\/strong><\/span><\/h2>\n<p>Gu\u00eda a Bob, el caracol, hacia su meta activando los distintos dispositivos que te plantea el juego. (Para jugar hacer click en la imagen)<\/p>\n<p><a href=\"http:\/\/www.pequejuegos.com\/juego-caracol-bob.html\" target=\"_blank\"><img loading=\"lazy\" class=\"aligncenter size-full wp-image-99\" alt=\"\" src=\"http:\/\/multiblog.educacion.navarra.es\/jalcald1\/files\/2012\/02\/caracol-bob.jpg\" width=\"215\" height=\"143\" \/><\/a><\/p>\n<h2><span style=\"text-decoration: underline\">Laberinto de Scooby-Doo<\/span><\/h2>\n<p>Gu\u00eda a Shaggy en este fant\u00e1stico juego de laberintos donde est\u00e1 son\u00e1mbulo. (Para jugar hacer click en la imagen)<\/p>\n<p><a href=\"http:\/\/www.pequejuegos.com\/juego-laberinto-de-scooby-doo.html\" target=\"_blank\"><img loading=\"lazy\" class=\"aligncenter size-full wp-image-121\" alt=\"\" src=\"http:\/\/multiblog.educacion.navarra.es\/jalcald1\/files\/2012\/02\/scooby-doo.jpg\" width=\"132\" height=\"101\" \/><\/a><\/p>\n<h2><span style=\"text-decoration: underline\">Cubox<\/span><\/h2>\n<p>Dale a la cabeza y haz con los cubos la misma figura que te aparece a la izquierda, en estos rompecabezas te tocara pensar.(Para jugar hacer click en la imagen)<\/p>\n<p style=\"text-align: center\"><a href=\"http:\/\/www.grupotopmanta.es\/Flash\/html\/cubox.htm\" target=\"_blank\"><img loading=\"lazy\" class=\"aligncenter size-full wp-image-143\" alt=\"\" src=\"http:\/\/multiblog.educacion.navarra.es\/jalcald1\/files\/2012\/02\/cubox.jpg\" width=\"260\" height=\"194\" \/><\/a><\/p>\n<h2 style=\"text-align: left\"><span style=\"text-decoration: underline\">Crea Bolas<\/span><\/h2>\n<p>Empiezas con una bola en blanco y tienes que pintarla para que sea igual que el modelo. Usa los diferentes iconos arrastrando la bola sobre ellos. \u00bfEres capaz? Es m\u00e1s complicado de lo que parece&#8230; (Para jugar hacer click en la imagen)<\/p>\n<p style=\"text-align: center\"><a href=\"http:\/\/www.minijuegos.com\/Factory-Balls\/5992\" target=\"_blank\"><img loading=\"lazy\" class=\"aligncenter size-full wp-image-154\" alt=\"\" src=\"http:\/\/multiblog.educacion.navarra.es\/jalcald1\/files\/2012\/02\/crea-bolas.jpg\" width=\"215\" height=\"143\" \/><\/a><\/p>\n","protected":false},"excerpt":{"rendered":"<p>Interlocked Hay un l\u00edo montado que no veas. Desencaja las extra\u00f1as piezas de uno de nuestros juegos de inteligencia m\u00e1s dif\u00edciles. Agua para el Perro Tu perrito est\u00e1 sediento. Une <a class=\"more-link\" href=\"https:\/\/multiblog.educacion.navarra.es\/jalcald1\/juegos\/\">Continuar leyendo &rarr;<\/a><\/p>\n","protected":false},"author":236,"featured_media":0,"parent":0,"menu_order":0,"comment_status":"open","ping_status":"open","template":"","meta":[],"_links":{"self":[{"href":"https:\/\/multiblog.educacion.navarra.es\/jalcald1\/wp-json\/wp\/v2\/pages\/85"}],"collection":[{"href":"https:\/\/multiblog.educacion.navarra.es\/jalcald1\/wp-json\/wp\/v2\/pages"}],"about":[{"href":"https:\/\/multiblog.educacion.navarra.es\/jalcald1\/wp-json\/wp\/v2\/types\/page"}],"author":[{"embeddable":true,"href":"https:\/\/multiblog.educacion.navarra.es\/jalcald1\/wp-json\/wp\/v2\/users\/236"}],"replies":[{"embeddable":true,"href":"https:\/\/multiblog.educacion.navarra.es\/jalcald1\/wp-json\/wp\/v2\/comments?post=85"}],"version-history":[{"count":0,"href":"https:\/\/multiblog.educacion.navarra.es\/jalcald1\/wp-json\/wp\/v2\/pages\/85\/revisions"}],"wp:attachment":[{"href":"https:\/\/multiblog.educacion.navarra.es\/jalcald1\/wp-json\/wp\/v2\/media?parent=85"}],"curies":[{"name":"wp","href":"https:\/\/api.w.org\/{rel}","templated":true}]}}