


{"id":99,"date":"2011-01-30T20:25:25","date_gmt":"2011-01-30T19:25:25","guid":{"rendered":"http:\/\/multiblog.educacion.navarra.es\/fpagolag\/"},"modified":"2012-08-05T10:36:42","modified_gmt":"2012-08-05T09:36:42","slug":"arbeiza","status":"publish","type":"page","link":"https:\/\/multiblog.educacion.navarra.es\/fpagolag\/arbeiza\/","title":{"rendered":"Arbeiza"},"content":{"rendered":"<div id=\"attachment_125\" style=\"width: 134px\" class=\"wp-caption alignleft\"><a href=\"http:\/\/multiblog.educacion.navarra.es\/fpagolag\/files\/2011\/01\/Escudo-de-Arbeiza_fondonegro.jpg\"><img aria-describedby=\"caption-attachment-125\" loading=\"lazy\" class=\"size-medium wp-image-125\" src=\"http:\/\/multiblog.educacion.navarra.es\/fpagolag\/files\/2011\/01\/Escudo-de-Arbeiza_fondonegro-257x300.jpg\" alt=\"Escudo de Arbeiza\" width=\"134\" height=\"157\" srcset=\"https:\/\/multiblog.educacion.navarra.es\/fpagolag\/files\/2011\/01\/Escudo-de-Arbeiza_fondonegro-257x300.jpg 257w, https:\/\/multiblog.educacion.navarra.es\/fpagolag\/files\/2011\/01\/Escudo-de-Arbeiza_fondonegro.jpg 300w\" sizes=\"(max-width: 134px) 100vw, 134px\" \/><\/a><p id=\"caption-attachment-125\" class=\"wp-caption-text\">Escudo de Arbeiza<\/p><\/div>\n<p style=\"text-align: justify\">Circunstancias de la vida hicieron que acabase viviendo en <a title=\"Arbeiza en la Wikipedia\" href=\"http:\/\/es.wikipedia.org\/wiki\/Arbeiza\" target=\"_blank\">Arbeiza<\/a>, un bonito pueblo, Concejo del <a title=\"Valle de All\u00edn\" href=\"http:\/\/es.wikipedia.org\/wiki\/Allin\" target=\"_blank\">Valle de All\u00edn<\/a>, en <a title=\"Tierra Estella\" href=\"http:\/\/es.wikipedia.org\/wiki\/Tierra_Estella\" target=\"_blank\">Tierra Estella<\/a>. En la actualidad tiene una poblaci\u00f3n de 143 habitantes.<\/p>\n<p style=\"text-align: justify\"><a title=\"Arbeiza en Google Maps\" href=\"http:\/\/maps.google.es\/maps?f=q&amp;source=s_q&amp;hl=es&amp;geocode=&amp;q=Arbeiza&amp;aq=&amp;sll=42.6748,-2.063713&amp;sspn=0.029028,0.055189&amp;ie=UTF8&amp;hq=&amp;hnear=Arbeiza,+All%C3%ADn,+Navarra,+Comunidad+Foral+de+Navarra&amp;ll=42.6748,-2.063713&amp;spn=0.029028,0.055189&amp;t=h&amp;z=14\" target=\"_blank\">Aqu\u00ed<\/a> pod\u00e9is ver la localizaci\u00f3n del pueblo en Google Maps.<\/p>\n<p>&nbsp;<br \/>\n&nbsp;<br \/>\n&nbsp;<\/p>\n<p style=\"text-align: justify\">El pueblo a vista de coche en este video:<\/p>\n<p style=\"text-align: justify\"><div class=\"embed-container\"><iframe width=\"750\" height=\"422\" src=\"https:\/\/www.youtube.com\/embed\/y4BJGTEOi7o?feature=oembed\" frameborder=\"0\" allowfullscreen><\/iframe><\/div><\/p>\n","protected":false},"excerpt":{"rendered":"<p>Circunstancias de la vida hicieron que acabase viviendo en Arbeiza, un bonito pueblo, Concejo del Valle de All\u00edn, en Tierra Estella. En la actualidad tiene una poblaci\u00f3n de 143 habitantes. Aqu\u00ed pod\u00e9is ver la localizaci\u00f3n del pueblo en Google Maps. &nbsp; &nbsp; &nbsp; El pueblo a vista de coche en este video:<\/p>\n","protected":false},"author":108,"featured_media":0,"parent":0,"menu_order":0,"comment_status":"open","ping_status":"open","template":"","meta":[],"_links":{"self":[{"href":"https:\/\/multiblog.educacion.navarra.es\/fpagolag\/wp-json\/wp\/v2\/pages\/99"}],"collection":[{"href":"https:\/\/multiblog.educacion.navarra.es\/fpagolag\/wp-json\/wp\/v2\/pages"}],"about":[{"href":"https:\/\/multiblog.educacion.navarra.es\/fpagolag\/wp-json\/wp\/v2\/types\/page"}],"author":[{"embeddable":true,"href":"https:\/\/multiblog.educacion.navarra.es\/fpagolag\/wp-json\/wp\/v2\/users\/108"}],"replies":[{"embeddable":true,"href":"https:\/\/multiblog.educacion.navarra.es\/fpagolag\/wp-json\/wp\/v2\/comments?post=99"}],"version-history":[{"count":0,"href":"https:\/\/multiblog.educacion.navarra.es\/fpagolag\/wp-json\/wp\/v2\/pages\/99\/revisions"}],"wp:attachment":[{"href":"https:\/\/multiblog.educacion.navarra.es\/fpagolag\/wp-json\/wp\/v2\/media?parent=99"}],"curies":[{"name":"wp","href":"https:\/\/api.w.org\/{rel}","templated":true}]}}