


{"id":86,"date":"2011-01-25T13:48:52","date_gmt":"2011-01-25T11:48:52","guid":{"rendered":"http:\/\/multiblog.educacion.navarra.es\/fpagolag\/"},"modified":"2012-08-25T09:24:44","modified_gmt":"2012-08-25T08:24:44","slug":"morihei-ueshiba","status":"publish","type":"page","link":"https:\/\/multiblog.educacion.navarra.es\/fpagolag\/aikido\/morihei-ueshiba\/","title":{"rendered":"Morihei Ueshiba O Sensei"},"content":{"rendered":"<div id=\"attachment_223\" style=\"width: 211px\" class=\"wp-caption alignleft\"><a href=\"http:\/\/multiblog.educacion.navarra.es\/fpagolag\/files\/2011\/01\/osensei.jpg\"><img aria-describedby=\"caption-attachment-223\" loading=\"lazy\" class=\"size-medium wp-image-223\" src=\"http:\/\/multiblog.educacion.navarra.es\/fpagolag\/files\/2011\/01\/osensei-211x300.jpg\" alt=\"osensei\" width=\"211\" height=\"300\" srcset=\"https:\/\/multiblog.educacion.navarra.es\/fpagolag\/files\/2011\/01\/osensei-211x300.jpg 211w, https:\/\/multiblog.educacion.navarra.es\/fpagolag\/files\/2011\/01\/osensei.jpg 400w\" sizes=\"(max-width: 211px) 100vw, 211px\" \/><\/a><p id=\"caption-attachment-223\" class=\"wp-caption-text\">Morihei Ueshiba OSensei<\/p><\/div>\n<p>El Fundador Morihei Ueshiba (1883-1969), interesandose en el <em>budo<\/em> desde muy ni\u00f1o, estudi\u00f3 en varias escuelas de Jujutsu, instruy\u00e9ndose tambi\u00e9n en el manejo del sable (Kenjutsu), de la lanza (Sojutsu) y el bast\u00f3n.<\/p>\n<p>Al <em>budo<\/em> que capt\u00f3 tras su experiencia lo llam\u00f3 posteriormente Aikido. As\u00ed, la mayor parte de las t\u00e9cnicas de Aikido son m\u00e1s o menos similares a las de varias escuelas de Jujutsu y un buen n\u00famero de las t\u00e9cnicas b\u00e1sicas se derivan de las artes de manejar la espada, el bast\u00f3n o la lanza.<\/p>\n<p>Se puede obtener m\u00e1s informaci\u00f3n sobre la vida del Fundador, bien a trav\u00e9s de libros como &#8220;Aikido. La pr\u00e1ctica&#8221;, de Kisshomaru Ueshiba, o bien visitando la p\u00e1gina web oficial de la <a href=\"http:\/\/www.aikikai.org\/index-e.htm\">Fundaci\u00f3n Aikikai<\/a> de Tokio.<\/p>\n","protected":false},"excerpt":{"rendered":"<p>El Fundador Morihei Ueshiba (1883-1969), interesandose en el budo desde muy ni\u00f1o, estudi\u00f3 en varias escuelas de Jujutsu, instruy\u00e9ndose tambi\u00e9n en el manejo del sable (Kenjutsu), de la lanza (Sojutsu) y el bast\u00f3n. Al budo que capt\u00f3 tras su experiencia lo llam\u00f3 posteriormente Aikido. As\u00ed, la mayor parte de las t\u00e9cnicas de Aikido son m\u00e1s &hellip; <\/p>\n<p><a class=\"more-link btn\" href=\"https:\/\/multiblog.educacion.navarra.es\/fpagolag\/aikido\/morihei-ueshiba\/\">Continue reading<\/a><\/p>\n","protected":false},"author":108,"featured_media":0,"parent":78,"menu_order":3,"comment_status":"open","ping_status":"open","template":"","meta":[],"_links":{"self":[{"href":"https:\/\/multiblog.educacion.navarra.es\/fpagolag\/wp-json\/wp\/v2\/pages\/86"}],"collection":[{"href":"https:\/\/multiblog.educacion.navarra.es\/fpagolag\/wp-json\/wp\/v2\/pages"}],"about":[{"href":"https:\/\/multiblog.educacion.navarra.es\/fpagolag\/wp-json\/wp\/v2\/types\/page"}],"author":[{"embeddable":true,"href":"https:\/\/multiblog.educacion.navarra.es\/fpagolag\/wp-json\/wp\/v2\/users\/108"}],"replies":[{"embeddable":true,"href":"https:\/\/multiblog.educacion.navarra.es\/fpagolag\/wp-json\/wp\/v2\/comments?post=86"}],"version-history":[{"count":0,"href":"https:\/\/multiblog.educacion.navarra.es\/fpagolag\/wp-json\/wp\/v2\/pages\/86\/revisions"}],"up":[{"embeddable":true,"href":"https:\/\/multiblog.educacion.navarra.es\/fpagolag\/wp-json\/wp\/v2\/pages\/78"}],"wp:attachment":[{"href":"https:\/\/multiblog.educacion.navarra.es\/fpagolag\/wp-json\/wp\/v2\/media?parent=86"}],"curies":[{"name":"wp","href":"https:\/\/api.w.org\/{rel}","templated":true}]}}