


{"id":84,"date":"2011-01-25T13:47:00","date_gmt":"2011-01-25T11:47:00","guid":{"rendered":"http:\/\/multiblog.educacion.navarra.es\/fpagolag\/"},"modified":"2012-08-25T10:08:57","modified_gmt":"2012-08-25T09:08:57","slug":"durante-la-practica","status":"publish","type":"page","link":"https:\/\/multiblog.educacion.navarra.es\/fpagolag\/aikido\/durante-la-practica\/","title":{"rendered":"Durante la pr\u00e1ctica"},"content":{"rendered":"<p style=\"text-align: justify\"><a href=\"http:\/\/multiblog.educacion.navarra.es\/fpagolag\/files\/2011\/01\/kitaura.jpg\"><img loading=\"lazy\" class=\"alignleft size-full wp-image-226\" src=\"http:\/\/multiblog.educacion.navarra.es\/fpagolag\/files\/2011\/01\/kitaura.jpg\" alt=\"Yasunari Kitaura\" width=\"228\" height=\"238\" srcset=\"https:\/\/multiblog.educacion.navarra.es\/fpagolag\/files\/2011\/01\/kitaura.jpg 228w, https:\/\/multiblog.educacion.navarra.es\/fpagolag\/files\/2011\/01\/kitaura-24x24.jpg 24w\" sizes=\"(max-width: 228px) 100vw, 228px\" \/><\/a>El Aikido representa un vasto y complejo sistema. Una parte esencial de ese sistema es su aspecto de Arte Marcial.<\/p>\n<p style=\"text-align: justify\">No se deben aprovechar los huecos del compa\u00f1ero en la pr\u00e1ctica del Aikido. Se se\u00f1alan durante el entrenamiento solo para que el estudiante se percaten de que existen y pueda, por tanto, protegerse de ellos.<\/p>\n<p style=\"text-align: justify\">El trabajar con un compa\u00f1ero no deber\u00eda ser prueba (conflicto) de energ\u00edas. Cada individuo, uke (atacante) y tori (el que realiza la t\u00e9cnica), en toda t\u00e9cnica se mueve desde el centro (seika tanden) y uni\u00e9ndose se convierten en un \u00fanico y controlado movimiento.<\/p>\n<p style=\"text-align: justify\">El Aikido es un budo f\u00edsico, pero debe ir acompa\u00f1ado por un desarrollo personal y un crecimiento mental.<\/p>\n<p style=\"text-align: justify\">Sabiendo que un agresor aprovechar\u00e1 cualquier error que se le ofrezca, el estudiante de Aikido debe eliminar huecos y desarrollar un control del adversario para evitar ser herido y al mismo tiempo sin herirle o permitiendo que se hiera a s\u00ed mismo en el proceso.<\/p>\n<p style=\"text-align: justify\">En el DOJO CENTRAL en TOKYO se han fijado las siguientes REGLAS DURANTE LA PRACTICA:<\/p>\n<ol>\n<li>Durante la pr\u00e1ctica obedece a tu profesor y no hagas de ella un momento para pruebas de fuerza innecesarias.<\/li>\n<li>El Aikido es un arte en el que un hombre aprende a enfrentarse a numerosos oponentes simult\u00e1neamente. Ello requiere pulir y perfeccionar la ejecuci\u00f3n de cada movimiento, de manera que puedas hacerte cargo no solo del adversario enfrente de t\u00ed, sino tambi\u00e9n de aquellos que se te aproximen en todas direcciones.<\/li>\n<li>Practica siempre con un sentimiento de agradable j\u00fabilo.<\/li>\n<li>La ense\u00f1anza de tu profesor s\u00f3lo constituye una peque\u00f1a fracci\u00f3n de lo que aprender\u00e1s. Tu maestr\u00eda en cada movimiento depender\u00e1 completamente de tu propia y seria pr\u00e1ctica.<\/li>\n<li>El objetivo del Aikido es entrenar tanto el cuerpo como la mente para hacer un hombre sincero. Todas las artes del Aikido son de naturaleza secreta y no deben ser reveladas p\u00fablicamente ni ense\u00f1adas a aquellos que las usar\u00e1n con fines err\u00f3neos.<\/li>\n<\/ol>\n","protected":false},"excerpt":{"rendered":"<p>El Aikido representa un vasto y complejo sistema. Una parte esencial de ese sistema es su aspecto de Arte Marcial. No se deben aprovechar los huecos del compa\u00f1ero en la pr\u00e1ctica del Aikido. Se se\u00f1alan durante el entrenamiento solo para que el estudiante se percaten de que existen y pueda, por tanto, protegerse de ellos. &hellip; <\/p>\n<p><a class=\"more-link btn\" href=\"https:\/\/multiblog.educacion.navarra.es\/fpagolag\/aikido\/durante-la-practica\/\">Continue reading<\/a><\/p>\n","protected":false},"author":108,"featured_media":0,"parent":78,"menu_order":2,"comment_status":"open","ping_status":"open","template":"","meta":[],"_links":{"self":[{"href":"https:\/\/multiblog.educacion.navarra.es\/fpagolag\/wp-json\/wp\/v2\/pages\/84"}],"collection":[{"href":"https:\/\/multiblog.educacion.navarra.es\/fpagolag\/wp-json\/wp\/v2\/pages"}],"about":[{"href":"https:\/\/multiblog.educacion.navarra.es\/fpagolag\/wp-json\/wp\/v2\/types\/page"}],"author":[{"embeddable":true,"href":"https:\/\/multiblog.educacion.navarra.es\/fpagolag\/wp-json\/wp\/v2\/users\/108"}],"replies":[{"embeddable":true,"href":"https:\/\/multiblog.educacion.navarra.es\/fpagolag\/wp-json\/wp\/v2\/comments?post=84"}],"version-history":[{"count":0,"href":"https:\/\/multiblog.educacion.navarra.es\/fpagolag\/wp-json\/wp\/v2\/pages\/84\/revisions"}],"up":[{"embeddable":true,"href":"https:\/\/multiblog.educacion.navarra.es\/fpagolag\/wp-json\/wp\/v2\/pages\/78"}],"wp:attachment":[{"href":"https:\/\/multiblog.educacion.navarra.es\/fpagolag\/wp-json\/wp\/v2\/media?parent=84"}],"curies":[{"name":"wp","href":"https:\/\/api.w.org\/{rel}","templated":true}]}}