


{"id":83,"date":"2011-01-25T13:45:59","date_gmt":"2011-01-25T11:45:59","guid":{"rendered":"http:\/\/multiblog.educacion.navarra.es\/fpagolag\/"},"modified":"2012-08-25T10:07:47","modified_gmt":"2012-08-25T09:07:47","slug":"etiqueta-del-dojo","status":"publish","type":"page","link":"https:\/\/multiblog.educacion.navarra.es\/fpagolag\/aikido\/etiqueta-del-dojo\/","title":{"rendered":"Etiqueta del Dojo"},"content":{"rendered":"<p style=\"text-align: justify\"><a href=\"http:\/\/multiblog.educacion.navarra.es\/fpagolag\/files\/2011\/01\/Saludo-a-OSensei2.jpg\"><img loading=\"lazy\" class=\"alignright size-medium wp-image-224\" src=\"http:\/\/multiblog.educacion.navarra.es\/fpagolag\/files\/2011\/01\/Saludo-a-OSensei2-300x275.jpg\" alt=\"Saludo a OSensei\" width=\"300\" height=\"275\" srcset=\"https:\/\/multiblog.educacion.navarra.es\/fpagolag\/files\/2011\/01\/Saludo-a-OSensei2-300x275.jpg 300w, https:\/\/multiblog.educacion.navarra.es\/fpagolag\/files\/2011\/01\/Saludo-a-OSensei2.jpg 414w\" sizes=\"(max-width: 300px) 100vw, 300px\" \/><\/a>La etiqueta del Dojo son unas m\u00ednimas normas que rigen dentro del Dojo y del tatami para los practicantes del Aikido.<\/p>\n<ol style=\"text-align: justify\">\n<li>Al entrar al Dojo lleva puesto el keikogi y el obi correctamente atado.<\/li>\n<li>El saludo: permanece sentado sobre tus talones. Coloca la mano izquierda despu\u00e9s de la derecha sobre el tatami delante de t\u00ed, de manera que los pulgares e \u00edndices formen un tri\u00e1ngulo.<\/li>\n<li>Cuando el maestro, o instructor designado, entre en el Dojo, todos los presentes deben alinearse de rodillas mirando hacia la foto del fundador.<\/li>\n<li>Al comenzar la clase: saludad todos con el maestro hacia la foto del fundador y despu\u00e9s devolved el saludo al maestro. Seguid sus indicaciones durante los ejercicios de calentamiento.<\/li>\n<li>Durante la clase: realiza de pi\u00e9 un saludo a tu antigua y nueva pareja. Si el profesor os ense\u00f1a a t\u00ed y a tu pareja individualmente, es apropiado realizar un saludo tras ello. Mientras el profesor est\u00e9 trabajando con tu pareja, permanece de rodillas en el tatami.<\/li>\n<li>Aseg\u00farate de que tu keikogi permanece correctamente atado durante la pr\u00e1ctica y de que permaneces adecuadamente cubierto.<\/li>\n<li>Al llegar tarde a clase o marcharte antes de que finalice: espera antes de entrar o dejar el Dojo hasta que el profesor no est\u00e9 ense\u00f1ando. Espera la borde del tatami para pedir permiso al maestro para entrar. Realiza el apropiado saludo de rodillas. Cuando te vayas antes de tiempo, ve al maestro y p\u00eddele permiso para abandonar la clase y realiza el saludo de rodillas antes de dejar el tatami.<\/li>\n<li>Al abandonar el Dojo realiza un saludo de rodillas y luego de pi\u00e9, de manera similar a cuando entraste en el Dojo, pero en orden inverso.<\/li>\n<li>Lava el keikogi al menos una vez por semana. Mantenlo en buen estado. Tambi\u00e9n aseg\u00farate de que las u\u00f1as de las manos y de los pies est\u00e1n bien cortadas y el pelo largo bine sujeto por detr\u00e1s. Mant\u00e9n un alto nivel de higiene personal.<\/li>\n<\/ol>\n","protected":false},"excerpt":{"rendered":"<p>La etiqueta del Dojo son unas m\u00ednimas normas que rigen dentro del Dojo y del tatami para los practicantes del Aikido. Al entrar al Dojo lleva puesto el keikogi y el obi correctamente atado. El saludo: permanece sentado sobre tus talones. Coloca la mano izquierda despu\u00e9s de la derecha sobre el tatami delante de t\u00ed, &hellip; <\/p>\n<p><a class=\"more-link btn\" href=\"https:\/\/multiblog.educacion.navarra.es\/fpagolag\/aikido\/etiqueta-del-dojo\/\">Continue reading<\/a><\/p>\n","protected":false},"author":108,"featured_media":0,"parent":78,"menu_order":1,"comment_status":"open","ping_status":"open","template":"","meta":[],"_links":{"self":[{"href":"https:\/\/multiblog.educacion.navarra.es\/fpagolag\/wp-json\/wp\/v2\/pages\/83"}],"collection":[{"href":"https:\/\/multiblog.educacion.navarra.es\/fpagolag\/wp-json\/wp\/v2\/pages"}],"about":[{"href":"https:\/\/multiblog.educacion.navarra.es\/fpagolag\/wp-json\/wp\/v2\/types\/page"}],"author":[{"embeddable":true,"href":"https:\/\/multiblog.educacion.navarra.es\/fpagolag\/wp-json\/wp\/v2\/users\/108"}],"replies":[{"embeddable":true,"href":"https:\/\/multiblog.educacion.navarra.es\/fpagolag\/wp-json\/wp\/v2\/comments?post=83"}],"version-history":[{"count":0,"href":"https:\/\/multiblog.educacion.navarra.es\/fpagolag\/wp-json\/wp\/v2\/pages\/83\/revisions"}],"up":[{"embeddable":true,"href":"https:\/\/multiblog.educacion.navarra.es\/fpagolag\/wp-json\/wp\/v2\/pages\/78"}],"wp:attachment":[{"href":"https:\/\/multiblog.educacion.navarra.es\/fpagolag\/wp-json\/wp\/v2\/media?parent=83"}],"curies":[{"name":"wp","href":"https:\/\/api.w.org\/{rel}","templated":true}]}}