


{"id":82,"date":"2011-01-25T13:44:38","date_gmt":"2011-01-25T11:44:38","guid":{"rendered":"http:\/\/multiblog.educacion.navarra.es\/fpagolag\/"},"modified":"2011-01-25T16:44:32","modified_gmt":"2011-01-25T14:44:32","slug":"el-equipo","status":"publish","type":"page","link":"https:\/\/multiblog.educacion.navarra.es\/fpagolag\/aikido\/el-equipo\/","title":{"rendered":"El equipo"},"content":{"rendered":"<div id=\"attachment_92\" style=\"width: 125px\" class=\"wp-caption alignleft\"><a href=\"http:\/\/multiblog.educacion.navarra.es\/fpagolag\/files\/2011\/01\/HAKAMA.jpg\"><img aria-describedby=\"caption-attachment-92\" loading=\"lazy\" class=\"size-full wp-image-92\" src=\"http:\/\/multiblog.educacion.navarra.es\/fpagolag\/files\/2011\/01\/HAKAMA.jpg\" alt=\"Hakama\" width=\"125\" height=\"216\" \/><\/a><p id=\"caption-attachment-92\" class=\"wp-caption-text\">Hakama<\/p><\/div>\n<p>El atuendo indicado para la pr\u00e1ctica (keiko) del Aikido es el que se utiliza en Judo. Se lleva un keikogi (chaqueta y pantal\u00f3n de algod\u00f3n blanco) y un cinto blanco o keiko-obi. La hakama o falda-pantal\u00f3n, confeccionada en algod\u00f3n \u00edndigo o negro, se autoriza a utilizarla al alumno o alumna que haya alcanzado el primer kyu o cintur\u00f3n marr\u00f3n.<\/p>\n<p>En cuanto a las armas que se emplean, \u00e9stas son de madera de roble. Las m\u00e1s habituales son el bokken, el jo y el tanto. El bokken es un sustituto en madera de la katana. En Aikido se utiliza normalmente sin tsuba (protecci\u00f3n de la empu\u00f1adura). El jo es un bast\u00f3n corto japones, de aproximadamente 130 cms. de longitud y 2,5 cms. de di\u00e1metro. el tanto, de unos 30 cms. es el pu\u00f1al japones. Todas las armas es recomendable que vayan en su correspondiente funda.<\/p>\n<div id=\"attachment_94\" style=\"width: 600px\" class=\"wp-caption aligncenter\"><a href=\"http:\/\/multiblog.educacion.navarra.es\/fpagolag\/files\/2011\/01\/bokken-y-jo.png\"><img aria-describedby=\"caption-attachment-94\" loading=\"lazy\" class=\"size-full wp-image-94\" src=\"http:\/\/multiblog.educacion.navarra.es\/fpagolag\/files\/2011\/01\/bokken-y-jo.png\" alt=\"bokken y jo\" width=\"600\" height=\"50\" srcset=\"https:\/\/multiblog.educacion.navarra.es\/fpagolag\/files\/2011\/01\/bokken-y-jo.png 600w, https:\/\/multiblog.educacion.navarra.es\/fpagolag\/files\/2011\/01\/bokken-y-jo-300x25.png 300w\" sizes=\"(max-width: 600px) 100vw, 600px\" \/><\/a><p id=\"caption-attachment-94\" class=\"wp-caption-text\">bokken y jo<\/p><\/div>\n","protected":false},"excerpt":{"rendered":"<p>El atuendo indicado para la pr\u00e1ctica (keiko) del Aikido es el que se utiliza en Judo. Se lleva un keikogi (chaqueta y pantal\u00f3n de algod\u00f3n blanco) y un cinto blanco o keiko-obi. La hakama o falda-pantal\u00f3n, confeccionada en algod\u00f3n \u00edndigo o negro, se autoriza a utilizarla al alumno o alumna que haya alcanzado el primer &hellip; <\/p>\n<p><a class=\"more-link btn\" href=\"https:\/\/multiblog.educacion.navarra.es\/fpagolag\/aikido\/el-equipo\/\">Continue reading<\/a><\/p>\n","protected":false},"author":108,"featured_media":0,"parent":78,"menu_order":0,"comment_status":"open","ping_status":"open","template":"","meta":[],"_links":{"self":[{"href":"https:\/\/multiblog.educacion.navarra.es\/fpagolag\/wp-json\/wp\/v2\/pages\/82"}],"collection":[{"href":"https:\/\/multiblog.educacion.navarra.es\/fpagolag\/wp-json\/wp\/v2\/pages"}],"about":[{"href":"https:\/\/multiblog.educacion.navarra.es\/fpagolag\/wp-json\/wp\/v2\/types\/page"}],"author":[{"embeddable":true,"href":"https:\/\/multiblog.educacion.navarra.es\/fpagolag\/wp-json\/wp\/v2\/users\/108"}],"replies":[{"embeddable":true,"href":"https:\/\/multiblog.educacion.navarra.es\/fpagolag\/wp-json\/wp\/v2\/comments?post=82"}],"version-history":[{"count":0,"href":"https:\/\/multiblog.educacion.navarra.es\/fpagolag\/wp-json\/wp\/v2\/pages\/82\/revisions"}],"up":[{"embeddable":true,"href":"https:\/\/multiblog.educacion.navarra.es\/fpagolag\/wp-json\/wp\/v2\/pages\/78"}],"wp:attachment":[{"href":"https:\/\/multiblog.educacion.navarra.es\/fpagolag\/wp-json\/wp\/v2\/media?parent=82"}],"curies":[{"name":"wp","href":"https:\/\/api.w.org\/{rel}","templated":true}]}}