


{"id":71,"date":"2011-01-12T05:13:30","date_gmt":"2011-01-12T04:13:30","guid":{"rendered":"http:\/\/multiblog.educacion.navarra.es\/fpagolag\/"},"modified":"2013-09-16T18:59:58","modified_gmt":"2013-09-16T17:59:58","slug":"publicaciones","status":"publish","type":"page","link":"https:\/\/multiblog.educacion.navarra.es\/fpagolag\/publicaciones\/","title":{"rendered":"Publicaciones y cursos"},"content":{"rendered":"<ul>\n<li>Participaci\u00f3n y <a title=\"Ponencia\" href=\"http:\/\/www.ite.educacion.es\/es\/comunicaciones\/experiencias-en-primaria\/67-el-proyecto-integra-tic-en-el-cpeip-de-abarzuza-aportaciones-de-la-escuela-20-a-una-escuela-rural\" target=\"_blank\">Ponencia<\/a> en el <a title=\"I Congreso Escuela 2.0\" href=\"http:\/\/www.ite.educacion.es\/es\/icongreso\" target=\"_blank\">I Congreso Escuela 2.0<\/a>, celebrado en Madrid en octubre de 2010.<\/li>\n<li>Publicaci\u00f3n de &#8220;<a title=\"Las TIC en la Escuela Rural de Ab\u00e1rzuza\" href=\"http:\/\/recursostic.educacion.es\/blogs\/buenaspracticas20\/index.php\/2011\/01\/08\/las-tic-en-la-escuela-rural-de-abarzuza\" target=\"_blank\">Las TIC en la Escuela Rural de Ab\u00e1rzuza<\/a>&#8220;, en el Blog de Buenas Pr\u00e1cTICas 2.0 del Instituto de Tecnolog\u00edas Educativas (ITE) del Ministerio de Educaci\u00f3n, en enero de 2011.<\/li>\n<li>El 4 de junio de 2011, se presenta en Madrid, en el Museo Reina Sof\u00eda, previamente a la Ceremonia de Entrega del <a title=\"V Premio Espiral Edublogs 2011\" href=\"http:\/\/www.espiraledublogs.org\/2011\/\" target=\"_blank\">V Premio Espiral Edublogs 2011<\/a>, el libro <a title=\"Experiencias educativas en las aulas del siglo XXI\" href=\"http:\/\/www.fundacion.telefonica.com\/es\/debateyconocimiento\/publicaciones\/index.htm\" target=\"_blank\">&#8220;Experiencias educativas en las aulas del siglo XXI. Innovaci\u00f3n con TIC&#8221;<\/a>. Este libro es una publicaci\u00f3n monogr\u00e1fica realizada en colaboraci\u00f3n con <a title=\"Espiral, Educaci\u00f3n y Tecnolog\u00eda\" href=\"http:\/\/www.ciberespiral.org\/index.php\" target=\"_blank\">Espiral, Educaci\u00f3n y Tecnolog\u00eda<\/a> y editada por el \u00e1rea de <a title=\"Educared\" href=\"http:\/\/www.educared.org\/global\/educared\/\" target=\"_blank\">Educaci\u00f3n y Conocimiento en Red de Fundaci\u00f3n Telef\u00f3nica<\/a>, que recoge 94 experiencias educativas innovadoras, de la mano de 112 profesionales del mundo de la educaci\u00f3n. Entre dichas experiencias se recoge la del CPEIP de Ab\u00e1rzuza, bajo el t\u00edtulo <strong>&#8220;El Proyecto Integra-TIC en la escuela rural de Ab\u00e1rzuza&#8221;.<\/strong><\/li>\n<li>Seminario &#8220;<a title=\"Educaci\u00f3n Inclusiva\" href=\"http:\/\/multiblog.educacion.navarra.es\/fpagolag\/files\/2011\/12\/Educaci%C3%B3n-inclusiva.doc\" target=\"_blank\">Hacia una educaci\u00f3n inclusiva. Experiencias y buenas pr\u00e1cticas<\/a>&#8220;. Octubre-noviembre de 2011. En el CAP de Pamplona, convocado por la Secci\u00f3n de la Coordinaci\u00f3n de la Intervenci\u00f3n Educativa y Proyectos de Inclusi\u00f3n.<\/li>\n<li>Bolet\u00edn del Departamento de Educaci\u00f3n. 25 de noviembre de 2011. &#8220;<a title=\"Educaci\u00f3n Inclusiva y Proyectos en Ab\u00e1rzuza\" href=\"http:\/\/multiblog.educacion.navarra.es\/fpagolag\/files\/2011\/12\/abarzuza-educacion-inclusiva.pdf\" target=\"_blank\">Hacia una educaci\u00f3n inclusiva. Metodolog\u00eda por proyectos<\/a>&#8221; del CEIP de Ab\u00e1rzuza.<\/li>\n<li>Taller de &#8220;<a title=\"Taller de Publicaci\u00f3n Web\" href=\"http:\/\/dpto.educacion.navarra.es\/formacionprofesorado\/index.php?option=com_content&amp;view=article&amp;id=854&amp;Itemid=411&amp;lang=es\" target=\"_blank\">Publicaci\u00f3n Web<\/a>&#8220;, en el <a title=\"CAP de Pamplona\" href=\"http:\/\/dpto.educacion.navarra.es\/formacionprofesorado\/index.php?option=com_content&amp;view=article&amp;id=46&amp;Itemid=54&amp;lang=es\" target=\"_blank\">CAP de Pamplona<\/a>. Noviembre-diciembre de 2011.<\/li>\n<li>Taller online \u201cExperiencias TIC en centros educativos\u201d. Experiencia: Proyecto de herramientas colaborativas de la web 2.0 en un centro rural. CAP de Pamplona.Sesi\u00f3n on-line: 25 abril 2012, mi\u00e9rcoles de 17:30 a 19:30.<\/li>\n<li><a title=\"Innovaci\u00f3n Educativa UPNA\" href=\"https:\/\/www.dropbox.com\/s\/wyut6bmo76il3n4\/innoupna.pdf\" target=\"_blank\">II Seminario de Innovaci\u00f3n Educativa<\/a> en la Universidad P\u00fablica de Navarra (UPNA), bajo la coordinaci\u00f3n de Reyes Berruezo Alb\u00e9niz y Francisco Soto Alfaro, en febrero de 2013. T\u00edtulo de la presentaci\u00f3n: &#8220;Escuela rural: blogs de aula y proyectos&#8221;.<\/li>\n<\/ul>\n","protected":false},"excerpt":{"rendered":"<p>Participaci\u00f3n y Ponencia en el I Congreso Escuela 2.0, celebrado en Madrid en octubre de 2010. Publicaci\u00f3n de &#8220;Las TIC en la Escuela Rural de Ab\u00e1rzuza&#8220;, en el Blog de Buenas Pr\u00e1cTICas 2.0 del Instituto de Tecnolog\u00edas Educativas (ITE) del Ministerio de Educaci\u00f3n, en enero de 2011. El 4 de junio de 2011, se presenta &hellip; <\/p>\n<p><a class=\"more-link btn\" href=\"https:\/\/multiblog.educacion.navarra.es\/fpagolag\/publicaciones\/\">Continue reading<\/a><\/p>\n","protected":false},"author":108,"featured_media":0,"parent":0,"menu_order":3,"comment_status":"open","ping_status":"closed","template":"","meta":[],"_links":{"self":[{"href":"https:\/\/multiblog.educacion.navarra.es\/fpagolag\/wp-json\/wp\/v2\/pages\/71"}],"collection":[{"href":"https:\/\/multiblog.educacion.navarra.es\/fpagolag\/wp-json\/wp\/v2\/pages"}],"about":[{"href":"https:\/\/multiblog.educacion.navarra.es\/fpagolag\/wp-json\/wp\/v2\/types\/page"}],"author":[{"embeddable":true,"href":"https:\/\/multiblog.educacion.navarra.es\/fpagolag\/wp-json\/wp\/v2\/users\/108"}],"replies":[{"embeddable":true,"href":"https:\/\/multiblog.educacion.navarra.es\/fpagolag\/wp-json\/wp\/v2\/comments?post=71"}],"version-history":[{"count":0,"href":"https:\/\/multiblog.educacion.navarra.es\/fpagolag\/wp-json\/wp\/v2\/pages\/71\/revisions"}],"wp:attachment":[{"href":"https:\/\/multiblog.educacion.navarra.es\/fpagolag\/wp-json\/wp\/v2\/media?parent=71"}],"curies":[{"name":"wp","href":"https:\/\/api.w.org\/{rel}","templated":true}]}}