


{"id":54,"date":"2010-11-14T20:57:05","date_gmt":"2010-11-14T18:57:05","guid":{"rendered":"http:\/\/multiblog.educacion.navarra.es\/fpagolag\/"},"modified":"2014-04-10T11:22:45","modified_gmt":"2014-04-10T10:22:45","slug":"recursos-creative-commons","status":"publish","type":"page","link":"https:\/\/multiblog.educacion.navarra.es\/fpagolag\/recursos-creative-commons\/","title":{"rendered":"Recursos Creative Commons"},"content":{"rendered":"<h1>Recursos con licencia Creative Commons<\/h1>\n<h2>Im\u00e1genes<\/h2>\n<p>13 sitios con im\u00e1genes para utilizar libremente con Licencia Creative Commons y dominio p\u00fablico, que no requieren permiso de uso y que permiten la reutilizaci\u00f3n del contenido, incluso con prop\u00f3sitos comerciales.<\/p>\n<p style=\"text-align: center;\">wptavern.com\/13-sources-for-free-public-domain-and-cc0-licensed-images<\/p>\n<p><a title=\"WP Tavern\" href=\"http:\/\/wptavern.com\/13-sources-for-free-public-domain-and-cc0-licensed-images\" target=\"_blank\"><img loading=\"lazy\" class=\"aligncenter size-medium wp-image-271\" alt=\"13 Sources For Free Public Domain and CC0 Licensed Images\" src=\"http:\/\/multiblog.educacion.navarra.es\/fpagolag\/files\/2010\/11\/13-Sources-For-Free-Public-Domain-and-CC0-Licensed-Images-300x86.png\" width=\"300\" height=\"86\" srcset=\"https:\/\/multiblog.educacion.navarra.es\/fpagolag\/files\/2010\/11\/13-Sources-For-Free-Public-Domain-and-CC0-Licensed-Images-300x86.png 300w, https:\/\/multiblog.educacion.navarra.es\/fpagolag\/files\/2010\/11\/13-Sources-For-Free-Public-Domain-and-CC0-Licensed-Images-1024x295.png 1024w, https:\/\/multiblog.educacion.navarra.es\/fpagolag\/files\/2010\/11\/13-Sources-For-Free-Public-Domain-and-CC0-Licensed-Images.png 1075w\" sizes=\"(max-width: 300px) 100vw, 300px\" \/><\/a><\/p>\n<h2>Fotograf\u00eda<\/h2>\n<p style=\"text-align: center;\">search.creativecommons.org\/<\/p>\n<p style=\"text-align: center;\"><a href=\"http:\/\/search.creativecommons.org\/\"><img loading=\"lazy\" class=\"aligncenter size-medium wp-image-192\" alt=\"\" src=\"http:\/\/multiblog.educacion.navarra.es\/fpagolag\/files\/2010\/11\/CC-Search-300x82.png\" width=\"300\" height=\"82\" srcset=\"https:\/\/multiblog.educacion.navarra.es\/fpagolag\/files\/2010\/11\/CC-Search-300x82.png 300w, https:\/\/multiblog.educacion.navarra.es\/fpagolag\/files\/2010\/11\/CC-Search.png 400w\" sizes=\"(max-width: 300px) 100vw, 300px\" \/><\/a><\/p>\n<p style=\"text-align: center;\">photopin.com\/<\/p>\n<p style=\"text-align: center;\"><a href=\"http:\/\/photopin.com\/\"><img loading=\"lazy\" class=\"aligncenter size-medium wp-image-191\" alt=\"\" src=\"http:\/\/multiblog.educacion.navarra.es\/fpagolag\/files\/2010\/11\/Photo-Pin-300x123.png\" width=\"300\" height=\"123\" srcset=\"https:\/\/multiblog.educacion.navarra.es\/fpagolag\/files\/2010\/11\/Photo-Pin-300x123.png 300w, https:\/\/multiblog.educacion.navarra.es\/fpagolag\/files\/2010\/11\/Photo-Pin.png 400w\" sizes=\"(max-width: 300px) 100vw, 300px\" \/><\/a><\/p>\n<p style=\"text-align: center;\">www.wylio.com<\/p>\n<h2><a title=\"Wylio\" href=\"http:\/\/wylio.com\/\" target=\"_blank\"><img loading=\"lazy\" class=\"aligncenter size-full wp-image-55\" alt=\"wylio\" src=\"http:\/\/multiblog.educacion.navarra.es\/fpagolag\/files\/2010\/11\/wylio.jpg\" width=\"297\" height=\"198\" \/><\/a><\/h2>\n<p style=\"text-align: center;\">www.publicdomainsherpa.com\/public-domain-photographs.html<\/p>\n<p style=\"text-align: center;\"><a title=\"Public Domain Sherpa\" href=\"http:\/\/www.publicdomainsherpa.com\/public-domain-photographs.html\" target=\"_blank\"><img loading=\"lazy\" class=\"aligncenter size-medium wp-image-96\" alt=\"Public Domain Sherpa\" src=\"http:\/\/multiblog.educacion.navarra.es\/fpagolag\/files\/2010\/11\/Public-Domain-Sherpa-300x64.png\" width=\"300\" height=\"64\" srcset=\"https:\/\/multiblog.educacion.navarra.es\/fpagolag\/files\/2010\/11\/Public-Domain-Sherpa-300x64.png 300w, https:\/\/multiblog.educacion.navarra.es\/fpagolag\/files\/2010\/11\/Public-Domain-Sherpa.png 320w\" sizes=\"(max-width: 300px) 100vw, 300px\" \/><\/a><\/p>\n<p style=\"text-align: center;\">www.sprixi.com<\/p>\n<p><a title=\"Sprixi\" href=\"http:\/\/www.sprixi.com\/\" target=\"_blank\"><img loading=\"lazy\" class=\"aligncenter size-medium wp-image-61\" alt=\"sprixi\" src=\"http:\/\/multiblog.educacion.navarra.es\/fpagolag\/files\/2010\/11\/sprixi-300x97.png\" width=\"300\" height=\"97\" srcset=\"https:\/\/multiblog.educacion.navarra.es\/fpagolag\/files\/2010\/11\/sprixi-300x97.png 300w, https:\/\/multiblog.educacion.navarra.es\/fpagolag\/files\/2010\/11\/sprixi.png 358w\" sizes=\"(max-width: 300px) 100vw, 300px\" \/><\/a><\/p>\n<h2>M\u00fasica<\/h2>\n<p style=\"text-align: center;\">recursostic.educacion.es\/bancoimagenes\/web\/<\/p>\n<p style=\"text-align: center;\"><a href=\"http:\/\/recursostic.educacion.es\/bancoimagenes\/web\/\"><img loading=\"lazy\" class=\"aligncenter size-medium wp-image-195\" alt=\"\" src=\"http:\/\/multiblog.educacion.navarra.es\/fpagolag\/files\/2010\/11\/Banco-de-Im\u00e1genes-y-Sonidos-300x23.png\" width=\"300\" height=\"23\" srcset=\"https:\/\/multiblog.educacion.navarra.es\/fpagolag\/files\/2010\/11\/Banco-de-Im\u00e1genes-y-Sonidos-300x23.png 300w, https:\/\/multiblog.educacion.navarra.es\/fpagolag\/files\/2010\/11\/Banco-de-Im\u00e1genes-y-Sonidos.png 400w\" sizes=\"(max-width: 300px) 100vw, 300px\" \/><\/a><\/p>\n<p style=\"text-align: center;\">grooveshark.com\/<\/p>\n<p style=\"text-align: center;\"><a href=\"http:\/\/grooveshark.com\/\"><img loading=\"lazy\" class=\"aligncenter  wp-image-194\" alt=\"\" src=\"http:\/\/multiblog.educacion.navarra.es\/fpagolag\/files\/2010\/11\/grooveshark-300x128.png\" width=\"300\" height=\"128\" srcset=\"https:\/\/multiblog.educacion.navarra.es\/fpagolag\/files\/2010\/11\/grooveshark-300x128.png 300w, https:\/\/multiblog.educacion.navarra.es\/fpagolag\/files\/2010\/11\/grooveshark.png 400w\" sizes=\"(max-width: 300px) 100vw, 300px\" \/><\/a><\/p>\n<p style=\"text-align: center;\">soundcloud.com\/<\/p>\n<p style=\"text-align: center;\"><a href=\"http:\/\/soundcloud.com\/\"><img loading=\"lazy\" class=\"aligncenter size-medium wp-image-193\" alt=\"\" src=\"http:\/\/multiblog.educacion.navarra.es\/fpagolag\/files\/2010\/11\/soundcloud-300x172.png\" width=\"300\" height=\"172\" srcset=\"https:\/\/multiblog.educacion.navarra.es\/fpagolag\/files\/2010\/11\/soundcloud-300x172.png 300w, https:\/\/multiblog.educacion.navarra.es\/fpagolag\/files\/2010\/11\/soundcloud.png 400w\" sizes=\"(max-width: 300px) 100vw, 300px\" \/><\/a><\/p>\n<p style=\"text-align: center;\">www.jamendo.com\/es\/<\/p>\n<p><a title=\"Jamendo\" href=\"http:\/\/www.jamendo.com\/es\/\" target=\"_blank\"><img loading=\"lazy\" class=\"aligncenter size-medium wp-image-56\" alt=\"jamendo\" src=\"http:\/\/multiblog.educacion.navarra.es\/fpagolag\/files\/2010\/11\/jamendo-300x172.jpg\" width=\"300\" height=\"172\" srcset=\"https:\/\/multiblog.educacion.navarra.es\/fpagolag\/files\/2010\/11\/jamendo-300x172.jpg 300w, https:\/\/multiblog.educacion.navarra.es\/fpagolag\/files\/2010\/11\/jamendo.jpg 339w\" sizes=\"(max-width: 300px) 100vw, 300px\" \/><\/a><\/p>\n<p style=\"text-align: center;\">dig.ccmixter.org\/<\/p>\n<p><a title=\"Dig CCMixter\" href=\"http:\/\/dig.ccmixter.org\/\" target=\"_blank\"><img loading=\"lazy\" class=\"aligncenter size-medium wp-image-60\" alt=\"dig ccmixter\" src=\"http:\/\/multiblog.educacion.navarra.es\/fpagolag\/files\/2010\/11\/digccmixter-300x202.png\" width=\"300\" height=\"202\" srcset=\"https:\/\/multiblog.educacion.navarra.es\/fpagolag\/files\/2010\/11\/digccmixter-300x202.png 300w, https:\/\/multiblog.educacion.navarra.es\/fpagolag\/files\/2010\/11\/digccmixter.png 342w\" sizes=\"(max-width: 300px) 100vw, 300px\" \/><\/a><\/p>\n<h2>Clipart<\/h2>\n<p style=\"text-align: center;\">www.clker.com\/<\/p>\n<p style=\"text-align: center;\"><a href=\"http:\/\/www.clker.com\/\"><img loading=\"lazy\" class=\"aligncenter size-full wp-image-190\" alt=\"\" src=\"http:\/\/multiblog.educacion.navarra.es\/fpagolag\/files\/2010\/11\/clkercom.png\" width=\"296\" height=\"76\" \/><\/a><\/p>\n<p style=\"text-align: center;\">www.deviantart.com\/<\/p>\n<p style=\"text-align: center;\"><a href=\"http:\/\/www.deviantart.com\/\"><img loading=\"lazy\" class=\"aligncenter size-medium wp-image-189\" alt=\"\" src=\"http:\/\/multiblog.educacion.navarra.es\/fpagolag\/files\/2010\/11\/DeviantArt_logo-300x117.png\" width=\"300\" height=\"117\" srcset=\"https:\/\/multiblog.educacion.navarra.es\/fpagolag\/files\/2010\/11\/DeviantArt_logo-300x117.png 300w, https:\/\/multiblog.educacion.navarra.es\/fpagolag\/files\/2010\/11\/DeviantArt_logo.png 320w\" sizes=\"(max-width: 300px) 100vw, 300px\" \/><\/a><\/p>\n<p style=\"text-align: center;\">www.iconarchive.com\/<\/p>\n<p style=\"text-align: center;\"><a href=\"http:\/\/www.iconarchive.com\/\"><img loading=\"lazy\" class=\"aligncenter size-medium wp-image-188\" alt=\"\" src=\"http:\/\/multiblog.educacion.navarra.es\/fpagolag\/files\/2010\/11\/iconarchive-300x55.png\" width=\"300\" height=\"55\" srcset=\"https:\/\/multiblog.educacion.navarra.es\/fpagolag\/files\/2010\/11\/iconarchive-300x55.png 300w, https:\/\/multiblog.educacion.navarra.es\/fpagolag\/files\/2010\/11\/iconarchive.png 307w\" sizes=\"(max-width: 300px) 100vw, 300px\" \/><\/a><\/p>\n<p style=\"text-align: center;\">www.iconfinder.com\/<\/p>\n<p style=\"text-align: center;\"><a href=\"http:\/\/www.iconfinder.com\/\"><img loading=\"lazy\" class=\"aligncenter size-medium wp-image-187\" alt=\"\" src=\"http:\/\/multiblog.educacion.navarra.es\/fpagolag\/files\/2010\/11\/iconfinder-300x135.png\" width=\"300\" height=\"135\" srcset=\"https:\/\/multiblog.educacion.navarra.es\/fpagolag\/files\/2010\/11\/iconfinder-300x135.png 300w, https:\/\/multiblog.educacion.navarra.es\/fpagolag\/files\/2010\/11\/iconfinder.png 400w\" sizes=\"(max-width: 300px) 100vw, 300px\" \/><\/a><\/p>\n<p style=\"text-align: center;\">openclipart.org\/<\/p>\n<p><a title=\"Open Clipart Library\" href=\"http:\/\/openclipart.org\/\" target=\"_blank\"><img loading=\"lazy\" class=\"aligncenter size-medium wp-image-59\" alt=\"open clipart library\" src=\"http:\/\/multiblog.educacion.navarra.es\/fpagolag\/files\/2010\/11\/openclipartlibrary-300x261.png\" width=\"300\" height=\"261\" srcset=\"https:\/\/multiblog.educacion.navarra.es\/fpagolag\/files\/2010\/11\/openclipartlibrary-300x261.png 300w, https:\/\/multiblog.educacion.navarra.es\/fpagolag\/files\/2010\/11\/openclipartlibrary.png 326w\" sizes=\"(max-width: 300px) 100vw, 300px\" \/><\/a><\/p>\n<h2>Libros, mapas, fotos, partituras, etc<\/h2>\n<p style=\"text-align: center;\">www.publicdomainsherpa.com\/<\/p>\n<p style=\"text-align: center;\"><a title=\"Public Domain Sherpa\" href=\"http:\/\/www.publicdomainsherpa.com\/index.html\" target=\"_blank\"><img loading=\"lazy\" class=\"aligncenter size-medium wp-image-97\" alt=\"Public Domain Sherpa Resources\" src=\"http:\/\/multiblog.educacion.navarra.es\/fpagolag\/files\/2010\/11\/Public-Domain-Sherpa-1-300x58.png\" width=\"300\" height=\"58\" srcset=\"https:\/\/multiblog.educacion.navarra.es\/fpagolag\/files\/2010\/11\/Public-Domain-Sherpa-1-300x58.png 300w, https:\/\/multiblog.educacion.navarra.es\/fpagolag\/files\/2010\/11\/Public-Domain-Sherpa-1.png 332w\" sizes=\"(max-width: 300px) 100vw, 300px\" \/><\/a><\/p>\n<h2>Fuentes<\/h2>\n<p style=\"text-align: center;\">www.urbanfonts.com\/free-fonts.htm<\/p>\n<p style=\"text-align: center;\"><a href=\"http:\/\/www.urbanfonts.com\/free-fonts.htm\"><img loading=\"lazy\" class=\"aligncenter size-medium wp-image-199\" alt=\"\" src=\"http:\/\/multiblog.educacion.navarra.es\/fpagolag\/files\/2010\/11\/Urbanfonts-300x71.png\" width=\"300\" height=\"71\" srcset=\"https:\/\/multiblog.educacion.navarra.es\/fpagolag\/files\/2010\/11\/Urbanfonts-300x71.png 300w, https:\/\/multiblog.educacion.navarra.es\/fpagolag\/files\/2010\/11\/Urbanfonts.png 342w\" sizes=\"(max-width: 300px) 100vw, 300px\" \/><\/a><\/p>\n<p style=\"text-align: center;\">www.1001freefonts.com\/<\/p>\n<p style=\"text-align: center;\"><a href=\"http:\/\/www.1001freefonts.com\/\"><img loading=\"lazy\" class=\"aligncenter size-full wp-image-198\" alt=\"\" src=\"http:\/\/multiblog.educacion.navarra.es\/fpagolag\/files\/2010\/11\/1001FreeFonts.png\" width=\"272\" height=\"120\" \/><\/a><\/p>\n<p style=\"text-align: center;\">www.fontreactor.com\/<\/p>\n<p style=\"text-align: center;\"><a href=\"http:\/\/www.fontreactor.com\/\"><img loading=\"lazy\" class=\"aligncenter size-full wp-image-197\" alt=\"\" src=\"http:\/\/multiblog.educacion.navarra.es\/fpagolag\/files\/2010\/11\/fontreactor.png\" width=\"209\" height=\"73\" \/><\/a><\/p>\n<p style=\"text-align: center;\">www.dafont.com\/es\/<\/p>\n<p style=\"text-align: center;\"><a href=\"http:\/\/www.dafont.com\/es\/\"><img loading=\"lazy\" class=\"aligncenter size-full wp-image-196\" alt=\"\" src=\"http:\/\/multiblog.educacion.navarra.es\/fpagolag\/files\/2010\/11\/dafont.png\" width=\"120\" height=\"163\" \/><\/a><\/p>\n","protected":false},"excerpt":{"rendered":"<p>Recursos con licencia Creative Commons Im\u00e1genes 13 sitios con im\u00e1genes para utilizar libremente con Licencia Creative Commons y dominio p\u00fablico, que no requieren permiso de uso y que permiten la reutilizaci\u00f3n del contenido, incluso con prop\u00f3sitos comerciales. wptavern.com\/13-sources-for-free-public-domain-and-cc0-licensed-images Fotograf\u00eda search.creativecommons.org\/ photopin.com\/ www.wylio.com www.publicdomainsherpa.com\/public-domain-photographs.html www.sprixi.com M\u00fasica recursostic.educacion.es\/bancoimagenes\/web\/ grooveshark.com\/ soundcloud.com\/ www.jamendo.com\/es\/ dig.ccmixter.org\/ Clipart www.clker.com\/ www.deviantart.com\/ www.iconarchive.com\/ www.iconfinder.com\/ &hellip; <\/p>\n<p><a class=\"more-link btn\" href=\"https:\/\/multiblog.educacion.navarra.es\/fpagolag\/recursos-creative-commons\/\">Continue reading<\/a><\/p>\n","protected":false},"author":108,"featured_media":0,"parent":0,"menu_order":2,"comment_status":"open","ping_status":"open","template":"","meta":[],"_links":{"self":[{"href":"https:\/\/multiblog.educacion.navarra.es\/fpagolag\/wp-json\/wp\/v2\/pages\/54"}],"collection":[{"href":"https:\/\/multiblog.educacion.navarra.es\/fpagolag\/wp-json\/wp\/v2\/pages"}],"about":[{"href":"https:\/\/multiblog.educacion.navarra.es\/fpagolag\/wp-json\/wp\/v2\/types\/page"}],"author":[{"embeddable":true,"href":"https:\/\/multiblog.educacion.navarra.es\/fpagolag\/wp-json\/wp\/v2\/users\/108"}],"replies":[{"embeddable":true,"href":"https:\/\/multiblog.educacion.navarra.es\/fpagolag\/wp-json\/wp\/v2\/comments?post=54"}],"version-history":[{"count":0,"href":"https:\/\/multiblog.educacion.navarra.es\/fpagolag\/wp-json\/wp\/v2\/pages\/54\/revisions"}],"wp:attachment":[{"href":"https:\/\/multiblog.educacion.navarra.es\/fpagolag\/wp-json\/wp\/v2\/media?parent=54"}],"curies":[{"name":"wp","href":"https:\/\/api.w.org\/{rel}","templated":true}]}}