


{"id":26,"date":"2010-09-26T18:08:00","date_gmt":"2010-09-26T16:08:00","guid":{"rendered":"http:\/\/multiblog.educacion.navarra.es\/fpagolag\/"},"modified":"2011-01-25T13:42:06","modified_gmt":"2011-01-25T11:42:06","slug":"licencia-y-derechos","status":"publish","type":"page","link":"https:\/\/multiblog.educacion.navarra.es\/fpagolag\/licencia-y-derechos\/","title":{"rendered":"Licencia y Derechos"},"content":{"rendered":"<p><a rel=\"license\" href=\"http:\/\/creativecommons.org\/licenses\/by-nc\/3.0\/es\/\" target=\"_blank\"><img loading=\"lazy\" class=\"alignright\" style=\"border-width: 0pt\" src=\"http:\/\/i.creativecommons.org\/l\/by-nc\/3.0\/88x31.png\" alt=\"Licencia de Creative Commons\" width=\"88\" height=\"31\" \/><\/a><a title=\"Desde Bidegaina\" href=\"http:\/\/multiblog.educacion.navarra.es\/fpagolag\/\" target=\"_blank\"><span>Desde Bidegaina: blog nocturno de una escuela rural en Tierra Estella<\/span><\/a> es un blog de <a title=\"Autor\" rel=\"cc:attributionURL\" href=\"http:\/\/multiblog.educacion.navarra.es\/fpagolag\/author\/fpagolag\/\" target=\"_blank\">Fernando Pagola Garcia<\/a> bajo Licencia <a title=\"Licencia Creative Commons\" rel=\"license\" href=\"http:\/\/creativecommons.org\/licenses\/by-nc\/3.0\/es\/\" target=\"_blank\">Creative Commons de Reconocimiento-No Comercial-Compartir bajo la misma licencia 3.0 Espa\u00f1a<\/a>.<br \/>\nEs un trabajo dentro de la Plataforma Multiblogs del PNTE <a title=\"Plataforma\" rel=\"dc:source\" href=\"http:\/\/multiblog.educacion.navarra.es\/fpagolag\/\" target=\"_blank\">irati.pnte.cfnavarra.es<\/a>.<br \/>\nSi necesitas permisos m\u00e1s all\u00e1 de esta Licencia, puedes escribir un <a title=\"e-mail\" href=\"mailto:fpagolag@educacion.navarra.es\" target=\"_blank\">correo electr\u00f3nico<\/a> al autor o rellenar el formulario m\u00e1s abajo.<\/p>\n<p><a rel=\"cc:license\" href=\"http:\/\/www.safecreative.org\/work\/1009267439744\" target=\"_blank\"><img loading=\"lazy\" class=\"alignright\" style=\"border: 0pt none\" src=\"http:\/\/resources.safecreative.org\/work\/1009267439744\/label\/barcode-72\" alt=\"Safe Creative #1009267439744\" width=\"142\" height=\"63\" \/><\/a>Asimismo, los contenidos de este blog est\u00e1n registrados en <a title=\"Registro en Safe Creative\" href=\"https:\/\/www.safecreative.org\/work\/1009267439744\" target=\"_blank\">SafeCreative<\/a> y, mientras no se indique lo contrario, se pueden utilizar y distribuir de acuerdo con los t\u00e9rminos de una licencia <a title=\"Licencia Creative Commons\" href=\"http:\/\/creativecommons.org\/licenses\/by-nc\/3.0\/es\/\" target=\"_blank\">Creative Commons de Reconocimiento-No comercial-Compartir bajo la misma licencia 3.0 Espa\u00f1a<\/a>.<\/p>\n<div role=\"form\" class=\"wpcf7\" id=\"wpcf7-f155-o1\" dir=\"ltr\">\n<div class=\"screen-reader-response\"><p role=\"status\" aria-live=\"polite\" aria-atomic=\"true\"><\/p> <ul><\/ul><\/div>\n<form action=\"\/fpagolag\/wp-json\/wp\/v2\/pages\/26#wpcf7-f155-o1\" method=\"post\" class=\"wpcf7-form init\" novalidate=\"novalidate\" data-status=\"init\">\n<div style=\"display: none;\">\n<input type=\"hidden\" name=\"_wpcf7\" value=\"155\" \/>\n<input type=\"hidden\" name=\"_wpcf7_version\" value=\"5.6.4\" \/>\n<input type=\"hidden\" name=\"_wpcf7_locale\" value=\"\" \/>\n<input type=\"hidden\" name=\"_wpcf7_unit_tag\" value=\"wpcf7-f155-o1\" \/>\n<input type=\"hidden\" name=\"_wpcf7_container_post\" value=\"0\" \/>\n<input type=\"hidden\" name=\"_wpcf7_posted_data_hash\" value=\"\" \/>\n<\/div>\n<p>Tu nombre (obligatorio)<br \/>\n    <span class=\"wpcf7-form-control-wrap\" data-name=\"your-name\"><input type=\"text\" name=\"your-name\" value=\"\" size=\"40\" class=\"wpcf7-form-control wpcf7-text wpcf7-validates-as-required\" aria-required=\"true\" aria-invalid=\"false\" \/><\/span> <\/p>\n<p>Tu email (obligatorio)<br \/>\n    <span class=\"wpcf7-form-control-wrap\" data-name=\"your-email\"><input type=\"email\" name=\"your-email\" value=\"\" size=\"40\" class=\"wpcf7-form-control wpcf7-text wpcf7-email wpcf7-validates-as-required wpcf7-validates-as-email\" aria-required=\"true\" aria-invalid=\"false\" \/><\/span> <\/p>\n<p>Asunto<br \/>\n    <span class=\"wpcf7-form-control-wrap\" data-name=\"your-subject\"><input type=\"text\" name=\"your-subject\" value=\"\" size=\"40\" class=\"wpcf7-form-control wpcf7-text\" aria-invalid=\"false\" \/><\/span> <\/p>\n<p>Tu mensaje<br \/>\n    <span class=\"wpcf7-form-control-wrap\" data-name=\"your-message\"><textarea name=\"your-message\" cols=\"40\" rows=\"10\" class=\"wpcf7-form-control wpcf7-textarea\" aria-invalid=\"false\"><\/textarea><\/span> <\/p>\n<p><input type=\"submit\" value=\"Enviar\" class=\"wpcf7-form-control has-spinner wpcf7-submit\" \/><\/p>\n<p style=\"display: none !important;\" class=\"akismet-fields-container\" data-prefix=\"_wpcf7_ak_\"><label>&#916;<textarea name=\"_wpcf7_ak_hp_textarea\" cols=\"45\" rows=\"8\" maxlength=\"100\"><\/textarea><\/label><input type=\"hidden\" id=\"ak_js_1\" name=\"_wpcf7_ak_js\" value=\"250\"\/><script>document.getElementById( \"ak_js_1\" ).setAttribute( \"value\", ( new Date() ).getTime() );<\/script><\/p><div class=\"wpcf7-response-output\" aria-hidden=\"true\"><\/div><\/form><\/div>\n","protected":false},"excerpt":{"rendered":"<p>Desde Bidegaina: blog nocturno de una escuela rural en Tierra Estella es un blog de Fernando Pagola Garcia bajo Licencia Creative Commons de Reconocimiento-No Comercial-Compartir bajo la misma licencia 3.0 Espa\u00f1a. Es un trabajo dentro de la Plataforma Multiblogs del PNTE irati.pnte.cfnavarra.es. Si necesitas permisos m\u00e1s all\u00e1 de esta Licencia, puedes escribir un correo electr\u00f3nico &hellip; <\/p>\n<p><a class=\"more-link btn\" href=\"https:\/\/multiblog.educacion.navarra.es\/fpagolag\/licencia-y-derechos\/\">Continue reading<\/a><\/p>\n","protected":false},"author":108,"featured_media":0,"parent":0,"menu_order":7,"comment_status":"closed","ping_status":"closed","template":"","meta":[],"_links":{"self":[{"href":"https:\/\/multiblog.educacion.navarra.es\/fpagolag\/wp-json\/wp\/v2\/pages\/26"}],"collection":[{"href":"https:\/\/multiblog.educacion.navarra.es\/fpagolag\/wp-json\/wp\/v2\/pages"}],"about":[{"href":"https:\/\/multiblog.educacion.navarra.es\/fpagolag\/wp-json\/wp\/v2\/types\/page"}],"author":[{"embeddable":true,"href":"https:\/\/multiblog.educacion.navarra.es\/fpagolag\/wp-json\/wp\/v2\/users\/108"}],"replies":[{"embeddable":true,"href":"https:\/\/multiblog.educacion.navarra.es\/fpagolag\/wp-json\/wp\/v2\/comments?post=26"}],"version-history":[{"count":0,"href":"https:\/\/multiblog.educacion.navarra.es\/fpagolag\/wp-json\/wp\/v2\/pages\/26\/revisions"}],"wp:attachment":[{"href":"https:\/\/multiblog.educacion.navarra.es\/fpagolag\/wp-json\/wp\/v2\/media?parent=26"}],"curies":[{"name":"wp","href":"https:\/\/api.w.org\/{rel}","templated":true}]}}