


{"id":213,"date":"2012-08-05T10:38:18","date_gmt":"2012-08-05T09:38:18","guid":{"rendered":"http:\/\/multiblog.educacion.navarra.es\/fpagolag\/?page_id=213"},"modified":"2013-09-16T19:12:24","modified_gmt":"2013-09-16T18:12:24","slug":"la-virgen-de-los-conjuros","status":"publish","type":"page","link":"https:\/\/multiblog.educacion.navarra.es\/fpagolag\/arbeiza\/la-virgen-de-los-conjuros\/","title":{"rendered":"La V\u00edrgen de los Conjuros"},"content":{"rendered":"<div id=\"attachment_222\" style=\"width: 78px\" class=\"wp-caption alignleft\"><a href=\"http:\/\/multiblog.educacion.navarra.es\/fpagolag\/files\/2012\/08\/conjuros.jpg\"><img aria-describedby=\"caption-attachment-222\" loading=\"lazy\" class=\" wp-image-222  \" alt=\"Virgen de los Conjuros de Arbeiza\" src=\"http:\/\/multiblog.educacion.navarra.es\/fpagolag\/files\/2012\/08\/conjuros-216x300.jpg\" width=\"78\" height=\"108\" srcset=\"https:\/\/multiblog.educacion.navarra.es\/fpagolag\/files\/2012\/08\/conjuros-216x300.jpg 216w, https:\/\/multiblog.educacion.navarra.es\/fpagolag\/files\/2012\/08\/conjuros.jpg 447w\" sizes=\"(max-width: 78px) 100vw, 78px\" \/><\/a><p id=\"caption-attachment-222\" class=\"wp-caption-text\">Portada del libro<\/p><\/div>\n<p style=\"text-align: justify;\"><a title=\"Carmelo San Mart\u00edn Gil\" href=\"http:\/\/www.virgendelosconjuros.blogspot.com.es\/2012\/06\/sobre-el-autor.html\" target=\"_blank\">Carmelo San Mart\u00edn Gil<\/a> ha escrito un libro sobre el pueblo de Arbeiza y la V\u00edrgen de los Conjuros. El d\u00eda 29 de junio de 2012, present\u00f3 en el pueblo en una charla su libro &#8220;Virgen de los Conjuros de Arbeiza. Leyendas y Milagros&#8221;. Para m\u00e1s informaci\u00f3n sobre este libro puedes visitar su blog <a title=\"Virgen de los Conjuros de Arbeiza\" href=\"http:\/\/www.virgendelosconjuros.blogspot.com.es\/\" target=\"_blank\">&#8220;V\u00edrgen de los Conjuros de Arbeiza&#8221;<\/a>.<\/p>\n<p style=\"text-align: justify;\"><div class=\"embed-container\"><iframe width=\"750\" height=\"563\" src=\"https:\/\/www.youtube.com\/embed\/FTsHuHSKT-Q?feature=oembed\" frameborder=\"0\" allowfullscreen><\/iframe><\/div><\/p>\n<p style=\"text-align: justify;\"><div class=\"embed-container\"><iframe width=\"750\" height=\"563\" src=\"https:\/\/www.youtube.com\/embed\/_SVmS51IMbc?feature=oembed\" frameborder=\"0\" allowfullscreen><\/iframe><\/div><\/p>\n<p style=\"text-align: justify;\">Art\u00edculos publicados en diversos medios de comunicaci\u00f3n sobre este tema:<\/p>\n<p style=\"text-align: justify;\">\n<div data-configid=\"5734455\/4861060\" style=\"width: 400px; height: 300px;\" class=\"issuuembed\"><\/div>\n<p><script type=\"text\/javascript\" src=\"\/\/e.issuu.com\/embed.js\" async=\"true\"><\/script><\/p>\n","protected":false},"excerpt":{"rendered":"<p>Carmelo San Mart\u00edn Gil ha escrito un libro sobre el pueblo de Arbeiza y la V\u00edrgen de los Conjuros. El d\u00eda 29 de junio de 2012, present\u00f3 en el pueblo en una charla su libro &#8220;Virgen de los Conjuros de Arbeiza. Leyendas y Milagros&#8221;. Para m\u00e1s informaci\u00f3n sobre este libro puedes visitar su blog &#8220;V\u00edrgen &hellip; <\/p>\n<p><a class=\"more-link btn\" href=\"https:\/\/multiblog.educacion.navarra.es\/fpagolag\/arbeiza\/la-virgen-de-los-conjuros\/\">Continue reading<\/a><\/p>\n","protected":false},"author":108,"featured_media":0,"parent":99,"menu_order":0,"comment_status":"open","ping_status":"open","template":"","meta":[],"_links":{"self":[{"href":"https:\/\/multiblog.educacion.navarra.es\/fpagolag\/wp-json\/wp\/v2\/pages\/213"}],"collection":[{"href":"https:\/\/multiblog.educacion.navarra.es\/fpagolag\/wp-json\/wp\/v2\/pages"}],"about":[{"href":"https:\/\/multiblog.educacion.navarra.es\/fpagolag\/wp-json\/wp\/v2\/types\/page"}],"author":[{"embeddable":true,"href":"https:\/\/multiblog.educacion.navarra.es\/fpagolag\/wp-json\/wp\/v2\/users\/108"}],"replies":[{"embeddable":true,"href":"https:\/\/multiblog.educacion.navarra.es\/fpagolag\/wp-json\/wp\/v2\/comments?post=213"}],"version-history":[{"count":0,"href":"https:\/\/multiblog.educacion.navarra.es\/fpagolag\/wp-json\/wp\/v2\/pages\/213\/revisions"}],"up":[{"embeddable":true,"href":"https:\/\/multiblog.educacion.navarra.es\/fpagolag\/wp-json\/wp\/v2\/pages\/99"}],"wp:attachment":[{"href":"https:\/\/multiblog.educacion.navarra.es\/fpagolag\/wp-json\/wp\/v2\/media?parent=213"}],"curies":[{"name":"wp","href":"https:\/\/api.w.org\/{rel}","templated":true}]}}