


{"id":2,"date":"2020-03-03T07:36:37","date_gmt":"2020-03-03T07:36:37","guid":{"rendered":"https:\/\/multiblog.educacion.navarra.es\/bomatoss\/?page_id=2"},"modified":"2020-03-03T07:36:37","modified_gmt":"2020-03-03T07:36:37","slug":"pagina-ejemplo","status":"publish","type":"page","link":"https:\/\/multiblog.educacion.navarra.es\/bomatoss\/pagina-ejemplo\/","title":{"rendered":"P\u00e1gina de ejemplo"},"content":{"rendered":"<p>Esto es un ejemplo de p\u00e1gina de WordPress, puedes editarla para mostrar informaci\u00f3n acerca de ti o de tu sitio; as\u00ed, los lectores sabr\u00e1n a qu\u00e9 atenerse. Puedes crear tantas p\u00e1ginas o sub-p\u00e1ginas como quieras y organizar su contenido dentro de WordPress.<\/p>\n","protected":false},"excerpt":{"rendered":"<p>Esto es un ejemplo de p\u00e1gina de WordPress, puedes editarla para mostrar informaci\u00f3n acerca de ti o de tu sitio; as\u00ed, los lectores sabr\u00e1n a qu\u00e9 atenerse. Puedes crear tantas p\u00e1ginas o sub-p\u00e1ginas como quieras y organizar su contenido dentro de WordPress.<\/p>\n","protected":false},"author":308,"featured_media":0,"parent":0,"menu_order":0,"comment_status":"closed","ping_status":"open","template":"","meta":[],"_links":{"self":[{"href":"https:\/\/multiblog.educacion.navarra.es\/bomatoss\/wp-json\/wp\/v2\/pages\/2"}],"collection":[{"href":"https:\/\/multiblog.educacion.navarra.es\/bomatoss\/wp-json\/wp\/v2\/pages"}],"about":[{"href":"https:\/\/multiblog.educacion.navarra.es\/bomatoss\/wp-json\/wp\/v2\/types\/page"}],"author":[{"embeddable":true,"href":"https:\/\/multiblog.educacion.navarra.es\/bomatoss\/wp-json\/wp\/v2\/users\/308"}],"replies":[{"embeddable":true,"href":"https:\/\/multiblog.educacion.navarra.es\/bomatoss\/wp-json\/wp\/v2\/comments?post=2"}],"version-history":[{"count":0,"href":"https:\/\/multiblog.educacion.navarra.es\/bomatoss\/wp-json\/wp\/v2\/pages\/2\/revisions"}],"wp:attachment":[{"href":"https:\/\/multiblog.educacion.navarra.es\/bomatoss\/wp-json\/wp\/v2\/media?parent=2"}],"curies":[{"name":"wp","href":"https:\/\/api.w.org\/{rel}","templated":true}]}}