


{"id":920,"date":"2012-10-02T23:14:24","date_gmt":"2012-10-02T21:14:24","guid":{"rendered":"http:\/\/multiblog.educacion.navarra.es\/agutierr\/?page_id=920"},"modified":"2012-10-02T23:19:40","modified_gmt":"2012-10-02T21:19:40","slug":"e-infantil","status":"publish","type":"page","link":"https:\/\/multiblog.educacion.navarra.es\/agutierr\/e-infantil\/","title":{"rendered":"E. Infantil"},"content":{"rendered":"<p><a href=\"http:\/\/conteni2.educarex.es\/mats\/11361\/contenido\/index2.html\" target=\"_blank\">El cuerpo humano<\/a> (educarEx.es).<\/p>\n<p><a href=\"http:\/\/conteni2.educarex.es\/mats\/11361\/contenido\/index2.html\" target=\"_blank\"><img loading=\"lazy\" class=\"aligncenter size-medium wp-image-921\" src=\"http:\/\/multiblog.educacion.navarra.es\/agutierr\/files\/2012\/10\/Educarex_cuerpo-humano-300x223.jpg\" alt=\"\" width=\"300\" height=\"223\" srcset=\"https:\/\/multiblog.educacion.navarra.es\/agutierr\/files\/2012\/10\/Educarex_cuerpo-humano-300x223.jpg 300w, https:\/\/multiblog.educacion.navarra.es\/agutierr\/files\/2012\/10\/Educarex_cuerpo-humano.jpg 800w\" sizes=\"(max-width: 300px) 100vw, 300px\" \/><\/a><\/p>\n<p><a href=\"http:\/\/www.tudiscoverykids.com\/juegos\/cuerpo-humano\/\" target=\"_blank\">Tu cuerpo<\/a> (tudiscoverykids.com).<\/p>\n<p><a href=\"http:\/\/recursostic.educacion.es\/primaria\/ludos\/web\/a\/00\/index.html\" target=\"_blank\">Los misterios del cuerpo humano<\/a> (Proyecto Ludos).<\/p>\n<p><a href=\"http:\/\/www.vedoque.com\/juegos\/el-cuerpo.swf\" target=\"_blank\">Nuestro cuerpo<\/a> (vedoque.com).<\/p>\n<p><a href=\"http:\/\/clic.xtec.cat\/db\/jclicApplet.jsp?project=http:\/\/clic.xtec.cat\/projects\/efisica\/jclic\/efisica.jclic.zip&amp;lang=es&amp;title=Educaci%F3n+f%EDsica\" target=\"_blank\">Conozco mi cuerpo<\/a> (JClic de Isabel Gil).<\/p>\n<p><a href=\"http:\/\/www.juntadeandalucia.es\/averroes\/intervideo\/Zooletras\/pageszoo\/intro.html\" target=\"_blank\">El zoo de las letras<\/a> (Junta de Andaluc\u00eda).<\/p>\n<p><a href=\"http:\/\/www.juntadeandalucia.es\/averroes\/html\/adjuntos\/2008\/04\/11\/0001\/adjuntos\/\" target=\"_blank\">Iniciaci\u00f3n a la lectoescritura<\/a> (Francisco L\u00f3pez Hijano).<\/p>\n<p><a href=\"http:\/\/www.sehacesaber.org\/chavales\/chavales06Juegos?edad=1\" target=\"_blank\">Prerrequisitos lectoescritur<\/a>a (sesabehacer.org-Funcaci\u00f3n Edelvives).<\/p>\n<p><a href=\"http:\/\/clic.xtec.cat\/db\/jclicApplet.jsp?project=http:\/\/clic.xtec.net\/projects\/erase1\/jclic\/erase1.jclic.zip\" target=\"_blank\">Letrilandia<\/a> (JClic).<\/p>\n<p>M\u00e1s de <a href=\"http:\/\/ntic.educacion.es\/w3\/\/eos\/MaterialesEducativos\/mem2003\/letras\/menu2.html\" target=\"_blank\">lectoescritura<\/a> (eos). Para discriminar las consonantes.<\/p>\n<p><a href=\"http:\/\/www.genmagic.org\/lengua5\/plletres3c.swf\" target=\"_blank\">Siguiendo el rastro<\/a> (genmagic.org). Para practicar el trazo de las letras.<\/p>\n<p><a href=\"http:\/\/www.vedoque.com\/juegos\/clase.swf\" target=\"_blank\">El &#8220;vedoque&#8221; Monoque Rojo<\/a> (vedoque.com).<\/p>\n<p><a href=\"http:\/\/nea.educastur.princast.es\/repositorio\/RECURSO_ZIP\/2_1_ibcmass_u18\/index.html\" target=\"_blank\">Pelayo y su pandilla<\/a> (educastur).<\/p>\n<p><a href=\"http:\/\/www.juntadeandalucia.es\/averroes\/carambolo\/WEB%20JCLIC2\/Agrega\/Infantil\/Abacos\/contenido\/contenido\/a_aa04_02vf.htm\" target=\"_blank\">Juega con el \u00e1baco.<\/a><\/p>\n<p>L<a href=\"http:\/\/argentina.aula365.com\/Tutoriales\/IUD3\/IUD3_pres_i01.htm\" target=\"_blank\">a granja.<\/a><\/p>\n<p><a href=\"http:\/\/concurso.cnice.mec.es\/cnice2005\/132_English_for_Little_children\/index.html\" target=\"_blank\">English for little children<\/a> (cnice).<\/p>\n","protected":false},"excerpt":{"rendered":"<p>El cuerpo humano (educarEx.es). Tu cuerpo (tudiscoverykids.com). Los misterios del cuerpo humano (Proyecto Ludos). Nuestro cuerpo (vedoque.com). Conozco mi cuerpo (JClic de Isabel Gil). El zoo de las letras (Junta de Andaluc\u00eda). Iniciaci\u00f3n a la lectoescritura (Francisco L\u00f3pez Hijano). Prerrequisitos &hellip; <a href=\"https:\/\/multiblog.educacion.navarra.es\/agutierr\/e-infantil\/\">Sigue leyendo <span class=\"meta-nav\">&rarr;<\/span><\/a><\/p>\n","protected":false},"author":70,"featured_media":0,"parent":0,"menu_order":1,"comment_status":"open","ping_status":"open","template":"","meta":[],"_links":{"self":[{"href":"https:\/\/multiblog.educacion.navarra.es\/agutierr\/wp-json\/wp\/v2\/pages\/920"}],"collection":[{"href":"https:\/\/multiblog.educacion.navarra.es\/agutierr\/wp-json\/wp\/v2\/pages"}],"about":[{"href":"https:\/\/multiblog.educacion.navarra.es\/agutierr\/wp-json\/wp\/v2\/types\/page"}],"author":[{"embeddable":true,"href":"https:\/\/multiblog.educacion.navarra.es\/agutierr\/wp-json\/wp\/v2\/users\/70"}],"replies":[{"embeddable":true,"href":"https:\/\/multiblog.educacion.navarra.es\/agutierr\/wp-json\/wp\/v2\/comments?post=920"}],"version-history":[{"count":0,"href":"https:\/\/multiblog.educacion.navarra.es\/agutierr\/wp-json\/wp\/v2\/pages\/920\/revisions"}],"wp:attachment":[{"href":"https:\/\/multiblog.educacion.navarra.es\/agutierr\/wp-json\/wp\/v2\/media?parent=920"}],"curies":[{"name":"wp","href":"https:\/\/api.w.org\/{rel}","templated":true}]}}