


{"id":99,"date":"2014-11-29T10:18:28","date_gmt":"2014-11-29T10:18:28","guid":{"rendered":"http:\/\/multiblog.educacion.navarra.es\/acabreja\/?page_id=99"},"modified":"2014-11-29T10:21:23","modified_gmt":"2014-11-29T10:21:23","slug":"confint-escolar","status":"publish","type":"page","link":"https:\/\/multiblog.educacion.navarra.es\/acabreja\/actividades-esenred\/confint-escolar\/","title":{"rendered":"Confint escolar"},"content":{"rendered":"<p style=\"text-align: center\"><a href=\"http:\/\/multiblog.educacion.navarra.es\/acabreja\/files\/2014\/11\/confint-2_1080x810.jpg\"><img loading=\"lazy\" class=\"alignnone size-medium wp-image-101\" src=\"http:\/\/multiblog.educacion.navarra.es\/acabreja\/files\/2014\/11\/confint-2_1080x810-300x225.jpg\" alt=\"confint 2_1080x810\" width=\"300\" height=\"225\" \/><\/a><\/p>\n<p>Una actividad muy interesante en la que el alumnado ha tenido un papel protagonista ha sido la del Proyecto Conferencia Internacional , CONFINT, en la que participa el IESO La Paz de Cintru\u00e9nigo. M\u00e1s im\u00e1genes, en el Visor de fotos.<\/p>\n<p>Es un proyecto promovido por CRANA y el Departamento de Educaci\u00f3n del Gobierno de Navarra. Participan actualmente cinco centros (dos de Alsasua, dos de Pamplona y el nuestro). El tema es el MEDIO AMBIENTE. El proyecto consta de varias fases; la fase escolar celebrada el 28 de marzo de 2014; la fase auton\u00f3mica, en mayo de 2014; la fase nacionall, en noviembre en Barcelona y la fase internacional, en 2015 en Bruselas.<\/p>\n<p>Rafa Aldai, de CRANA; Ana Cabrejas, Ester Latorre y Cristina Asunci\u00f3n del IESO La Paz han impulsado este proyecto en el centro. Para ello, Ana Cabrejas realiz\u00f3 un curso de formaci\u00f3n en octubre de 2013 que ha tenido continuidad en enero y febrero en Pamplona.<\/p>\n<p>El pasado viernes, 28 de marzo, se reunieron 24 representantes de todos los cursos del centro (elegidos de entre sus compa\u00f1eros) y analizaron la situaci\u00f3n real de la zona a nivel medioambiental, reflexionaron en grupos sobre el tema y tomaron una serie de decisiones comprometiendo su actuaci\u00f3n en tres acciones concretas:<\/p>\n<p>Limpieza del r\u00edo Alhama.<br \/>\nRecogida de materia org\u00e1nica en el centro para crear compost.<br \/>\nInformaci\u00f3n a la poblaci\u00f3n local de las actuaciones a seguir.<br \/>\nLos encargados de transmitir la informaci\u00f3n son Leyre Alfaro, Martina Jim\u00e9nez y Gabriel Mansilla.<\/p>\n","protected":false},"excerpt":{"rendered":"<p>Una actividad muy interesante en la que el alumnado ha tenido un papel protagonista ha sido la del Proyecto Conferencia Internacional , CONFINT, en la que participa el IESO La Paz de Cintru\u00e9nigo. M\u00e1s im\u00e1genes, en el Visor de fotos. Es un proyecto promovido por CRANA y el Departamento de Educaci\u00f3n del Gobierno de Navarra. Participan actualmente cinco centros (dos<\/p>\n","protected":false},"author":281,"featured_media":0,"parent":43,"menu_order":3,"comment_status":"open","ping_status":"open","template":"","meta":[],"_links":{"self":[{"href":"https:\/\/multiblog.educacion.navarra.es\/acabreja\/wp-json\/wp\/v2\/pages\/99"}],"collection":[{"href":"https:\/\/multiblog.educacion.navarra.es\/acabreja\/wp-json\/wp\/v2\/pages"}],"about":[{"href":"https:\/\/multiblog.educacion.navarra.es\/acabreja\/wp-json\/wp\/v2\/types\/page"}],"author":[{"embeddable":true,"href":"https:\/\/multiblog.educacion.navarra.es\/acabreja\/wp-json\/wp\/v2\/users\/281"}],"replies":[{"embeddable":true,"href":"https:\/\/multiblog.educacion.navarra.es\/acabreja\/wp-json\/wp\/v2\/comments?post=99"}],"version-history":[{"count":0,"href":"https:\/\/multiblog.educacion.navarra.es\/acabreja\/wp-json\/wp\/v2\/pages\/99\/revisions"}],"up":[{"embeddable":true,"href":"https:\/\/multiblog.educacion.navarra.es\/acabreja\/wp-json\/wp\/v2\/pages\/43"}],"wp:attachment":[{"href":"https:\/\/multiblog.educacion.navarra.es\/acabreja\/wp-json\/wp\/v2\/media?parent=99"}],"curies":[{"name":"wp","href":"https:\/\/api.w.org\/{rel}","templated":true}]}}