


{"id":97,"date":"2014-11-29T10:16:27","date_gmt":"2014-11-29T10:16:27","guid":{"rendered":"http:\/\/multiblog.educacion.navarra.es\/acabreja\/?page_id=97"},"modified":"2014-11-29T10:55:38","modified_gmt":"2014-11-29T10:55:38","slug":"confint-estatal","status":"publish","type":"page","link":"https:\/\/multiblog.educacion.navarra.es\/acabreja\/actividades-esenred\/confint-estatal\/","title":{"rendered":"Confint estatal"},"content":{"rendered":"<p>Aqu\u00ed os dejo un prezi explicativo de todo lo que se hizo en Barcelona.<\/p>\n<p>https:\/\/prezi.com\/7l5cnvsynix9\/copy-of-si-no-somos-nosotrs-quienes\/<\/p>\n<p>Para m\u00e1s informaci\u00f3n pod\u00e9is consultar la p\u00e1gina de EsenRed:\u00a0http:\/\/confint-esp.blogspot.com.es\/p\/confint_05.html<\/p>\n<div id=\"attachment_103\" style=\"width: 576px\" class=\"wp-caption alignnone\"><a href=\"http:\/\/multiblog.educacion.navarra.es\/acabreja\/files\/2014\/11\/foto-grupo-de-insitito-de-iurreta-en-encuentro-en-barcelona_27990_1.jpg\"><img aria-describedby=\"caption-attachment-103\" loading=\"lazy\" class=\"wp-image-103 \" src=\"http:\/\/multiblog.educacion.navarra.es\/acabreja\/files\/2014\/11\/foto-grupo-de-insitito-de-iurreta-en-encuentro-en-barcelona_27990_1-300x169.jpg\" alt=\"foto-grupo-de-insitito-de-iurreta-en-encuentro-en-barcelona_27990_1\" width=\"566\" height=\"319\" \/><\/a><p id=\"caption-attachment-103\" class=\"wp-caption-text\">El alumno Gabriel Mansilla fue uno de los cinco representantes navarros que estuvieron en la jornada de la CONFINT Estatal.<\/p><\/div>\n","protected":false},"excerpt":{"rendered":"<p>Aqu\u00ed os dejo un prezi explicativo de todo lo que se hizo en Barcelona. https:\/\/prezi.com\/7l5cnvsynix9\/copy-of-si-no-somos-nosotrs-quienes\/ Para m\u00e1s informaci\u00f3n pod\u00e9is consultar la p\u00e1gina de EsenRed:\u00a0http:\/\/confint-esp.blogspot.com.es\/p\/confint_05.html<\/p>\n","protected":false},"author":281,"featured_media":0,"parent":43,"menu_order":1,"comment_status":"open","ping_status":"open","template":"","meta":[],"_links":{"self":[{"href":"https:\/\/multiblog.educacion.navarra.es\/acabreja\/wp-json\/wp\/v2\/pages\/97"}],"collection":[{"href":"https:\/\/multiblog.educacion.navarra.es\/acabreja\/wp-json\/wp\/v2\/pages"}],"about":[{"href":"https:\/\/multiblog.educacion.navarra.es\/acabreja\/wp-json\/wp\/v2\/types\/page"}],"author":[{"embeddable":true,"href":"https:\/\/multiblog.educacion.navarra.es\/acabreja\/wp-json\/wp\/v2\/users\/281"}],"replies":[{"embeddable":true,"href":"https:\/\/multiblog.educacion.navarra.es\/acabreja\/wp-json\/wp\/v2\/comments?post=97"}],"version-history":[{"count":0,"href":"https:\/\/multiblog.educacion.navarra.es\/acabreja\/wp-json\/wp\/v2\/pages\/97\/revisions"}],"up":[{"embeddable":true,"href":"https:\/\/multiblog.educacion.navarra.es\/acabreja\/wp-json\/wp\/v2\/pages\/43"}],"wp:attachment":[{"href":"https:\/\/multiblog.educacion.navarra.es\/acabreja\/wp-json\/wp\/v2\/media?parent=97"}],"curies":[{"name":"wp","href":"https:\/\/api.w.org\/{rel}","templated":true}]}}