


{"id":93,"date":"2014-11-28T11:02:59","date_gmt":"2014-11-28T11:02:59","guid":{"rendered":"http:\/\/multiblog.educacion.navarra.es\/acabreja\/?page_id=93"},"modified":"2014-12-12T11:14:02","modified_gmt":"2014-12-12T11:14:02","slug":"tu-papel-es-importante","status":"publish","type":"page","link":"https:\/\/multiblog.educacion.navarra.es\/acabreja\/residuos\/tu-papel-es-importante\/","title":{"rendered":"TU PAPEL ES IMPORTANTE"},"content":{"rendered":"<p style=\"text-align: center\">Desde hace varios cursos, como todas y todos sab\u00e9is, reciclamos el papel y cart\u00f3n en el instituto. No viene mal realizar un peque\u00f1o recordatorio de como lo debemos hacer. Para eso hemos preparado con el alumnado de 3\u00ba y 4\u00ba de diversificaci\u00f3n curricular, un peque\u00f1o cartel y documento donde repasaremos como debemos hacer un buen uso de las cajas de reciclaje y reutilizaci\u00f3n del papel que hay en las aulas.<\/p>\n<p>&nbsp;<\/p>\n<p>\n<div class=\"gde-error\">GDE Error: Error al recuperar el fichero. Si es necesario, desactiva la comprobaci\u00f3n de errores (404:Not Found)<\/div>\n\n<div class=\"gde-error\">GDE Error: Error al recuperar el fichero. Si es necesario, desactiva la comprobaci\u00f3n de errores (404:Not Found)<\/div>\n<\/p>\n","protected":false},"excerpt":{"rendered":"<p>Desde hace varios cursos, como todas y todos sab\u00e9is, reciclamos el papel y cart\u00f3n en el instituto. No viene mal realizar un peque\u00f1o recordatorio de como lo debemos hacer. Para eso hemos preparado con el alumnado de 3\u00ba y 4\u00ba de diversificaci\u00f3n curricular, un peque\u00f1o cartel y documento donde repasaremos como debemos hacer un buen uso de las cajas de<\/p>\n","protected":false},"author":281,"featured_media":0,"parent":134,"menu_order":1,"comment_status":"open","ping_status":"open","template":"","meta":[],"_links":{"self":[{"href":"https:\/\/multiblog.educacion.navarra.es\/acabreja\/wp-json\/wp\/v2\/pages\/93"}],"collection":[{"href":"https:\/\/multiblog.educacion.navarra.es\/acabreja\/wp-json\/wp\/v2\/pages"}],"about":[{"href":"https:\/\/multiblog.educacion.navarra.es\/acabreja\/wp-json\/wp\/v2\/types\/page"}],"author":[{"embeddable":true,"href":"https:\/\/multiblog.educacion.navarra.es\/acabreja\/wp-json\/wp\/v2\/users\/281"}],"replies":[{"embeddable":true,"href":"https:\/\/multiblog.educacion.navarra.es\/acabreja\/wp-json\/wp\/v2\/comments?post=93"}],"version-history":[{"count":0,"href":"https:\/\/multiblog.educacion.navarra.es\/acabreja\/wp-json\/wp\/v2\/pages\/93\/revisions"}],"up":[{"embeddable":true,"href":"https:\/\/multiblog.educacion.navarra.es\/acabreja\/wp-json\/wp\/v2\/pages\/134"}],"wp:attachment":[{"href":"https:\/\/multiblog.educacion.navarra.es\/acabreja\/wp-json\/wp\/v2\/media?parent=93"}],"curies":[{"name":"wp","href":"https:\/\/api.w.org\/{rel}","templated":true}]}}