


{"id":83,"date":"2014-11-17T17:14:56","date_gmt":"2014-11-17T17:14:56","guid":{"rendered":"http:\/\/multiblog.educacion.navarra.es\/acabreja\/?page_id=83"},"modified":"2014-12-12T11:11:51","modified_gmt":"2014-12-12T11:11:51","slug":"earth-song","status":"publish","type":"page","link":"https:\/\/multiblog.educacion.navarra.es\/acabreja\/ecosistemas\/earth-song\/","title":{"rendered":"EARTH SONG"},"content":{"rendered":"<p style=\"text-align: center\">Comenzamos nuestra andadura en ESenRED muy ilusionadas, Sonia Oca\u00f1a del departamento de Ingl\u00e9s y M. Ester Latorre del departamento de Ciencias Naturales. Hemos trabajado la canci\u00f3n\u00a0<em>Earth song\u00a0<\/em>con nuestro alumnado de 3\u00ba y 4\u00ba de diversificaci\u00f3n y la experiencia ha sido muy gratificante tanto para el alumnado como para nosotras.<\/p>\n<p style=\"text-align: center\"><a href=\"http:\/\/multiblog.educacion.navarra.es\/acabreja\/files\/2014\/11\/EARTH-SONG.jpg\"><img loading=\"lazy\" class=\"alignnone size-medium wp-image-81\" src=\"http:\/\/multiblog.educacion.navarra.es\/acabreja\/files\/2014\/11\/EARTH-SONG-300x155.jpg\" alt=\"EARTH SONG\" width=\"300\" height=\"155\" \/><\/a>\u00a0 \u00a0 \u00a0 \u00a0 \u00a0 \u00a0 \u00a0 \u00a0 \u00a0 \u00a0 \u00a0 \u00a0 \u00a0 \u00a0 \u00a0 \u00a0\u00a0<a href=\"http:\/\/multiblog.educacion.navarra.es\/acabreja\/files\/2014\/11\/earth-song.jpg\"><img loading=\"lazy\" class=\"alignnone size-medium wp-image-84\" src=\"http:\/\/multiblog.educacion.navarra.es\/acabreja\/files\/2014\/11\/earth-song-300x168.jpg\" alt=\"earth song\" width=\"300\" height=\"168\" \/><\/a><\/p>\n<p style=\"text-align: center\">El registro de esta actividad est\u00e1 detallado en el siguiente documento:<\/p>\n<p style=\"text-align: center\">\n<div class=\"gde-error\">GDE Error: Error al recuperar el fichero. Si es necesario, desactiva la comprobaci\u00f3n de errores (404:Not Found)<\/div>\n<\/p>\n<p style=\"text-align: center\">El enlace en el que pod\u00e9is ver el v\u00eddeo-clip es el siguiente:<\/p>\n<p>https:\/\/www.youtube.com\/watch?v=ASbug4J4kIg<\/p>\n<p style=\"text-align: center\">\u00a0 Y una foto de nuestro alumnado de 3\u00ba de diversificaci\u00f3n con Michael Jackson de fondo:<\/p>\n<p style=\"text-align: center\"><a href=\"http:\/\/multiblog.educacion.navarra.es\/acabreja\/files\/2014\/11\/IMG_1483.jpg\"><img loading=\"lazy\" class=\"alignnone size-medium wp-image-86\" src=\"http:\/\/multiblog.educacion.navarra.es\/acabreja\/files\/2014\/11\/IMG_1483-300x225.jpg\" alt=\"IMG_1483\" width=\"300\" height=\"225\" \/><\/a><\/p>\n","protected":false},"excerpt":{"rendered":"<p>Comenzamos nuestra andadura en ESenRED muy ilusionadas, Sonia Oca\u00f1a del departamento de Ingl\u00e9s y M. Ester Latorre del departamento de Ciencias Naturales. Hemos trabajado la canci\u00f3n\u00a0Earth song\u00a0con nuestro alumnado de 3\u00ba y 4\u00ba de diversificaci\u00f3n y la experiencia ha sido muy gratificante tanto para el alumnado como para nosotras. \u00a0 \u00a0 \u00a0 \u00a0 \u00a0 \u00a0 \u00a0 \u00a0 \u00a0 \u00a0 \u00a0<\/p>\n","protected":false},"author":281,"featured_media":0,"parent":132,"menu_order":1,"comment_status":"open","ping_status":"open","template":"","meta":[],"_links":{"self":[{"href":"https:\/\/multiblog.educacion.navarra.es\/acabreja\/wp-json\/wp\/v2\/pages\/83"}],"collection":[{"href":"https:\/\/multiblog.educacion.navarra.es\/acabreja\/wp-json\/wp\/v2\/pages"}],"about":[{"href":"https:\/\/multiblog.educacion.navarra.es\/acabreja\/wp-json\/wp\/v2\/types\/page"}],"author":[{"embeddable":true,"href":"https:\/\/multiblog.educacion.navarra.es\/acabreja\/wp-json\/wp\/v2\/users\/281"}],"replies":[{"embeddable":true,"href":"https:\/\/multiblog.educacion.navarra.es\/acabreja\/wp-json\/wp\/v2\/comments?post=83"}],"version-history":[{"count":0,"href":"https:\/\/multiblog.educacion.navarra.es\/acabreja\/wp-json\/wp\/v2\/pages\/83\/revisions"}],"up":[{"embeddable":true,"href":"https:\/\/multiblog.educacion.navarra.es\/acabreja\/wp-json\/wp\/v2\/pages\/132"}],"wp:attachment":[{"href":"https:\/\/multiblog.educacion.navarra.es\/acabreja\/wp-json\/wp\/v2\/media?parent=83"}],"curies":[{"name":"wp","href":"https:\/\/api.w.org\/{rel}","templated":true}]}}