


{"id":45,"date":"2014-10-26T11:17:08","date_gmt":"2014-10-26T11:17:08","guid":{"rendered":"http:\/\/multiblog.educacion.navarra.es\/acabreja\/?page_id=45"},"modified":"2015-04-01T15:30:05","modified_gmt":"2015-04-01T15:30:05","slug":"residencia-de-ancianos","status":"publish","type":"page","link":"https:\/\/multiblog.educacion.navarra.es\/acabreja\/residencia-de-ancianos\/","title":{"rendered":"Residencia de ancianos"},"content":{"rendered":"<p><strong>Primeras pr\u00e1cticas con Blanca y Sara. Realizaci\u00f3n de paseos asistidos y ejercicios para ejercitar la memoria visual<\/strong>.<\/p>\n<p><a href=\"http:\/\/multiblog.educacion.navarra.es\/acabreja\/files\/2014\/10\/Imagen-011.jpg\"><img loading=\"lazy\" class=\"alignnone  wp-image-38\" src=\"http:\/\/multiblog.educacion.navarra.es\/acabreja\/files\/2014\/10\/Imagen-011-300x225.jpg\" alt=\"Imagen 011\" width=\"206\" height=\"158\" \/><\/a><a href=\"http:\/\/multiblog.educacion.navarra.es\/acabreja\/files\/2014\/10\/Imagen-012.jpg\"><img loading=\"lazy\" class=\"alignnone  wp-image-31\" src=\"http:\/\/multiblog.educacion.navarra.es\/acabreja\/files\/2014\/10\/Imagen-012-300x225.jpg\" alt=\"Imagen 012\" width=\"213\" height=\"164\" \/><\/a><a href=\"http:\/\/multiblog.educacion.navarra.es\/acabreja\/files\/2014\/10\/Imagen-001.jpg\"><img loading=\"lazy\" class=\"alignnone  wp-image-27\" src=\"http:\/\/multiblog.educacion.navarra.es\/acabreja\/files\/2014\/10\/Imagen-001-300x225.jpg\" alt=\"Imagen 001\" width=\"204\" height=\"156\" \/><\/a><a href=\"http:\/\/multiblog.educacion.navarra.es\/acabreja\/files\/2014\/10\/Imagen-004.jpg\"><img loading=\"lazy\" class=\"alignnone  wp-image-30\" src=\"http:\/\/multiblog.educacion.navarra.es\/acabreja\/files\/2014\/10\/Imagen-004-300x225.jpg\" alt=\"Imagen 004\" width=\"202\" height=\"155\" \/><\/a><a href=\"http:\/\/multiblog.educacion.navarra.es\/acabreja\/files\/2014\/10\/Imagen-003.jpg\"><img loading=\"lazy\" class=\"alignnone  wp-image-29\" src=\"http:\/\/multiblog.educacion.navarra.es\/acabreja\/files\/2014\/10\/Imagen-003-300x225.jpg\" alt=\"Imagen 003\" width=\"202\" height=\"155\" \/><\/a><a href=\"http:\/\/multiblog.educacion.navarra.es\/acabreja\/files\/2014\/10\/Imagen-002.jpg\"><img loading=\"lazy\" class=\"alignnone  wp-image-28\" src=\"http:\/\/multiblog.educacion.navarra.es\/acabreja\/files\/2014\/10\/Imagen-002-300x225.jpg\" alt=\"Imagen 002\" width=\"216\" height=\"165\" \/><\/a><a href=\"http:\/\/multiblog.educacion.navarra.es\/acabreja\/files\/2014\/10\/Imagen-005.jpg\"><img loading=\"lazy\" class=\"alignnone  wp-image-32\" src=\"http:\/\/multiblog.educacion.navarra.es\/acabreja\/files\/2014\/10\/Imagen-005-300x225.jpg\" alt=\"Imagen 005\" width=\"206\" height=\"158\" \/><\/a><a href=\"http:\/\/multiblog.educacion.navarra.es\/acabreja\/files\/2014\/10\/Imagen-009.jpg\"><img loading=\"lazy\" class=\"alignnone  wp-image-36\" src=\"http:\/\/multiblog.educacion.navarra.es\/acabreja\/files\/2014\/10\/Imagen-009-300x225.jpg\" alt=\"Imagen 009\" width=\"205\" height=\"157\" \/><\/a><a href=\"http:\/\/multiblog.educacion.navarra.es\/acabreja\/files\/2014\/10\/Imagen-008.jpg\"><img loading=\"lazy\" class=\"alignnone  wp-image-35\" src=\"http:\/\/multiblog.educacion.navarra.es\/acabreja\/files\/2014\/10\/Imagen-008-300x225.jpg\" alt=\"Imagen 008\" width=\"206\" height=\"158\" \/><\/a><a href=\"http:\/\/multiblog.educacion.navarra.es\/acabreja\/files\/2014\/10\/Imagen-007.jpg\"><img loading=\"lazy\" class=\"alignnone  wp-image-34\" src=\"http:\/\/multiblog.educacion.navarra.es\/acabreja\/files\/2014\/10\/Imagen-007-300x225.jpg\" alt=\"Imagen 007\" width=\"206\" height=\"158\" \/><\/a><a href=\"http:\/\/multiblog.educacion.navarra.es\/acabreja\/files\/2014\/10\/Imagen-010.jpg\"><img loading=\"lazy\" class=\"alignnone  wp-image-37\" src=\"http:\/\/multiblog.educacion.navarra.es\/acabreja\/files\/2014\/10\/Imagen-010-300x225.jpg\" alt=\"Imagen 010\" width=\"203\" height=\"157\" \/><\/a><a href=\"http:\/\/multiblog.educacion.navarra.es\/acabreja\/files\/2014\/10\/Imagen-006.jpg\"><img loading=\"lazy\" class=\"alignnone  wp-image-33\" src=\"http:\/\/multiblog.educacion.navarra.es\/acabreja\/files\/2014\/10\/Imagen-006-300x225.jpg\" alt=\"Imagen 006\" width=\"200\" height=\"153\" \/><\/a><\/p>\n<p>Presentaci\u00f3n alumno-residente: Mantuvieron una larga conversaci\u00f3n sobre la vida de ambos. Muy interesante\u00a1<\/p>\n<p><a href=\"http:\/\/multiblog.educacion.navarra.es\/acabreja\/files\/2014\/10\/Imagen-0011.jpg\"><img loading=\"lazy\" class=\"alignnone  wp-image-56\" src=\"http:\/\/multiblog.educacion.navarra.es\/acabreja\/files\/2014\/10\/Imagen-0011-300x225.jpg\" alt=\"Imagen 001\" width=\"208\" height=\"159\" \/><\/a> <a href=\"http:\/\/multiblog.educacion.navarra.es\/acabreja\/files\/2014\/10\/Imagen-0021.jpg\"><img loading=\"lazy\" class=\"alignnone  wp-image-57\" src=\"http:\/\/multiblog.educacion.navarra.es\/acabreja\/files\/2014\/10\/Imagen-0021-300x225.jpg\" alt=\"Imagen 002\" width=\"204\" height=\"156\" \/><\/a> <a href=\"http:\/\/multiblog.educacion.navarra.es\/acabreja\/files\/2014\/10\/Imagen-0031.jpg\"><img loading=\"lazy\" class=\"alignnone  wp-image-58\" src=\"http:\/\/multiblog.educacion.navarra.es\/acabreja\/files\/2014\/10\/Imagen-0031-300x225.jpg\" alt=\"Imagen 003\" width=\"213\" height=\"163\" \/><\/a> <a href=\"http:\/\/multiblog.educacion.navarra.es\/acabreja\/files\/2014\/10\/Imagen-020.jpg\"><img loading=\"lazy\" class=\"alignnone  wp-image-59\" src=\"http:\/\/multiblog.educacion.navarra.es\/acabreja\/files\/2014\/10\/Imagen-020-300x225.jpg\" alt=\"Imagen 020\" width=\"212\" height=\"162\" \/><\/a> <a href=\"http:\/\/multiblog.educacion.navarra.es\/acabreja\/files\/2014\/10\/Imagen-0041.jpg\"><img loading=\"lazy\" class=\"alignnone  wp-image-60\" src=\"http:\/\/multiblog.educacion.navarra.es\/acabreja\/files\/2014\/10\/Imagen-0041-300x225.jpg\" alt=\"Imagen 004\" width=\"216\" height=\"165\" \/><\/a> <a href=\"http:\/\/multiblog.educacion.navarra.es\/acabreja\/files\/2014\/10\/Imagen-0051.jpg\"><img loading=\"lazy\" class=\"alignnone  wp-image-61\" src=\"http:\/\/multiblog.educacion.navarra.es\/acabreja\/files\/2014\/10\/Imagen-0051-300x225.jpg\" alt=\"Imagen 005\" width=\"216\" height=\"165\" \/><\/a> <a href=\"http:\/\/multiblog.educacion.navarra.es\/acabreja\/files\/2014\/10\/Imagen-0061.jpg\"><img loading=\"lazy\" class=\"alignnone  wp-image-62\" src=\"http:\/\/multiblog.educacion.navarra.es\/acabreja\/files\/2014\/10\/Imagen-0061-300x225.jpg\" alt=\"Imagen 006\" width=\"214\" height=\"164\" \/><\/a> <a href=\"http:\/\/multiblog.educacion.navarra.es\/acabreja\/files\/2014\/10\/Imagen-0071.jpg\"><img loading=\"lazy\" class=\"alignnone  wp-image-63\" src=\"http:\/\/multiblog.educacion.navarra.es\/acabreja\/files\/2014\/10\/Imagen-0071-300x225.jpg\" alt=\"Imagen 007\" width=\"213\" height=\"163\" \/><\/a> <a href=\"http:\/\/multiblog.educacion.navarra.es\/acabreja\/files\/2014\/10\/Imagen-0081.jpg\"><img loading=\"lazy\" class=\"alignnone  wp-image-64\" src=\"http:\/\/multiblog.educacion.navarra.es\/acabreja\/files\/2014\/10\/Imagen-0081-300x225.jpg\" alt=\"Imagen 008\" width=\"219\" height=\"168\" \/><\/a> <a href=\"http:\/\/multiblog.educacion.navarra.es\/acabreja\/files\/2014\/10\/Imagen-0091.jpg\"><img loading=\"lazy\" class=\"alignnone  wp-image-65\" src=\"http:\/\/multiblog.educacion.navarra.es\/acabreja\/files\/2014\/10\/Imagen-0091-300x225.jpg\" alt=\"Imagen 009\" width=\"217\" height=\"166\" \/><\/a> <a href=\"http:\/\/multiblog.educacion.navarra.es\/acabreja\/files\/2014\/10\/Imagen-0101.jpg\"><img loading=\"lazy\" class=\"alignnone  wp-image-66\" src=\"http:\/\/multiblog.educacion.navarra.es\/acabreja\/files\/2014\/10\/Imagen-0101-300x225.jpg\" alt=\"Imagen 010\" width=\"219\" height=\"168\" \/><\/a> <a href=\"http:\/\/multiblog.educacion.navarra.es\/acabreja\/files\/2014\/10\/Imagen-0111.jpg\"><img loading=\"lazy\" class=\"alignnone  wp-image-67\" src=\"http:\/\/multiblog.educacion.navarra.es\/acabreja\/files\/2014\/10\/Imagen-0111-300x225.jpg\" alt=\"Imagen 011\" width=\"218\" height=\"167\" \/><\/a> <a href=\"http:\/\/multiblog.educacion.navarra.es\/acabreja\/files\/2014\/10\/Imagen-0121.jpg\"><img loading=\"lazy\" class=\"alignnone  wp-image-68\" src=\"http:\/\/multiblog.educacion.navarra.es\/acabreja\/files\/2014\/10\/Imagen-0121-300x225.jpg\" alt=\"Imagen 012\" width=\"218\" height=\"167\" \/><\/a> <a href=\"http:\/\/multiblog.educacion.navarra.es\/acabreja\/files\/2014\/10\/Imagen-013.jpg\"><img loading=\"lazy\" class=\"alignnone  wp-image-69\" src=\"http:\/\/multiblog.educacion.navarra.es\/acabreja\/files\/2014\/10\/Imagen-013-300x225.jpg\" alt=\"Imagen 013\" width=\"219\" height=\"168\" \/><\/a> <a href=\"http:\/\/multiblog.educacion.navarra.es\/acabreja\/files\/2014\/10\/Imagen-014.jpg\"><img loading=\"lazy\" class=\"alignnone  wp-image-70\" src=\"http:\/\/multiblog.educacion.navarra.es\/acabreja\/files\/2014\/10\/Imagen-014-300x225.jpg\" alt=\"Imagen 014\" width=\"217\" height=\"166\" \/><\/a> <a href=\"http:\/\/multiblog.educacion.navarra.es\/acabreja\/files\/2014\/10\/Imagen-015.jpg\"><img loading=\"lazy\" class=\"alignnone  wp-image-71\" src=\"http:\/\/multiblog.educacion.navarra.es\/acabreja\/files\/2014\/10\/Imagen-015-300x225.jpg\" alt=\"Imagen 015\" width=\"213\" height=\"163\" \/><\/a> <a href=\"http:\/\/multiblog.educacion.navarra.es\/acabreja\/files\/2014\/10\/Imagen-016.jpg\"><img loading=\"lazy\" class=\"alignnone  wp-image-72\" src=\"http:\/\/multiblog.educacion.navarra.es\/acabreja\/files\/2014\/10\/Imagen-016-300x225.jpg\" alt=\"Imagen 016\" width=\"219\" height=\"168\" \/><\/a> <a href=\"http:\/\/multiblog.educacion.navarra.es\/acabreja\/files\/2014\/10\/Imagen-017.jpg\"><img loading=\"lazy\" class=\"alignnone  wp-image-73\" src=\"http:\/\/multiblog.educacion.navarra.es\/acabreja\/files\/2014\/10\/Imagen-017-300x225.jpg\" alt=\"Imagen 017\" width=\"223\" height=\"171\" \/><\/a> <a href=\"http:\/\/multiblog.educacion.navarra.es\/acabreja\/files\/2014\/10\/Imagen-018.jpg\"><img loading=\"lazy\" class=\"alignnone  wp-image-74\" src=\"http:\/\/multiblog.educacion.navarra.es\/acabreja\/files\/2014\/10\/Imagen-018-300x225.jpg\" alt=\"Imagen 018\" width=\"221\" height=\"169\" \/><\/a> <a href=\"http:\/\/multiblog.educacion.navarra.es\/acabreja\/files\/2014\/10\/Imagen-019.jpg\"><img loading=\"lazy\" class=\"alignnone  wp-image-75\" src=\"http:\/\/multiblog.educacion.navarra.es\/acabreja\/files\/2014\/10\/Imagen-019-300x225.jpg\" alt=\"Imagen 019\" width=\"219\" height=\"168\" \/><\/a><\/p>\n<p>&nbsp;<\/p>\n<p>Paseos asistidos<\/p>\n<p><a href=\"http:\/\/multiblog.educacion.navarra.es\/acabreja\/files\/2014\/10\/IMG_2397.jpg\"><img loading=\"lazy\" class=\"alignnone  wp-image-162\" src=\"http:\/\/multiblog.educacion.navarra.es\/acabreja\/files\/2014\/10\/IMG_2397-300x225.jpg\" alt=\"IMG_2397\" width=\"206\" height=\"158\" \/><\/a> <a href=\"http:\/\/multiblog.educacion.navarra.es\/acabreja\/files\/2014\/10\/IMG_2400.jpg\"><img loading=\"lazy\" class=\"alignnone  wp-image-161\" src=\"http:\/\/multiblog.educacion.navarra.es\/acabreja\/files\/2014\/10\/IMG_2400-300x225.jpg\" alt=\"IMG_2400\" width=\"208\" height=\"159\" \/><\/a> <a href=\"http:\/\/multiblog.educacion.navarra.es\/acabreja\/files\/2014\/10\/IMG_2399.jpg\"><img loading=\"lazy\" class=\"alignnone  wp-image-160\" src=\"http:\/\/multiblog.educacion.navarra.es\/acabreja\/files\/2014\/10\/IMG_2399-300x225.jpg\" alt=\"IMG_2399\" width=\"218\" height=\"167\" \/><\/a> <a href=\"http:\/\/multiblog.educacion.navarra.es\/acabreja\/files\/2014\/10\/IMG_2398.jpg\"><img loading=\"lazy\" class=\"alignnone  wp-image-159\" src=\"http:\/\/multiblog.educacion.navarra.es\/acabreja\/files\/2014\/10\/IMG_2398-300x225.jpg\" alt=\"IMG_2398\" width=\"217\" height=\"166\" \/><\/a><\/p>\n<p><img loading=\"lazy\" class=\"alignnone  wp-image-164\" src=\"http:\/\/multiblog.educacion.navarra.es\/acabreja\/files\/2014\/10\/IMG_2396-300x225.jpg\" alt=\"IMG_2396\" width=\"208\" height=\"159\" \/><\/p>\n<p>Trabajo de la psicomotricidad<\/p>\n<p><a href=\"http:\/\/multiblog.educacion.navarra.es\/acabreja\/files\/2014\/10\/IMG_2394.jpg\"><img loading=\"lazy\" class=\"alignnone  wp-image-163\" src=\"http:\/\/multiblog.educacion.navarra.es\/acabreja\/files\/2014\/10\/IMG_2394-300x225.jpg\" alt=\"IMG_2394\" width=\"213\" height=\"163\" \/><\/a><\/p>\n","protected":false},"excerpt":{"rendered":"<p>Primeras pr\u00e1cticas con Blanca y Sara. Realizaci\u00f3n de paseos asistidos y ejercicios para ejercitar la memoria visual. Presentaci\u00f3n alumno-residente: Mantuvieron una larga conversaci\u00f3n sobre la vida de ambos. Muy interesante\u00a1 &nbsp; Paseos asistidos Trabajo de la psicomotricidad<\/p>\n","protected":false},"author":281,"featured_media":0,"parent":0,"menu_order":0,"comment_status":"open","ping_status":"open","template":"","meta":[],"_links":{"self":[{"href":"https:\/\/multiblog.educacion.navarra.es\/acabreja\/wp-json\/wp\/v2\/pages\/45"}],"collection":[{"href":"https:\/\/multiblog.educacion.navarra.es\/acabreja\/wp-json\/wp\/v2\/pages"}],"about":[{"href":"https:\/\/multiblog.educacion.navarra.es\/acabreja\/wp-json\/wp\/v2\/types\/page"}],"author":[{"embeddable":true,"href":"https:\/\/multiblog.educacion.navarra.es\/acabreja\/wp-json\/wp\/v2\/users\/281"}],"replies":[{"embeddable":true,"href":"https:\/\/multiblog.educacion.navarra.es\/acabreja\/wp-json\/wp\/v2\/comments?post=45"}],"version-history":[{"count":0,"href":"https:\/\/multiblog.educacion.navarra.es\/acabreja\/wp-json\/wp\/v2\/pages\/45\/revisions"}],"wp:attachment":[{"href":"https:\/\/multiblog.educacion.navarra.es\/acabreja\/wp-json\/wp\/v2\/media?parent=45"}],"curies":[{"name":"wp","href":"https:\/\/api.w.org\/{rel}","templated":true}]}}