


{"id":43,"date":"2014-10-26T11:14:30","date_gmt":"2014-10-26T11:14:30","guid":{"rendered":"http:\/\/multiblog.educacion.navarra.es\/acabreja\/?page_id=43"},"modified":"2014-11-29T10:54:18","modified_gmt":"2014-11-29T10:54:18","slug":"actividades-esenred","status":"publish","type":"page","link":"https:\/\/multiblog.educacion.navarra.es\/acabreja\/actividades-esenred\/","title":{"rendered":"Confint"},"content":{"rendered":"<p>La Confint (Conferencia Internacional de J\u00f3venes &#8220;Cuidemos el planeta&#8221;) es un proceso de educaci\u00f3n ambiental que, con protagonismo de los y las j\u00f3venes, que trabaja la dimensi\u00f3n local y global de la crisis medioambiental y cuyo lema es &#8220;Cuidemos el planeta&#8221; (desde biodiversidad, cambio clim\u00e1tico, pobreza&#8230; hasta desarrollo social, equidad, justicia social&#8230;).<\/p>\n<p>&nbsp;<\/p>\n","protected":false},"excerpt":{"rendered":"<p>La Confint (Conferencia Internacional de J\u00f3venes &#8220;Cuidemos el planeta&#8221;) es un proceso de educaci\u00f3n ambiental que, con protagonismo de los y las j\u00f3venes, que trabaja la dimensi\u00f3n local y global de la crisis medioambiental y cuyo lema es &#8220;Cuidemos el planeta&#8221; (desde biodiversidad, cambio clim\u00e1tico, pobreza&#8230; hasta desarrollo social, equidad, justicia social&#8230;). &nbsp;<\/p>\n","protected":false},"author":281,"featured_media":0,"parent":0,"menu_order":0,"comment_status":"open","ping_status":"open","template":"","meta":[],"_links":{"self":[{"href":"https:\/\/multiblog.educacion.navarra.es\/acabreja\/wp-json\/wp\/v2\/pages\/43"}],"collection":[{"href":"https:\/\/multiblog.educacion.navarra.es\/acabreja\/wp-json\/wp\/v2\/pages"}],"about":[{"href":"https:\/\/multiblog.educacion.navarra.es\/acabreja\/wp-json\/wp\/v2\/types\/page"}],"author":[{"embeddable":true,"href":"https:\/\/multiblog.educacion.navarra.es\/acabreja\/wp-json\/wp\/v2\/users\/281"}],"replies":[{"embeddable":true,"href":"https:\/\/multiblog.educacion.navarra.es\/acabreja\/wp-json\/wp\/v2\/comments?post=43"}],"version-history":[{"count":0,"href":"https:\/\/multiblog.educacion.navarra.es\/acabreja\/wp-json\/wp\/v2\/pages\/43\/revisions"}],"wp:attachment":[{"href":"https:\/\/multiblog.educacion.navarra.es\/acabreja\/wp-json\/wp\/v2\/media?parent=43"}],"curies":[{"name":"wp","href":"https:\/\/api.w.org\/{rel}","templated":true}]}}