


{"id":287,"date":"2015-06-26T08:16:02","date_gmt":"2015-06-26T08:16:02","guid":{"rendered":"http:\/\/multiblog.educacion.navarra.es\/acabreja\/?page_id=287"},"modified":"2015-06-26T08:16:36","modified_gmt":"2015-06-26T08:16:36","slug":"actividades-de-e-plastica-en-2o-eso","status":"publish","type":"page","link":"https:\/\/multiblog.educacion.navarra.es\/acabreja\/residuos\/actividades-de-e-plastica-en-2o-eso\/","title":{"rendered":"Actividades de E. Pl\u00e1stica en 2\u00ba  ESO."},"content":{"rendered":"<p>OBJETIVOS<\/p>\n<p>Promover la adquisici\u00f3n de h\u00e1bitos respetuosos con el medio ambiente, fomentando el respeto a los seres vivos y concienciando al alumnado de que todos somos responsables de la contaminaci\u00f3n ambiental y todos debemos colaborar en medidas correctoras y especialmente &#8220;el reciclaje&#8221;.<\/p>\n<p>ACTUACIONES<\/p>\n<p>Realizaci\u00f3n de un cartel de carnaval utilizando exclusivamente material reciclado para la creaci\u00f3n del antifaz y del texto.<\/p>\n<p>Alumnos de 2\u00ba ESO.<\/p>\n<p>PROCEDIMIENTO<\/p>\n<p>Realizaci\u00f3n de un cartel de carnaval que consta de tres partes:<\/p>\n<p>1. Elecci\u00f3n y realizaci\u00f3n del personaje (t\u00e9mperas).<\/p>\n<p>2. Realizaci\u00f3n del antifaz (material reciclado).<\/p>\n<p>3. Realizaci\u00f3n del texto (material reciclado).<\/p>\n\n\t\t<style type=\"text\/css\">\n\t\t\t#gallery-1 {\n\t\t\t\tmargin: auto;\n\t\t\t}\n\t\t\t#gallery-1 .gallery-item {\n\t\t\t\tfloat: left;\n\t\t\t\tmargin-top: 10px;\n\t\t\t\ttext-align: center;\n\t\t\t\twidth: 33%;\n\t\t\t}\n\t\t\t#gallery-1 img {\n\t\t\t\tborder: 2px solid #cfcfcf;\n\t\t\t}\n\t\t\t#gallery-1 .gallery-caption {\n\t\t\t\tmargin-left: 0;\n\t\t\t}\n\t\t\t\/* see gallery_shortcode() in wp-includes\/media.php *\/\n\t\t<\/style>\n\t\t<div id='gallery-1' class='gallery galleryid-287 gallery-columns-3 gallery-size-thumbnail'><dl class='gallery-item'>\n\t\t\t<dt class='gallery-icon landscape'>\n\t\t\t\t<a href='https:\/\/multiblog.educacion.navarra.es\/acabreja\/residuos\/actividades-de-e-plastica-en-2o-eso\/sony-dsc-17\/'><img width=\"150\" height=\"150\" src=\"https:\/\/multiblog.educacion.navarra.es\/acabreja\/files\/2015\/06\/carnaval-15-150x150.jpg\" class=\"attachment-thumbnail size-thumbnail\" alt=\"\" loading=\"lazy\" aria-describedby=\"gallery-1-303\" \/><\/a>\n\t\t\t<\/dt>\n\t\t\t\t<dd class='wp-caption-text gallery-caption' id='gallery-1-303'>\n\t\t\t\tSONY DSC\n\t\t\t\t<\/dd><\/dl><dl class='gallery-item'>\n\t\t\t<dt class='gallery-icon landscape'>\n\t\t\t\t<a href='https:\/\/multiblog.educacion.navarra.es\/acabreja\/residuos\/actividades-de-e-plastica-en-2o-eso\/sony-dsc-19\/'><img width=\"150\" height=\"150\" src=\"https:\/\/multiblog.educacion.navarra.es\/acabreja\/files\/2015\/06\/carnaval-17-150x150.jpg\" class=\"attachment-thumbnail size-thumbnail\" alt=\"\" loading=\"lazy\" aria-describedby=\"gallery-1-305\" \/><\/a>\n\t\t\t<\/dt>\n\t\t\t\t<dd class='wp-caption-text gallery-caption' id='gallery-1-305'>\n\t\t\t\tSONY DSC\n\t\t\t\t<\/dd><\/dl>\n\t\t\t<br style='clear: both' \/>\n\t\t<\/div>\n\n","protected":false},"excerpt":{"rendered":"<p>OBJETIVOS Promover la adquisici\u00f3n de h\u00e1bitos respetuosos con el medio ambiente, fomentando el respeto a los seres vivos y concienciando al alumnado de que todos somos responsables de la contaminaci\u00f3n ambiental y todos debemos colaborar en medidas correctoras y especialmente &#8220;el reciclaje&#8221;. ACTUACIONES Realizaci\u00f3n de un cartel de carnaval utilizando exclusivamente material reciclado para la creaci\u00f3n del antifaz y del<\/p>\n","protected":false},"author":281,"featured_media":0,"parent":134,"menu_order":0,"comment_status":"open","ping_status":"open","template":"","meta":[],"_links":{"self":[{"href":"https:\/\/multiblog.educacion.navarra.es\/acabreja\/wp-json\/wp\/v2\/pages\/287"}],"collection":[{"href":"https:\/\/multiblog.educacion.navarra.es\/acabreja\/wp-json\/wp\/v2\/pages"}],"about":[{"href":"https:\/\/multiblog.educacion.navarra.es\/acabreja\/wp-json\/wp\/v2\/types\/page"}],"author":[{"embeddable":true,"href":"https:\/\/multiblog.educacion.navarra.es\/acabreja\/wp-json\/wp\/v2\/users\/281"}],"replies":[{"embeddable":true,"href":"https:\/\/multiblog.educacion.navarra.es\/acabreja\/wp-json\/wp\/v2\/comments?post=287"}],"version-history":[{"count":0,"href":"https:\/\/multiblog.educacion.navarra.es\/acabreja\/wp-json\/wp\/v2\/pages\/287\/revisions"}],"up":[{"embeddable":true,"href":"https:\/\/multiblog.educacion.navarra.es\/acabreja\/wp-json\/wp\/v2\/pages\/134"}],"wp:attachment":[{"href":"https:\/\/multiblog.educacion.navarra.es\/acabreja\/wp-json\/wp\/v2\/media?parent=287"}],"curies":[{"name":"wp","href":"https:\/\/api.w.org\/{rel}","templated":true}]}}