


{"id":253,"date":"2015-06-17T05:02:37","date_gmt":"2015-06-17T05:02:37","guid":{"rendered":"http:\/\/multiblog.educacion.navarra.es\/acabreja\/?page_id=253"},"modified":"2015-06-17T05:02:37","modified_gmt":"2015-06-17T05:02:37","slug":"habilidades-con-bicicleta-y-salida-a-la-nava","status":"publish","type":"page","link":"https:\/\/multiblog.educacion.navarra.es\/acabreja\/habilidades-con-bicicleta-y-salida-a-la-nava\/","title":{"rendered":"Habilidades con bicicleta y salida a La Nava"},"content":{"rendered":"<p>Durante las dos \u00faltimas sesiones de Educaci\u00f3n F\u00edsica, los alumnos de 3\u00baD han realizado una clases se habilidades con bicicleta en la cual se han llevado a cabo circuitos y juegos para aprender el manejo de la bicicleta. Y una segunda clases en la que se ha realizado una salida al embalse de la nava. Con el objetivo de fomentar el uso de la bicicleta como medio de transporte y ademas realizar una salida por un camino de senderismo marcado de la localidad para que los alumnos lo conozcan y puedan hacer uso de \u00e9l.<\/p>\n<p>&nbsp;<\/p>\n<p><a href=\"http:\/\/multiblog.educacion.navarra.es\/acabreja\/files\/2015\/06\/IMG_20150616_090624374_HDR.jpg\">\u00a0 \u00a0<\/a>\u00a0 <a href=\"http:\/\/multiblog.educacion.navarra.es\/acabreja\/files\/2015\/06\/IMG_20150616_093955885_HDR.jpg\"><img loading=\"lazy\" class=\"alignnone size-medium wp-image-259\" src=\"http:\/\/multiblog.educacion.navarra.es\/acabreja\/files\/2015\/06\/IMG_20150616_093955885_HDR-300x225.jpg\" alt=\"IMG_20150616_093955885_HDR\" width=\"300\" height=\"225\" \/><\/a> <a href=\"http:\/\/multiblog.educacion.navarra.es\/acabreja\/files\/2015\/06\/IMG_20150616_094012029.jpg\"><img loading=\"lazy\" class=\"alignnone size-medium wp-image-260\" src=\"http:\/\/multiblog.educacion.navarra.es\/acabreja\/files\/2015\/06\/IMG_20150616_094012029-300x225.jpg\" alt=\"IMG_20150616_094012029\" width=\"300\" height=\"225\" \/><\/a>\u00a0 \u00a0 \u00a0 \u00a0 \u00a0 \u00a0 \u00a0 \u00a0 \u00a0 \u00a0 \u00a0<a href=\"http:\/\/multiblog.educacion.navarra.es\/acabreja\/files\/2015\/06\/IMG_20150616_094014346.jpg\"><img loading=\"lazy\" class=\"alignnone size-medium wp-image-261\" src=\"http:\/\/multiblog.educacion.navarra.es\/acabreja\/files\/2015\/06\/IMG_20150616_094014346-300x225.jpg\" alt=\"IMG_20150616_094014346\" width=\"300\" height=\"225\" \/><\/a>\u00a0\u00a0<a href=\"http:\/\/multiblog.educacion.navarra.es\/acabreja\/files\/2015\/06\/IMG_20150616_094015901.jpg\"><img loading=\"lazy\" class=\"alignnone size-medium wp-image-262\" src=\"http:\/\/multiblog.educacion.navarra.es\/acabreja\/files\/2015\/06\/IMG_20150616_094015901-300x225.jpg\" alt=\"IMG_20150616_094015901\" width=\"300\" height=\"225\" \/><\/a><\/p>\n<p>&nbsp;<\/p>\n<p>En la salida a la Nava, los alumnos pudieron ver parte de la fauna de la zona, vimos alguna focha en el embalse y disfrutar de las vistas desde la parte alta.<\/p>\n<p><a href=\"http:\/\/multiblog.educacion.navarra.es\/acabreja\/files\/2015\/06\/IMG_20150616_094015901.jpg\"><img loading=\"lazy\" class=\"alignnone size-medium wp-image-255\" src=\"http:\/\/multiblog.educacion.navarra.es\/acabreja\/files\/2015\/06\/IMG_20150616_084040023-300x225.jpg\" alt=\"IMG_20150616_084040023\" width=\"300\" height=\"225\" srcset=\"https:\/\/multiblog.educacion.navarra.es\/acabreja\/files\/2015\/06\/IMG_20150616_084040023-300x225.jpg 300w, https:\/\/multiblog.educacion.navarra.es\/acabreja\/files\/2015\/06\/IMG_20150616_084040023-1024x768.jpg 1024w\" sizes=\"(max-width: 300px) 100vw, 300px\" \/><img loading=\"lazy\" class=\"alignnone wp-image-254 size-medium\" src=\"http:\/\/multiblog.educacion.navarra.es\/acabreja\/files\/2015\/06\/IMG_20150616_084037599-300x225.jpg\" alt=\"IMG_20150616_084037599\" width=\"300\" height=\"225\" \/> <\/a><\/p>\n<p>&nbsp;<\/p>\n<p><a href=\"http:\/\/multiblog.educacion.navarra.es\/acabreja\/files\/2015\/06\/IMG_20150616_085230532.jpg\"><img loading=\"lazy\" class=\"alignnone size-medium wp-image-256\" src=\"http:\/\/multiblog.educacion.navarra.es\/acabreja\/files\/2015\/06\/IMG_20150616_085230532-300x225.jpg\" alt=\"IMG_20150616_085230532\" width=\"300\" height=\"225\" srcset=\"https:\/\/multiblog.educacion.navarra.es\/acabreja\/files\/2015\/06\/IMG_20150616_085230532-300x225.jpg 300w, https:\/\/multiblog.educacion.navarra.es\/acabreja\/files\/2015\/06\/IMG_20150616_085230532-1024x768.jpg 1024w\" sizes=\"(max-width: 300px) 100vw, 300px\" \/><\/a><a href=\"http:\/\/multiblog.educacion.navarra.es\/acabreja\/files\/2015\/06\/IMG_20150616_094015901.jpg\"><img loading=\"lazy\" class=\"alignnone size-medium wp-image-257\" src=\"http:\/\/multiblog.educacion.navarra.es\/acabreja\/files\/2015\/06\/IMG_20150616_090624374_HDR-300x225.jpg\" alt=\"IMG_20150616_090624374_HDR\" width=\"300\" height=\"225\" srcset=\"https:\/\/multiblog.educacion.navarra.es\/acabreja\/files\/2015\/06\/IMG_20150616_090624374_HDR-300x225.jpg 300w, https:\/\/multiblog.educacion.navarra.es\/acabreja\/files\/2015\/06\/IMG_20150616_090624374_HDR-1024x768.jpg 1024w\" sizes=\"(max-width: 300px) 100vw, 300px\" \/><\/a><\/p>\n","protected":false},"excerpt":{"rendered":"<p>Durante las dos \u00faltimas sesiones de Educaci\u00f3n F\u00edsica, los alumnos de 3\u00baD han realizado una clases se habilidades con bicicleta en la cual se han llevado a cabo circuitos y juegos para aprender el manejo de la bicicleta. Y una segunda clases en la que se ha realizado una salida al embalse de la nava. Con el objetivo de fomentar<\/p>\n","protected":false},"author":281,"featured_media":0,"parent":0,"menu_order":0,"comment_status":"open","ping_status":"open","template":"","meta":[],"_links":{"self":[{"href":"https:\/\/multiblog.educacion.navarra.es\/acabreja\/wp-json\/wp\/v2\/pages\/253"}],"collection":[{"href":"https:\/\/multiblog.educacion.navarra.es\/acabreja\/wp-json\/wp\/v2\/pages"}],"about":[{"href":"https:\/\/multiblog.educacion.navarra.es\/acabreja\/wp-json\/wp\/v2\/types\/page"}],"author":[{"embeddable":true,"href":"https:\/\/multiblog.educacion.navarra.es\/acabreja\/wp-json\/wp\/v2\/users\/281"}],"replies":[{"embeddable":true,"href":"https:\/\/multiblog.educacion.navarra.es\/acabreja\/wp-json\/wp\/v2\/comments?post=253"}],"version-history":[{"count":0,"href":"https:\/\/multiblog.educacion.navarra.es\/acabreja\/wp-json\/wp\/v2\/pages\/253\/revisions"}],"wp:attachment":[{"href":"https:\/\/multiblog.educacion.navarra.es\/acabreja\/wp-json\/wp\/v2\/media?parent=253"}],"curies":[{"name":"wp","href":"https:\/\/api.w.org\/{rel}","templated":true}]}}