


{"id":237,"date":"2015-05-22T10:23:27","date_gmt":"2015-05-22T10:23:27","guid":{"rendered":"http:\/\/multiblog.educacion.navarra.es\/acabreja\/?page_id=237"},"modified":"2015-05-22T10:23:27","modified_gmt":"2015-05-22T10:23:27","slug":"obsolescencia-programada","status":"publish","type":"page","link":"https:\/\/multiblog.educacion.navarra.es\/acabreja\/obsolescencia-programada\/","title":{"rendered":"Obsolescencia programada"},"content":{"rendered":"<p>En la Tercera\u00a0Evaluaci\u00f3n de este curso 2014-2015, se proyect\u00f3 a\u00a0los alumnos de\u00a0Lengua de 4\u00baB y de 4\u00baC el documental de Televisi\u00f3n Espa\u00f1ola &#8220;Comprar, tirar, comprar&#8221;, en el que se expone el concepto de la <a title=\"Obsolescencia programada, en la Wikipedia.\" href=\"http:\/\/es.wikipedia.org\/wiki\/Obsolescencia_programada\">obsolescencia programada<\/a> y se denuncia el env\u00edo\u00a0a\u00a0pa\u00edses del Tercer Mundo de los residuos tecnol\u00f3gicos generados en el mundo desarrollado.<\/p>\n<p>Este es el documental:<\/p>\n<iframe width=\"860\" height=\"484\" src=\"https:\/\/www.youtube.com\/embed\/24CM4g8V6w8?feature=oembed\" frameborder=\"0\" allow=\"accelerometer; autoplay; encrypted-media; gyroscope; picture-in-picture\" allowfullscreen><\/iframe>\n<p>A continuaci\u00f3n, los alumnos de la rama de Ciencias Sociales (los de 4\u00baB) elaboraron un texto argumentativo con sus opiniones sobre este tema. En cambio,\u00a0a los alumnos de la rama tecnol\u00f3gica (es decir, a los de 4\u00baC), se les\u00a0distribuy\u00f3 una fotocopia de <a href=\"http:\/\/economia.elpais.com\/economia\/2014\/10\/31\/actualidad\/1414761553_335774.html\">una noticia publicada en el diario <em>El Pa\u00eds<\/em><\/a> sobre ese tema y se les encarg\u00f3 un trabajo de comprensi\u00f3n lectora y de expresi\u00f3n escrita al respecto.<\/p>\n<p>Adem\u00e1s, la prueba de comprensi\u00f3n lectora de la Segunda Evaluaci\u00f3n de Lengua espa\u00f1ola se hizo a partir de una adaptaci\u00f3n de una noticia publicada en <em>El Pa\u00eds<\/em> titulada \u201c<a href=\"http:\/\/sociedad.elpais.com\/sociedad\/2014\/03\/07\/actualidad\/1394213070_972243.html\">Veranos con tres o cuatro grados m\u00e1s por el cambio clim\u00e1tico<\/a>\u201d.<\/p>\n<p>Nacho Subir\u00e1n<\/p>\n","protected":false},"excerpt":{"rendered":"<p>En la Tercera\u00a0Evaluaci\u00f3n de este curso 2014-2015, se proyect\u00f3 a\u00a0los alumnos de\u00a0Lengua de 4\u00baB y de 4\u00baC el documental de Televisi\u00f3n Espa\u00f1ola &#8220;Comprar, tirar, comprar&#8221;, en el que se expone el concepto de la obsolescencia programada y se denuncia el env\u00edo\u00a0a\u00a0pa\u00edses del Tercer Mundo de los residuos tecnol\u00f3gicos generados en el mundo desarrollado. Este es el documental: A continuaci\u00f3n, los<\/p>\n","protected":false},"author":281,"featured_media":0,"parent":0,"menu_order":0,"comment_status":"open","ping_status":"open","template":"","meta":[],"_links":{"self":[{"href":"https:\/\/multiblog.educacion.navarra.es\/acabreja\/wp-json\/wp\/v2\/pages\/237"}],"collection":[{"href":"https:\/\/multiblog.educacion.navarra.es\/acabreja\/wp-json\/wp\/v2\/pages"}],"about":[{"href":"https:\/\/multiblog.educacion.navarra.es\/acabreja\/wp-json\/wp\/v2\/types\/page"}],"author":[{"embeddable":true,"href":"https:\/\/multiblog.educacion.navarra.es\/acabreja\/wp-json\/wp\/v2\/users\/281"}],"replies":[{"embeddable":true,"href":"https:\/\/multiblog.educacion.navarra.es\/acabreja\/wp-json\/wp\/v2\/comments?post=237"}],"version-history":[{"count":0,"href":"https:\/\/multiblog.educacion.navarra.es\/acabreja\/wp-json\/wp\/v2\/pages\/237\/revisions"}],"wp:attachment":[{"href":"https:\/\/multiblog.educacion.navarra.es\/acabreja\/wp-json\/wp\/v2\/media?parent=237"}],"curies":[{"name":"wp","href":"https:\/\/api.w.org\/{rel}","templated":true}]}}