


{"id":227,"date":"2015-05-14T10:41:22","date_gmt":"2015-05-14T10:41:22","guid":{"rendered":"http:\/\/multiblog.educacion.navarra.es\/acabreja\/?page_id=227"},"modified":"2015-05-14T10:41:22","modified_gmt":"2015-05-14T10:41:22","slug":"juegos-ecolimpicos","status":"publish","type":"page","link":"https:\/\/multiblog.educacion.navarra.es\/acabreja\/juegos-ecolimpicos\/","title":{"rendered":"Juegos Ecol\u00edmpicos"},"content":{"rendered":"<p>Durante varias semanas los alumnos de 1\u00ba de la ESO han construido sus propios juegos usando material reciclado, despu\u00e9s han estado jugando con ellos \u00a0y probando los de sus compa\u00f1eros. Algunos de los trabajos han estado muy elaborados, desarrollando toda su creatividad \u00a0\u00a0y han pasado un rato muy divertido jugando con todos ellos. A trav\u00e9s de esta unidad did\u00e1ctica se dan cuenta que para divertirse no hace falta comprar juegos\u00a0car\u00edsimos de \u00faltima generaci\u00f3n, y que materiales como cartones, botellas, peri\u00f3dicos pueden tener unos segundos usos muy divertidos<\/p>\n<p><a href=\"http:\/\/multiblog.educacion.navarra.es\/acabreja\/files\/2015\/05\/IMG_20150513_094531.jpg\"><img loading=\"lazy\" class=\"alignnone size-medium wp-image-232\" src=\"http:\/\/multiblog.educacion.navarra.es\/acabreja\/files\/2015\/05\/IMG_20150513_094531-300x225.jpg\" alt=\"IMG_20150513_094531\" width=\"300\" height=\"225\" srcset=\"https:\/\/multiblog.educacion.navarra.es\/acabreja\/files\/2015\/05\/IMG_20150513_094531-300x225.jpg 300w, https:\/\/multiblog.educacion.navarra.es\/acabreja\/files\/2015\/05\/IMG_20150513_094531-1024x768.jpg 1024w\" sizes=\"(max-width: 300px) 100vw, 300px\" \/><\/a> <a href=\"http:\/\/multiblog.educacion.navarra.es\/acabreja\/files\/2015\/05\/IMG_20150513_094627.jpg\"><img loading=\"lazy\" class=\"alignnone size-medium wp-image-233\" src=\"http:\/\/multiblog.educacion.navarra.es\/acabreja\/files\/2015\/05\/IMG_20150513_094627-225x300.jpg\" alt=\"IMG_20150513_094627\" width=\"225\" height=\"300\" srcset=\"https:\/\/multiblog.educacion.navarra.es\/acabreja\/files\/2015\/05\/IMG_20150513_094627-225x300.jpg 225w, https:\/\/multiblog.educacion.navarra.es\/acabreja\/files\/2015\/05\/IMG_20150513_094627-768x1024.jpg 768w\" sizes=\"(max-width: 225px) 100vw, 225px\" \/><\/a>.\u00a0<a href=\"http:\/\/multiblog.educacion.navarra.es\/acabreja\/files\/2015\/05\/IMG_20150514_114920.jpg\"><img loading=\"lazy\" class=\"alignnone size-medium wp-image-230\" src=\"http:\/\/multiblog.educacion.navarra.es\/acabreja\/files\/2015\/05\/IMG_20150513_094713-225x300.jpg\" alt=\"IMG_20150513_094713\" width=\"225\" height=\"300\" srcset=\"https:\/\/multiblog.educacion.navarra.es\/acabreja\/files\/2015\/05\/IMG_20150513_094713-225x300.jpg 225w, https:\/\/multiblog.educacion.navarra.es\/acabreja\/files\/2015\/05\/IMG_20150513_094713-768x1024.jpg 768w\" sizes=\"(max-width: 225px) 100vw, 225px\" \/><img loading=\"lazy\" class=\"alignnone size-medium wp-image-229\" src=\"http:\/\/multiblog.educacion.navarra.es\/acabreja\/files\/2015\/05\/IMG_20150514_114920-300x225.jpg\" alt=\"IMG_20150514_114920\" width=\"300\" height=\"225\" \/><\/a> <img loading=\"lazy\" class=\"alignnone size-medium wp-image-228\" src=\"http:\/\/multiblog.educacion.navarra.es\/acabreja\/files\/2015\/05\/IMG_20150513_133029-300x225.jpg\" alt=\"IMG_20150513_133029\" width=\"300\" height=\"225\" \/><img loading=\"lazy\" class=\"alignnone size-medium wp-image-231\" src=\"http:\/\/multiblog.educacion.navarra.es\/acabreja\/files\/2015\/05\/IMG_20150513_132924-300x225.jpg\" alt=\"IMG_20150513_132924\" width=\"300\" height=\"225\" srcset=\"https:\/\/multiblog.educacion.navarra.es\/acabreja\/files\/2015\/05\/IMG_20150513_132924-300x225.jpg 300w, https:\/\/multiblog.educacion.navarra.es\/acabreja\/files\/2015\/05\/IMG_20150513_132924-1024x768.jpg 1024w\" sizes=\"(max-width: 300px) 100vw, 300px\" \/><\/p>\n","protected":false},"excerpt":{"rendered":"<p>Durante varias semanas los alumnos de 1\u00ba de la ESO han construido sus propios juegos usando material reciclado, despu\u00e9s han estado jugando con ellos \u00a0y probando los de sus compa\u00f1eros. Algunos de los trabajos han estado muy elaborados, desarrollando toda su creatividad \u00a0\u00a0y han pasado un rato muy divertido jugando con todos ellos. A trav\u00e9s de esta unidad did\u00e1ctica se<\/p>\n","protected":false},"author":281,"featured_media":0,"parent":0,"menu_order":0,"comment_status":"open","ping_status":"open","template":"","meta":[],"_links":{"self":[{"href":"https:\/\/multiblog.educacion.navarra.es\/acabreja\/wp-json\/wp\/v2\/pages\/227"}],"collection":[{"href":"https:\/\/multiblog.educacion.navarra.es\/acabreja\/wp-json\/wp\/v2\/pages"}],"about":[{"href":"https:\/\/multiblog.educacion.navarra.es\/acabreja\/wp-json\/wp\/v2\/types\/page"}],"author":[{"embeddable":true,"href":"https:\/\/multiblog.educacion.navarra.es\/acabreja\/wp-json\/wp\/v2\/users\/281"}],"replies":[{"embeddable":true,"href":"https:\/\/multiblog.educacion.navarra.es\/acabreja\/wp-json\/wp\/v2\/comments?post=227"}],"version-history":[{"count":0,"href":"https:\/\/multiblog.educacion.navarra.es\/acabreja\/wp-json\/wp\/v2\/pages\/227\/revisions"}],"wp:attachment":[{"href":"https:\/\/multiblog.educacion.navarra.es\/acabreja\/wp-json\/wp\/v2\/media?parent=227"}],"curies":[{"name":"wp","href":"https:\/\/api.w.org\/{rel}","templated":true}]}}