


{"id":182,"date":"2015-05-09T11:57:38","date_gmt":"2015-05-09T11:57:38","guid":{"rendered":"http:\/\/multiblog.educacion.navarra.es\/acabreja\/?page_id=182"},"modified":"2015-05-09T12:02:03","modified_gmt":"2015-05-09T12:02:03","slug":"la-ciudad-del-consumo-responsable-consumopolis","status":"publish","type":"page","link":"https:\/\/multiblog.educacion.navarra.es\/acabreja\/la-ciudad-del-consumo-responsable-consumopolis\/","title":{"rendered":"La ciudad del consumo responsable: CONSUM\u00d3POLIS"},"content":{"rendered":"<p>Los alumnos de 2\u00baB que han elegido Atenci\u00f3n Educativa como optativa han estado &#8220;viviendo&#8221; una temporadita en esta sostenible ciudad que es Consum\u00f3polis.<\/p>\n<p>Han participado en el concurso que ten\u00eda dos fases y uno de los grupos ha quedado en el segundo puesto a nivel de Navarra.<\/p>\n<p>Ambos grupos pasaron la primera fase, \u00a1enhorabuena chicos!, hab\u00e9is sido unos estupendos ciudadanos de Consum\u00f3polis .<\/p>\n<p>Lo siguiente que nos proponemos antes de acabar el curso es que todos los compa\u00f1eros de 2\u00baB se conviertan en dignos habitantes de Consum\u00f3polis con ayuda de los que ya han participado en el concurso y las fichas que la ciudad de Consum\u00f3polis nos deja generosamente.<\/p>\n<p>Os iremos informando y subiendo m\u00e1s fotos para ver a todo 2\u00baB conviviendo en Consum\u00f3polis. Por el momento, aqu\u00ed ten\u00e9is unas fotos de nuestros ciudadanos VIP de Consum\u00f3polis:<\/p>\n<p><a href=\"http:\/\/multiblog.educacion.navarra.es\/acabreja\/files\/2015\/05\/IMG_20141128_125107.jpg\"><img loading=\"lazy\" class=\"alignnone size-medium wp-image-183\" src=\"http:\/\/multiblog.educacion.navarra.es\/acabreja\/files\/2015\/05\/IMG_20141128_125107-300x169.jpg\" alt=\"IMG_20141128_125107\" width=\"300\" height=\"169\" srcset=\"https:\/\/multiblog.educacion.navarra.es\/acabreja\/files\/2015\/05\/IMG_20141128_125107-300x169.jpg 300w, https:\/\/multiblog.educacion.navarra.es\/acabreja\/files\/2015\/05\/IMG_20141128_125107-1024x576.jpg 1024w\" sizes=\"(max-width: 300px) 100vw, 300px\" \/><\/a> <a href=\"http:\/\/multiblog.educacion.navarra.es\/acabreja\/files\/2015\/05\/IMG_20150116_125045.jpg\"><img loading=\"lazy\" class=\"alignnone size-medium wp-image-184\" src=\"http:\/\/multiblog.educacion.navarra.es\/acabreja\/files\/2015\/05\/IMG_20150116_125045-300x169.jpg\" alt=\"IMG_20150116_125045\" width=\"300\" height=\"169\" \/><\/a> <a href=\"http:\/\/multiblog.educacion.navarra.es\/acabreja\/files\/2015\/05\/IMG_20150116_125209.jpg\"><img loading=\"lazy\" class=\"alignnone size-medium wp-image-185\" src=\"http:\/\/multiblog.educacion.navarra.es\/acabreja\/files\/2015\/05\/IMG_20150116_125209-300x169.jpg\" alt=\"IMG_20150116_125209\" width=\"300\" height=\"169\" \/><\/a> <a href=\"http:\/\/multiblog.educacion.navarra.es\/acabreja\/files\/2015\/05\/IMG_20150116_125318.jpg\"><img loading=\"lazy\" class=\"alignnone size-medium wp-image-186\" src=\"http:\/\/multiblog.educacion.navarra.es\/acabreja\/files\/2015\/05\/IMG_20150116_125318-300x169.jpg\" alt=\"IMG_20150116_125318\" width=\"300\" height=\"169\" srcset=\"https:\/\/multiblog.educacion.navarra.es\/acabreja\/files\/2015\/05\/IMG_20150116_125318-300x169.jpg 300w, https:\/\/multiblog.educacion.navarra.es\/acabreja\/files\/2015\/05\/IMG_20150116_125318-1024x576.jpg 1024w\" sizes=\"(max-width: 300px) 100vw, 300px\" \/><\/a> <a href=\"http:\/\/multiblog.educacion.navarra.es\/acabreja\/files\/2015\/05\/IMG_20150306_120022-1.jpg\"><img loading=\"lazy\" class=\"alignnone size-medium wp-image-187\" src=\"http:\/\/multiblog.educacion.navarra.es\/acabreja\/files\/2015\/05\/IMG_20150306_120022-1-300x202.jpg\" alt=\"IMG_20150306_120022-1\" width=\"300\" height=\"202\" \/><\/a><\/p>\n","protected":false},"excerpt":{"rendered":"<p>Los alumnos de 2\u00baB que han elegido Atenci\u00f3n Educativa como optativa han estado &#8220;viviendo&#8221; una temporadita en esta sostenible ciudad que es Consum\u00f3polis. Han participado en el concurso que ten\u00eda dos fases y uno de los grupos ha quedado en el segundo puesto a nivel de Navarra. Ambos grupos pasaron la primera fase, \u00a1enhorabuena chicos!, hab\u00e9is sido unos estupendos ciudadanos<\/p>\n","protected":false},"author":281,"featured_media":0,"parent":0,"menu_order":0,"comment_status":"open","ping_status":"open","template":"","meta":[],"_links":{"self":[{"href":"https:\/\/multiblog.educacion.navarra.es\/acabreja\/wp-json\/wp\/v2\/pages\/182"}],"collection":[{"href":"https:\/\/multiblog.educacion.navarra.es\/acabreja\/wp-json\/wp\/v2\/pages"}],"about":[{"href":"https:\/\/multiblog.educacion.navarra.es\/acabreja\/wp-json\/wp\/v2\/types\/page"}],"author":[{"embeddable":true,"href":"https:\/\/multiblog.educacion.navarra.es\/acabreja\/wp-json\/wp\/v2\/users\/281"}],"replies":[{"embeddable":true,"href":"https:\/\/multiblog.educacion.navarra.es\/acabreja\/wp-json\/wp\/v2\/comments?post=182"}],"version-history":[{"count":0,"href":"https:\/\/multiblog.educacion.navarra.es\/acabreja\/wp-json\/wp\/v2\/pages\/182\/revisions"}],"wp:attachment":[{"href":"https:\/\/multiblog.educacion.navarra.es\/acabreja\/wp-json\/wp\/v2\/media?parent=182"}],"curies":[{"name":"wp","href":"https:\/\/api.w.org\/{rel}","templated":true}]}}