


{"id":177,"date":"2015-04-26T11:29:44","date_gmt":"2015-04-26T11:29:44","guid":{"rendered":"http:\/\/multiblog.educacion.navarra.es\/acabreja\/?page_id=177"},"modified":"2015-04-27T10:51:45","modified_gmt":"2015-04-27T10:51:45","slug":"avatar","status":"publish","type":"page","link":"https:\/\/multiblog.educacion.navarra.es\/acabreja\/ecosistemas\/avatar\/","title":{"rendered":"Avatar"},"content":{"rendered":"<p><strong>El alumnado de 3\u00ba y 4\u00ba de DIV as\u00ed como 1\u00ba y 4\u00ba ESO ha visto Avatar en versi\u00f3n original. Con la visualizaci\u00f3n de esta pel\u00edcula de ciencia ficci\u00f3n que tanto les ha agradado, se consigue que los estudiantes mejoren sus conocimientos de la lengua inglesa as\u00ed como que sean conscientes de la importancia de mantener el entorno natural. Los nativos del planeta Pandora se tienen que defender de la ambici\u00f3n de los humanos que est\u00e1n dispuestos a una cruel devastaci\u00f3n de la naturaleza. Este hecho se corresponde con nuestra vida diaria: muchos bosques y territorios son expoliados con fines econ\u00f3micos. <\/strong><\/p>\n<p>&nbsp;<\/p>\n<p><a href=\"http:\/\/multiblog.educacion.navarra.es\/acabreja\/files\/2015\/04\/Avatar-208925608-large.jpg\"><img loading=\"lazy\" class=\"alignnone size-medium wp-image-178\" src=\"http:\/\/multiblog.educacion.navarra.es\/acabreja\/files\/2015\/04\/Avatar-208925608-large-203x300.jpg\" alt=\"Avatar-208925608-large\" width=\"203\" height=\"300\" \/><\/a><\/p>\n\n<div class=\"gde-error\">GDE Error: Error al recuperar el fichero. Si es necesario, desactiva la comprobaci\u00f3n de errores (404:Not Found)<\/div>\n\n","protected":false},"excerpt":{"rendered":"<p>El alumnado de 3\u00ba y 4\u00ba de DIV as\u00ed como 1\u00ba y 4\u00ba ESO ha visto Avatar en versi\u00f3n original. Con la visualizaci\u00f3n de esta pel\u00edcula de ciencia ficci\u00f3n que tanto les ha agradado, se consigue que los estudiantes mejoren sus conocimientos de la lengua inglesa as\u00ed como que sean conscientes de la importancia de mantener el entorno natural. Los<\/p>\n","protected":false},"author":281,"featured_media":0,"parent":132,"menu_order":0,"comment_status":"open","ping_status":"open","template":"","meta":[],"_links":{"self":[{"href":"https:\/\/multiblog.educacion.navarra.es\/acabreja\/wp-json\/wp\/v2\/pages\/177"}],"collection":[{"href":"https:\/\/multiblog.educacion.navarra.es\/acabreja\/wp-json\/wp\/v2\/pages"}],"about":[{"href":"https:\/\/multiblog.educacion.navarra.es\/acabreja\/wp-json\/wp\/v2\/types\/page"}],"author":[{"embeddable":true,"href":"https:\/\/multiblog.educacion.navarra.es\/acabreja\/wp-json\/wp\/v2\/users\/281"}],"replies":[{"embeddable":true,"href":"https:\/\/multiblog.educacion.navarra.es\/acabreja\/wp-json\/wp\/v2\/comments?post=177"}],"version-history":[{"count":0,"href":"https:\/\/multiblog.educacion.navarra.es\/acabreja\/wp-json\/wp\/v2\/pages\/177\/revisions"}],"up":[{"embeddable":true,"href":"https:\/\/multiblog.educacion.navarra.es\/acabreja\/wp-json\/wp\/v2\/pages\/132"}],"wp:attachment":[{"href":"https:\/\/multiblog.educacion.navarra.es\/acabreja\/wp-json\/wp\/v2\/media?parent=177"}],"curies":[{"name":"wp","href":"https:\/\/api.w.org\/{rel}","templated":true}]}}