


{"id":144,"date":"2014-12-18T11:14:42","date_gmt":"2014-12-18T11:14:42","guid":{"rendered":"http:\/\/multiblog.educacion.navarra.es\/acabreja\/?page_id=144"},"modified":"2014-12-18T12:22:08","modified_gmt":"2014-12-18T12:22:08","slug":"mama-tierra","status":"publish","type":"page","link":"https:\/\/multiblog.educacion.navarra.es\/acabreja\/ecosistemas\/mama-tierra\/","title":{"rendered":"MAMA TIERRA"},"content":{"rendered":"<p style=\"text-align: center\">Continuamos trabajando el medio ambiente a trav\u00e9s de la m\u00fasica, en esta ocasi\u00f3n se trata de la canci\u00f3n <em>Mama Tierra<\/em>\u00a0del cantante espa\u00f1ol Macaco.<\/p>\n<p style=\"text-align: center\">Tanto desde su faceta de compositor como a trav\u00e9s de muchas de sus iniciativas, Macaco siempre se \u00a0ha situado dentro del grupo de artistas comprometidos y solidarios con causas justas.<\/p>\n<p style=\"text-align: center\">En 2006 public\u00f3 su disco\u00a0<em>Ingravitto<\/em> en el que est\u00e1 incluido el tema\u00a0<em>Mama Tierra. <\/em>Posteriormente, en 2009, con motivo del D\u00eda Mundial de la Tierra, que se celebra el 22 de abril, el cantante uni\u00f3 sus fuerzas con\u00a0<em>National Geographic Channel<\/em> produciendo el v\u00eddeo cuyo enlace est\u00e1 m\u00e1s abajo.<\/p>\n<p style=\"text-align: left\">Fuente: <a href=\"http:\/\/los40.com\/los40\/2007\/04\/22\/actualidad\/1177192800_288383.html\">http:\/\/los40.com\/los40\/2007\/04\/22\/actualidad\/1177192800_288383.html<\/a><\/p>\n<p>&nbsp;<\/p>\n<p><iframe loading=\"lazy\" width=\"860\" height=\"645\" src=\"https:\/\/www.youtube.com\/embed\/I-m_D0brgYI?feature=oembed\" frameborder=\"0\" allow=\"accelerometer; autoplay; encrypted-media; gyroscope; picture-in-picture\" allowfullscreen><\/iframe><\/p>\n<p style=\"text-align: center\">Os invito a leer detenidamente la letra de la canci\u00f3n y a \u00a0reflexionar sobre el mensaje que nos transmite Macaco.<\/p>\n<p style=\"text-align: center\"><iframe src=\"\/\/docs.google.com\/viewer?url=http%3A%2F%2Fmultiblog.educacion.navarra.es%2Facabreja%2Ffiles%2F2014%2F12%2FLETRA-MAMA-TIERRA.doc&hl=es&embedded=true\" class=\"gde-frame\" style=\"width:100%; height:500px; border: none;\" scrolling=\"no\"><\/iframe>\n<p class=\"gde-text\"><a href=\"http:\/\/multiblog.educacion.navarra.es\/acabreja\/files\/2014\/12\/LETRA-MAMA-TIERRA.doc\" class=\"gde-link\">Descargar (DOC, Desconocido)<\/a><\/p><\/p>\n","protected":false},"excerpt":{"rendered":"<p>Continuamos trabajando el medio ambiente a trav\u00e9s de la m\u00fasica, en esta ocasi\u00f3n se trata de la canci\u00f3n Mama Tierra\u00a0del cantante espa\u00f1ol Macaco. Tanto desde su faceta de compositor como a trav\u00e9s de muchas de sus iniciativas, Macaco siempre se \u00a0ha situado dentro del grupo de artistas comprometidos y solidarios con causas justas. En 2006 public\u00f3 su disco\u00a0Ingravitto en el<\/p>\n","protected":false},"author":281,"featured_media":0,"parent":132,"menu_order":3,"comment_status":"open","ping_status":"open","template":"","meta":[],"_links":{"self":[{"href":"https:\/\/multiblog.educacion.navarra.es\/acabreja\/wp-json\/wp\/v2\/pages\/144"}],"collection":[{"href":"https:\/\/multiblog.educacion.navarra.es\/acabreja\/wp-json\/wp\/v2\/pages"}],"about":[{"href":"https:\/\/multiblog.educacion.navarra.es\/acabreja\/wp-json\/wp\/v2\/types\/page"}],"author":[{"embeddable":true,"href":"https:\/\/multiblog.educacion.navarra.es\/acabreja\/wp-json\/wp\/v2\/users\/281"}],"replies":[{"embeddable":true,"href":"https:\/\/multiblog.educacion.navarra.es\/acabreja\/wp-json\/wp\/v2\/comments?post=144"}],"version-history":[{"count":0,"href":"https:\/\/multiblog.educacion.navarra.es\/acabreja\/wp-json\/wp\/v2\/pages\/144\/revisions"}],"up":[{"embeddable":true,"href":"https:\/\/multiblog.educacion.navarra.es\/acabreja\/wp-json\/wp\/v2\/pages\/132"}],"wp:attachment":[{"href":"https:\/\/multiblog.educacion.navarra.es\/acabreja\/wp-json\/wp\/v2\/media?parent=144"}],"curies":[{"name":"wp","href":"https:\/\/api.w.org\/{rel}","templated":true}]}}