


{"id":137,"date":"2014-12-17T20:23:17","date_gmt":"2014-12-17T20:23:17","guid":{"rendered":"http:\/\/multiblog.educacion.navarra.es\/acabreja\/?page_id=137"},"modified":"2014-12-17T20:56:30","modified_gmt":"2014-12-17T20:56:30","slug":"wall-e","status":"publish","type":"page","link":"https:\/\/multiblog.educacion.navarra.es\/acabreja\/residuos\/wall-e\/","title":{"rendered":"WALL-E"},"content":{"rendered":"<p style=\"text-align: right\"><a href=\"http:\/\/multiblog.educacion.navarra.es\/acabreja\/files\/2014\/12\/wall-e1.jpg\"><img loading=\"lazy\" class=\"alignnone size-medium wp-image-140\" src=\"http:\/\/multiblog.educacion.navarra.es\/acabreja\/files\/2014\/12\/wall-e1-300x279.jpg\" alt=\"wall-e\" width=\"300\" height=\"279\" \/><\/a>Imagen tomada de:\u00a0http:\/\/disney.wikia.com\/wiki\/WALL-E_(character)<\/p>\n<p style=\"text-align: center\">Para terminar el trimestre, hemos trabajado Sonia Oca\u00f1a del departamento de Ingl\u00e9s y M. Ester Latorre del departamento de Ciencias Naturales, una pel\u00edcula. La pel\u00edcula elegida ha sido WALL-E, una pel\u00edcula de animaci\u00f3n, de Pixar, que trata varios temas de una manera muy amena: el problema de los residuos s\u00f3lidos urbanos, el consumismo compulsivo e incluso\u00a0los estereotipos hombre-mujer.<\/p>\n<p style=\"text-align: center\">Al igual que\u00a0en\u00a0la experiencia anterior (la canci\u00f3n earth song de Michael Jackson) el resultado ha sido muy bueno, el alumnado ha participado activamente y ha mostrado un gran inter\u00e9s por la problem\u00e1tica medioambiental que supone para nuestro planeta la generaci\u00f3n masiva de residuos y la dificultad de su reciclaje, reutilizaci\u00f3n o destrucci\u00f3n.<\/p>\n<p style=\"text-align: center\">El alumnado elegido para trabajar esta pel\u00edcula ha sido el de 3\u00ba y 4\u00ba de diversificaci\u00f3n curricular, pero no descartamos el utilizar este recurso en otros niveles.<\/p>\n<p style=\"text-align: center\">En el siguiente enlace os dejamos el trailer oficial de la pel\u00edcula en Estados Unidos y a continuaci\u00f3n el trailer \u00a0en Espa\u00f1a:<\/p>\n<p>&nbsp;<\/p>\n<p><iframe loading=\"lazy\" width=\"860\" height=\"484\" src=\"https:\/\/www.youtube.com\/embed\/8_X8N_SaU90?feature=oembed\" frameborder=\"0\" allow=\"accelerometer; autoplay; encrypted-media; gyroscope; picture-in-picture\" allowfullscreen><\/iframe><\/p>\n<p>&nbsp;<\/p>\n<p><iframe loading=\"lazy\" width=\"860\" height=\"484\" src=\"https:\/\/www.youtube.com\/embed\/4rDD3SccHxQ?feature=oembed\" frameborder=\"0\" allow=\"accelerometer; autoplay; encrypted-media; gyroscope; picture-in-picture\" allowfullscreen><\/iframe><\/p>\n<p style=\"text-align: center\">El registro de esta actividad est\u00e1 detallado en el siguiente documento:<\/p>\n<p style=\"text-align: center\">\n<div class=\"gde-error\">GDE Error: Error al recuperar el fichero. Si es necesario, desactiva la comprobaci\u00f3n de errores (404:Not Found)<\/div>\n<\/p>\n","protected":false},"excerpt":{"rendered":"<p>Imagen tomada de:\u00a0http:\/\/disney.wikia.com\/wiki\/WALL-E_(character) Para terminar el trimestre, hemos trabajado Sonia Oca\u00f1a del departamento de Ingl\u00e9s y M. Ester Latorre del departamento de Ciencias Naturales, una pel\u00edcula. La pel\u00edcula elegida ha sido WALL-E, una pel\u00edcula de animaci\u00f3n, de Pixar, que trata varios temas de una manera muy amena: el problema de los residuos s\u00f3lidos urbanos, el consumismo compulsivo e incluso\u00a0los estereotipos<\/p>\n","protected":false},"author":281,"featured_media":0,"parent":134,"menu_order":1,"comment_status":"open","ping_status":"open","template":"","meta":[],"_links":{"self":[{"href":"https:\/\/multiblog.educacion.navarra.es\/acabreja\/wp-json\/wp\/v2\/pages\/137"}],"collection":[{"href":"https:\/\/multiblog.educacion.navarra.es\/acabreja\/wp-json\/wp\/v2\/pages"}],"about":[{"href":"https:\/\/multiblog.educacion.navarra.es\/acabreja\/wp-json\/wp\/v2\/types\/page"}],"author":[{"embeddable":true,"href":"https:\/\/multiblog.educacion.navarra.es\/acabreja\/wp-json\/wp\/v2\/users\/281"}],"replies":[{"embeddable":true,"href":"https:\/\/multiblog.educacion.navarra.es\/acabreja\/wp-json\/wp\/v2\/comments?post=137"}],"version-history":[{"count":0,"href":"https:\/\/multiblog.educacion.navarra.es\/acabreja\/wp-json\/wp\/v2\/pages\/137\/revisions"}],"up":[{"embeddable":true,"href":"https:\/\/multiblog.educacion.navarra.es\/acabreja\/wp-json\/wp\/v2\/pages\/134"}],"wp:attachment":[{"href":"https:\/\/multiblog.educacion.navarra.es\/acabreja\/wp-json\/wp\/v2\/media?parent=137"}],"curies":[{"name":"wp","href":"https:\/\/api.w.org\/{rel}","templated":true}]}}