


{"id":118,"date":"2014-12-07T12:34:40","date_gmt":"2014-12-07T12:34:40","guid":{"rendered":"http:\/\/multiblog.educacion.navarra.es\/acabreja\/?page_id=118"},"modified":"2014-12-17T20:58:20","modified_gmt":"2014-12-17T20:58:20","slug":"going-green","status":"publish","type":"page","link":"https:\/\/multiblog.educacion.navarra.es\/acabreja\/ecosistemas\/going-green\/","title":{"rendered":"Going Green"},"content":{"rendered":"<p>El alumnado de 1\u00baAB est\u00e1 comprometido con el medio ambiente. En la asignatura de ingl\u00e9s, el grupo ha realizado unas fichas trabajando l\u00e9xico relacionado con la ecolog\u00eda. Posteriormente, estas cartulinas se utilizar\u00e1n para jugar a un bingo con el vocabulario que se ha visto.<\/p>\n<p>&nbsp;<\/p>\n<p><a href=\"http:\/\/multiblog.educacion.navarra.es\/acabreja\/files\/2014\/12\/Oscar.jpg\"><img loading=\"lazy\" class=\"alignnone size-medium wp-image-121\" src=\"http:\/\/multiblog.educacion.navarra.es\/acabreja\/files\/2014\/12\/Oscar-300x216.jpg\" alt=\"Oscar\" width=\"300\" height=\"216\" \/><\/a><a href=\"http:\/\/multiblog.educacion.navarra.es\/acabreja\/files\/2014\/12\/Samantha.jpg\"><img loading=\"lazy\" class=\"alignnone size-medium wp-image-122\" src=\"http:\/\/multiblog.educacion.navarra.es\/acabreja\/files\/2014\/12\/Samantha-300x216.jpg\" alt=\"Samantha\" width=\"300\" height=\"216\" \/><\/a><a href=\"http:\/\/multiblog.educacion.navarra.es\/acabreja\/files\/2014\/12\/Alifuceni.jpg\"><img loading=\"lazy\" class=\"alignnone size-medium wp-image-119\" src=\"http:\/\/multiblog.educacion.navarra.es\/acabreja\/files\/2014\/12\/Alifuceni-300x216.jpg\" alt=\"Alifuceni\" width=\"300\" height=\"216\" \/><\/a><a href=\"http:\/\/multiblog.educacion.navarra.es\/acabreja\/files\/2014\/12\/Victoria.jpg\"><img loading=\"lazy\" class=\"alignnone size-medium wp-image-124\" src=\"http:\/\/multiblog.educacion.navarra.es\/acabreja\/files\/2014\/12\/Victoria-300x216.jpg\" alt=\"Victoria\" width=\"300\" height=\"216\" \/><\/a><a href=\"http:\/\/multiblog.educacion.navarra.es\/acabreja\/files\/2014\/12\/Sofia.jpg\"><img loading=\"lazy\" class=\"alignnone size-medium wp-image-123\" src=\"http:\/\/multiblog.educacion.navarra.es\/acabreja\/files\/2014\/12\/Sofia-300x216.jpg\" alt=\"Sofia\" width=\"300\" height=\"216\" \/><\/a><a href=\"http:\/\/multiblog.educacion.navarra.es\/acabreja\/files\/2014\/12\/Leyre.jpg\"><img loading=\"lazy\" class=\"alignnone size-medium wp-image-120\" src=\"http:\/\/multiblog.educacion.navarra.es\/acabreja\/files\/2014\/12\/Leyre-300x216.jpg\" alt=\"Leyre\" width=\"300\" height=\"216\" \/><\/a><a href=\"http:\/\/multiblog.educacion.navarra.es\/acabreja\/files\/2014\/12\/foto-3.jpg\"><img loading=\"lazy\" class=\"alignnone size-medium wp-image-127\" src=\"http:\/\/multiblog.educacion.navarra.es\/acabreja\/files\/2014\/12\/foto-3-300x199.jpg\" alt=\"foto 3\" width=\"300\" height=\"199\" \/><\/a><a href=\"http:\/\/multiblog.educacion.navarra.es\/acabreja\/files\/2014\/12\/foto-2.jpg\"><img loading=\"lazy\" class=\"alignnone size-medium wp-image-126\" src=\"http:\/\/multiblog.educacion.navarra.es\/acabreja\/files\/2014\/12\/foto-2-300x199.jpg\" alt=\"foto 2\" width=\"300\" height=\"199\" \/><\/a><a href=\"http:\/\/multiblog.educacion.navarra.es\/acabreja\/files\/2014\/12\/foto-1.jpg\"><img loading=\"lazy\" class=\"alignnone size-medium wp-image-128\" src=\"http:\/\/multiblog.educacion.navarra.es\/acabreja\/files\/2014\/12\/foto-1-300x199.jpg\" alt=\"foto 1\" width=\"300\" height=\"199\" \/><\/a><\/p>\n","protected":false},"excerpt":{"rendered":"<p>El alumnado de 1\u00baAB est\u00e1 comprometido con el medio ambiente. En la asignatura de ingl\u00e9s, el grupo ha realizado unas fichas trabajando l\u00e9xico relacionado con la ecolog\u00eda. Posteriormente, estas cartulinas se utilizar\u00e1n para jugar a un bingo con el vocabulario que se ha visto. &nbsp;<\/p>\n","protected":false},"author":281,"featured_media":0,"parent":132,"menu_order":2,"comment_status":"open","ping_status":"open","template":"","meta":[],"_links":{"self":[{"href":"https:\/\/multiblog.educacion.navarra.es\/acabreja\/wp-json\/wp\/v2\/pages\/118"}],"collection":[{"href":"https:\/\/multiblog.educacion.navarra.es\/acabreja\/wp-json\/wp\/v2\/pages"}],"about":[{"href":"https:\/\/multiblog.educacion.navarra.es\/acabreja\/wp-json\/wp\/v2\/types\/page"}],"author":[{"embeddable":true,"href":"https:\/\/multiblog.educacion.navarra.es\/acabreja\/wp-json\/wp\/v2\/users\/281"}],"replies":[{"embeddable":true,"href":"https:\/\/multiblog.educacion.navarra.es\/acabreja\/wp-json\/wp\/v2\/comments?post=118"}],"version-history":[{"count":0,"href":"https:\/\/multiblog.educacion.navarra.es\/acabreja\/wp-json\/wp\/v2\/pages\/118\/revisions"}],"up":[{"embeddable":true,"href":"https:\/\/multiblog.educacion.navarra.es\/acabreja\/wp-json\/wp\/v2\/pages\/132"}],"wp:attachment":[{"href":"https:\/\/multiblog.educacion.navarra.es\/acabreja\/wp-json\/wp\/v2\/media?parent=118"}],"curies":[{"name":"wp","href":"https:\/\/api.w.org\/{rel}","templated":true}]}}